{"id":192,"date":"2022-09-23T07:18:23","date_gmt":"2022-09-23T07:18:23","guid":{"rendered":"https:\/\/hamburg-bauunternehmen.de\/?page_id=192"},"modified":"2022-09-23T07:21:01","modified_gmt":"2022-09-23T07:21:01","slug":"wandentfernung-hamburg","status":"publish","type":"page","link":"https:\/\/hamburg-bauunternehmen.de\/index.php\/wandentfernung-hamburg\/","title":{"rendered":"Wandentfernung Hamburg"},"content":{"rendered":"\t\t<div data-elementor-type=\"wp-page\" data-elementor-id=\"192\" class=\"elementor elementor-192\">\n\t\t\t\t\t\t\t\t\t<section class=\"elementor-section elementor-top-section elementor-element elementor-element-7e17c85 elementor-section-height-min-height da-child elementor-section-boxed elementor-section-height-default elementor-section-items-middle\" data-id=\"7e17c85\" data-element_type=\"section\" id=\"home\" data-settings=\"{&quot;background_background&quot;:&quot;classic&quot;}\">\n\t\t\t\t\t\t\t<div class=\"elementor-background-overlay\"><\/div>\n\t\t\t\t\t\t\t<div class=\"elementor-container elementor-column-gap-default\">\n\t\t\t\t\t<div class=\"elementor-column elementor-col-100 elementor-top-column elementor-element elementor-element-5d82992\" data-id=\"5d82992\" data-element_type=\"column\">\n\t\t\t<div class=\"elementor-widget-wrap elementor-element-populated\">\n\t\t\t\t\t\t\t\t<div class=\"elementor-element elementor-element-10add7f elementor-widget__width-auto elementor-widget elementor-widget-image\" data-id=\"10add7f\" data-element_type=\"widget\" data-widget_type=\"image.default\">\n\t\t\t\t<div class=\"elementor-widget-container\">\n\t\t\t<style>\/*! elementor - v3.15.0 - 20-08-2023 *\/\n.elementor-widget-image{text-align:center}.elementor-widget-image a{display:inline-block}.elementor-widget-image a img[src$=\".svg\"]{width:48px}.elementor-widget-image img{vertical-align:middle;display:inline-block}<\/style>\t\t\t\t\t\t\t\t\t\t\t\t<img loading=\"lazy\" decoding=\"async\" width=\"800\" height=\"69\" src=\"https:\/\/hamburg-bauunternehmen.de\/wp-content\/uploads\/2022\/07\/logo.png\" class=\"attachment-large size-large wp-image-61\" alt=\"\" srcset=\"https:\/\/hamburg-bauunternehmen.de\/wp-content\/uploads\/2022\/07\/logo.png 833w, https:\/\/hamburg-bauunternehmen.de\/wp-content\/uploads\/2022\/07\/logo-300x26.png 300w, https:\/\/hamburg-bauunternehmen.de\/wp-content\/uploads\/2022\/07\/logo-768x66.png 768w\" sizes=\"auto, (max-width: 800px) 100vw, 800px\" \/>\t\t\t\t\t\t\t\t\t\t\t\t\t\t\t<\/div>\n\t\t\t\t<\/div>\n\t\t\t\t<div class=\"elementor-element elementor-element-1fa7b5a elementor-widget elementor-widget-spacer\" data-id=\"1fa7b5a\" data-element_type=\"widget\" data-widget_type=\"spacer.default\">\n\t\t\t\t<div class=\"elementor-widget-container\">\n\t\t\t<style>\/*! elementor - v3.15.0 - 20-08-2023 *\/\n.elementor-column .elementor-spacer-inner{height:var(--spacer-size)}.e-con{--container-widget-width:100%}.e-con-inner>.elementor-widget-spacer,.e-con>.elementor-widget-spacer{width:var(--container-widget-width,var(--spacer-size));--align-self:var(--container-widget-align-self,initial);--flex-shrink:0}.e-con-inner>.elementor-widget-spacer>.elementor-widget-container,.e-con-inner>.elementor-widget-spacer>.elementor-widget-container>.elementor-spacer,.e-con>.elementor-widget-spacer>.elementor-widget-container,.e-con>.elementor-widget-spacer>.elementor-widget-container>.elementor-spacer{height:100%}.e-con-inner>.elementor-widget-spacer>.elementor-widget-container>.elementor-spacer>.elementor-spacer-inner,.e-con>.elementor-widget-spacer>.elementor-widget-container>.elementor-spacer>.elementor-spacer-inner{height:var(--container-widget-height,var(--spacer-size))}<\/style>\t\t<div class=\"elementor-spacer\">\n\t\t\t<div class=\"elementor-spacer-inner\"><\/div>\n\t\t<\/div>\n\t\t\t\t<\/div>\n\t\t\t\t<\/div>\n\t\t\t\t<div class=\"elementor-element elementor-element-18d49cf elementor-widget elementor-widget-heading\" data-id=\"18d49cf\" data-element_type=\"widget\" data-widget_type=\"heading.default\">\n\t\t\t\t<div class=\"elementor-widget-container\">\n\t\t\t<style>\/*! elementor - v3.15.0 - 20-08-2023 *\/\n.elementor-heading-title{padding:0;margin:0;line-height:1}.elementor-widget-heading .elementor-heading-title[class*=elementor-size-]>a{color:inherit;font-size:inherit;line-height:inherit}.elementor-widget-heading .elementor-heading-title.elementor-size-small{font-size:15px}.elementor-widget-heading .elementor-heading-title.elementor-size-medium{font-size:19px}.elementor-widget-heading .elementor-heading-title.elementor-size-large{font-size:29px}.elementor-widget-heading .elementor-heading-title.elementor-size-xl{font-size:39px}.elementor-widget-heading .elementor-heading-title.elementor-size-xxl{font-size:59px}<\/style><h2 class=\"elementor-heading-title elementor-size-default\">IHR BAUGESCH\u00c4FT IN NORDERSTEDT<\/h2>\t\t<\/div>\n\t\t\t\t<\/div>\n\t\t\t\t\t<\/div>\n\t\t<\/div>\n\t\t\t\t\t\t\t<\/div>\n\t\t<\/section>\n\t\t\t\t<section class=\"elementor-section elementor-top-section elementor-element elementor-element-231263c elementor-section-boxed elementor-section-height-default elementor-section-height-default\" data-id=\"231263c\" data-element_type=\"section\">\n\t\t\t\t\t\t<div class=\"elementor-container elementor-column-gap-default\">\n\t\t\t\t\t<div class=\"elementor-column elementor-col-100 elementor-top-column elementor-element elementor-element-6295403\" data-id=\"6295403\" data-element_type=\"column\">\n\t\t\t<div class=\"elementor-widget-wrap elementor-element-populated\">\n\t\t\t\t\t\t\t\t<div class=\"elementor-element elementor-element-3b90b65 elementor-widget elementor-widget-text-editor\" data-id=\"3b90b65\" data-element_type=\"widget\" data-widget_type=\"text-editor.default\">\n\t\t\t\t<div class=\"elementor-widget-container\">\n\t\t\t<style>\/*! elementor - v3.15.0 - 20-08-2023 *\/\n.elementor-widget-text-editor.elementor-drop-cap-view-stacked .elementor-drop-cap{background-color:#69727d;color:#fff}.elementor-widget-text-editor.elementor-drop-cap-view-framed .elementor-drop-cap{color:#69727d;border:3px solid;background-color:transparent}.elementor-widget-text-editor:not(.elementor-drop-cap-view-default) .elementor-drop-cap{margin-top:8px}.elementor-widget-text-editor:not(.elementor-drop-cap-view-default) .elementor-drop-cap-letter{width:1em;height:1em}.elementor-widget-text-editor .elementor-drop-cap{float:left;text-align:center;line-height:1;font-size:50px}.elementor-widget-text-editor .elementor-drop-cap-letter{display:inline-block}<\/style>\t\t\t\t<p><b>Wandentfernung Hamburg<\/b><\/p><p>\u00a0<\/p><div><div class=\"preview\">Wandentfernung\u00a0in\u00a0Hamburg\u00a0| Maurer- und Betonbaumeister Marco Schwebe<br \/><br \/>Eine Wand ist Ihnen im Weg und Sie denken \u00fcber eine\u00a0Wandentfernung\u00a0zur Raumvergr\u00f6\u00dferung nach? Als erfahrener Fachbetrieb sind wir Ihre starken Partner, wenn es um die professionelle und statisch einwandfreie\u00a0Wandentfernung\u00a0in\u00a0Hamburg\u00a0sowie in der Umgebung geht. Die Entfernung einer Wand sollte ausschlie\u00dflich vom Fachmann vorgenommen werden, da es sonst zu enormen Problemen und gar zur Einsturzgef\u00e4hrdung eines Hauses kommen kann. Wir wissen, welche W\u00e4nde tragend sind und wo eine\u00a0Wandentfernung\u00a0in\u00a0Hamburg\u00a0ohne Probleme m\u00f6glich ist. Kontaktieren Sie uns, wenn Sie ein derartiges Projekt planen oder wenn Sie andere Um- und Ausbauma\u00dfnahmen in Ihrem Zuhause vornehmen lassen m\u00f6chten.<br \/><br \/>Die\u00a0Wandentfernung\u00a0ist Vertrauenssache<br \/><br \/>Handelt es sich um eine tragende oder um eine rein raumtrennende Wand? Diese Frage l\u00e4sst sich f\u00fcr einen Laien oftmals nicht sicher beantworten. Tragende W\u00e4nde sollten im besten Fall stehen bleiben. Wenn die\u00a0Wandentfernung\u00a0ein dringender Herzenswunsch ist und die Bewohnbarkeit des Hauses in\u00a0Hamburg\u00a0nicht beeintr\u00e4chtigen soll, gibt es heute einige M\u00f6glichkeiten zur Unterst\u00fctzung der Statik. Wir beraten Sie gerne und kommen dazu am besten zu Ihnen nach\u00a0Hamburg, wo wir uns vor Ort ein Bild von den Tatsachen und Ihren Projektw\u00fcnschen machen. Teilen Sie uns Ihre Idee mit und wir pr\u00fcfen die Machbarkeit und die optimale Umsetzung. Wenn es um eine\u00a0Wandentfernung\u00a0geht, sollten Sie Kompromisse ausschlie\u00dfen und keinesfalls einfach loslegen. Bedenken Sie auch, dass ein Durchbruch oder eine\u00a0Wandentfernung\u00a0mit viel Staub verbunden ist. Allein aus diesem Grund sollten Sie einem Fachmann vertrauen und sich entspannt zur\u00fccklehnen, w\u00e4hrend wir Ihre Innenr\u00e4ume vergr\u00f6\u00dfern und in Ihrem Haus in\u00a0Hamburg\u00a0zusammenf\u00fchren, was f\u00fcr Sie zusammen geh\u00f6rt.<br \/><br \/>Herausforderung\u00a0Wandentfernung\u00a0im Altbau<br \/><br \/>Bewohnen Sie ein Fachwerkhaus in\u00a0Hamburg, erfordert die\u00a0Wandentfernung\u00a0ganz besondere Sorgfalt. Hier geht es nicht nur darum, eine Wand herauszunehmen, sondern da stehen Balken, die ebenfalls einen Einfluss auf das Raumgef\u00fchl nehmen. Als Experten wissen wir, welche Balken wir stehen lassen m\u00fcssen und welche Balken keine st\u00fctzende Funktion haben. Wir verf\u00fcgen \u00fcber die M\u00f6glichkeiten, die\u00a0Wandentfernung\u00a0bei tragenden W\u00e4nden und Balken vorzunehmen und eine ad\u00e4quate, statisch einwandfreie Abst\u00fctzung zu bauen. Unsere Kunden aus\u00a0Hamburg\u00a0und der Umgebung sch\u00e4tzen unsere Zuverl\u00e4ssigkeit, die Termineinhaltung und die Kompetenz, mit der wir bei der\u00a0Wandentfernung\u00a0vorgehen. Um Ihnen ein Angebot unterbreiten und Sie \u00fcber die Machbarkeit informieren zu k\u00f6nnen, verschaffen wir uns bei Ihnen Zuhause in\u00a0Hamburg\u00a0einen genauen Einblick in das Projekt. Zu diesem Termin k\u00f6nnen Sie alle Fragen stellen, Ihre Ideen \u00e4u\u00dfern und in Erfahrung bringen, mit welchen Kosten Ihr Projekt umsetzbar ist.<br \/><br \/>Profitieren Sie von unserer erstklassigen handwerklichen Ausf\u00fchrung und von unserer Beratungskompetenz. Wenn Sie in\u00a0Hamburg\u00a0Raumvergr\u00f6\u00dferungen durch eine\u00a0Wandentfernung\u00a0vornehmen m\u00f6chten, bieten wir Ihnen eine fachkundige Realisierung des Projekts. Die Bestandsaufnahme in Ihren eigenen vier W\u00e4nden in\u00a0Hamburg\u00a0ist der Grundstein, auf dem alle weiteren Schritte aufbauen. Lassen Sie uns \u00fcber Ihre Ideen sprechen und teilen Sie uns Ihre Vorstellungen zur neuen Raumoffenheit im Rahmen des Ortstermins bei Ihnen in\u00a0Hamburg\u00a0mit. Wir freuen uns darauf, Ihnen mehr Licht und mehr Lebensraum zu verschaffen.<\/div><\/div>\t\t\t\t\t\t<\/div>\n\t\t\t\t<\/div>\n\t\t\t\t\t<\/div>\n\t\t<\/div>\n\t\t\t\t\t\t\t<\/div>\n\t\t<\/section>\n\t\t\t\t\t\t\t<\/div>\n\t\t","protected":false},"excerpt":{"rendered":"<p>IHR BAUGESCH\u00c4FT IN NORDERSTEDT Wandentfernung Hamburg Wandentfernung&nbsp;in&nbsp;Hamburg&nbsp;| Maurer- und Betonbaumeister Marco Schwebe Eine Wand ist Ihnen im Weg und Sie denken \u00fcber eine&nbsp;Wandentfernung&nbsp;zur Raumvergr\u00f6\u00dferung nach? Als erfahrener Fachbetrieb sind wir Ihre starken Partner, wenn es um die professionelle und statisch einwandfreie&nbsp;Wandentfernung&nbsp;in&nbsp;Hamburg&nbsp;sowie in der Umgebung geht. Die Entfernung einer Wand sollte ausschlie\u00dflich vom Fachmann vorgenommen werden, [&hellip;]<\/p>\n","protected":false},"author":1,"featured_media":0,"parent":0,"menu_order":0,"comment_status":"closed","ping_status":"closed","template":"elementor_canvas","meta":{"_seopress_robots_primary_cat":"","footnotes":""},"class_list":["post-192","page","type-page","status-publish","hentry"],"_links":{"self":[{"href":"https:\/\/hamburg-bauunternehmen.de\/index.php\/wp-json\/wp\/v2\/pages\/192","targetHints":{"allow":["GET"]}}],"collection":[{"href":"https:\/\/hamburg-bauunternehmen.de\/index.php\/wp-json\/wp\/v2\/pages"}],"about":[{"href":"https:\/\/hamburg-bauunternehmen.de\/index.php\/wp-json\/wp\/v2\/types\/page"}],"author":[{"embeddable":true,"href":"https:\/\/hamburg-bauunternehmen.de\/index.php\/wp-json\/wp\/v2\/users\/1"}],"replies":[{"embeddable":true,"href":"https:\/\/hamburg-bauunternehmen.de\/index.php\/wp-json\/wp\/v2\/comments?post=192"}],"version-history":[{"count":5,"href":"https:\/\/hamburg-bauunternehmen.de\/index.php\/wp-json\/wp\/v2\/pages\/192\/revisions"}],"predecessor-version":[{"id":197,"href":"https:\/\/hamburg-bauunternehmen.de\/index.php\/wp-json\/wp\/v2\/pages\/192\/revisions\/197"}],"wp:attachment":[{"href":"https:\/\/hamburg-bauunternehmen.de\/index.php\/wp-json\/wp\/v2\/media?parent=192"}],"curies":[{"name":"wp","href":"https:\/\/api.w.org\/{rel}","templated":true}]}}