{"id":204,"date":"2022-09-23T07:23:32","date_gmt":"2022-09-23T07:23:32","guid":{"rendered":"https:\/\/hamburg-bauunternehmen.de\/?page_id=204"},"modified":"2022-09-23T07:24:20","modified_gmt":"2022-09-23T07:24:20","slug":"betonsanierung-hamburg","status":"publish","type":"page","link":"https:\/\/hamburg-bauunternehmen.de\/index.php\/betonsanierung-hamburg\/","title":{"rendered":"Betonsanierung Hamburg"},"content":{"rendered":"\t\t<div data-elementor-type=\"wp-page\" data-elementor-id=\"204\" class=\"elementor elementor-204\">\n\t\t\t\t\t\t\t\t\t<section class=\"elementor-section elementor-top-section elementor-element elementor-element-7e17c85 elementor-section-height-min-height da-child elementor-section-boxed elementor-section-height-default elementor-section-items-middle\" data-id=\"7e17c85\" data-element_type=\"section\" id=\"home\" data-settings=\"{&quot;background_background&quot;:&quot;classic&quot;}\">\n\t\t\t\t\t\t\t<div class=\"elementor-background-overlay\"><\/div>\n\t\t\t\t\t\t\t<div class=\"elementor-container elementor-column-gap-default\">\n\t\t\t\t\t<div class=\"elementor-column elementor-col-100 elementor-top-column elementor-element elementor-element-5d82992\" data-id=\"5d82992\" data-element_type=\"column\">\n\t\t\t<div class=\"elementor-widget-wrap elementor-element-populated\">\n\t\t\t\t\t\t\t\t<div class=\"elementor-element elementor-element-10add7f elementor-widget__width-auto elementor-widget elementor-widget-image\" data-id=\"10add7f\" data-element_type=\"widget\" data-widget_type=\"image.default\">\n\t\t\t\t<div class=\"elementor-widget-container\">\n\t\t\t<style>\/*! elementor - v3.15.0 - 20-08-2023 *\/\n.elementor-widget-image{text-align:center}.elementor-widget-image a{display:inline-block}.elementor-widget-image a img[src$=\".svg\"]{width:48px}.elementor-widget-image img{vertical-align:middle;display:inline-block}<\/style>\t\t\t\t\t\t\t\t\t\t\t\t<img loading=\"lazy\" decoding=\"async\" width=\"800\" height=\"69\" src=\"https:\/\/hamburg-bauunternehmen.de\/wp-content\/uploads\/2022\/07\/logo.png\" class=\"attachment-large size-large wp-image-61\" alt=\"\" srcset=\"https:\/\/hamburg-bauunternehmen.de\/wp-content\/uploads\/2022\/07\/logo.png 833w, https:\/\/hamburg-bauunternehmen.de\/wp-content\/uploads\/2022\/07\/logo-300x26.png 300w, https:\/\/hamburg-bauunternehmen.de\/wp-content\/uploads\/2022\/07\/logo-768x66.png 768w\" sizes=\"auto, (max-width: 800px) 100vw, 800px\" \/>\t\t\t\t\t\t\t\t\t\t\t\t\t\t\t<\/div>\n\t\t\t\t<\/div>\n\t\t\t\t<div class=\"elementor-element elementor-element-1fa7b5a elementor-widget elementor-widget-spacer\" data-id=\"1fa7b5a\" data-element_type=\"widget\" data-widget_type=\"spacer.default\">\n\t\t\t\t<div class=\"elementor-widget-container\">\n\t\t\t<style>\/*! elementor - v3.15.0 - 20-08-2023 *\/\n.elementor-column .elementor-spacer-inner{height:var(--spacer-size)}.e-con{--container-widget-width:100%}.e-con-inner>.elementor-widget-spacer,.e-con>.elementor-widget-spacer{width:var(--container-widget-width,var(--spacer-size));--align-self:var(--container-widget-align-self,initial);--flex-shrink:0}.e-con-inner>.elementor-widget-spacer>.elementor-widget-container,.e-con-inner>.elementor-widget-spacer>.elementor-widget-container>.elementor-spacer,.e-con>.elementor-widget-spacer>.elementor-widget-container,.e-con>.elementor-widget-spacer>.elementor-widget-container>.elementor-spacer{height:100%}.e-con-inner>.elementor-widget-spacer>.elementor-widget-container>.elementor-spacer>.elementor-spacer-inner,.e-con>.elementor-widget-spacer>.elementor-widget-container>.elementor-spacer>.elementor-spacer-inner{height:var(--container-widget-height,var(--spacer-size))}<\/style>\t\t<div class=\"elementor-spacer\">\n\t\t\t<div class=\"elementor-spacer-inner\"><\/div>\n\t\t<\/div>\n\t\t\t\t<\/div>\n\t\t\t\t<\/div>\n\t\t\t\t<div class=\"elementor-element elementor-element-18d49cf elementor-widget elementor-widget-heading\" data-id=\"18d49cf\" data-element_type=\"widget\" data-widget_type=\"heading.default\">\n\t\t\t\t<div class=\"elementor-widget-container\">\n\t\t\t<style>\/*! elementor - v3.15.0 - 20-08-2023 *\/\n.elementor-heading-title{padding:0;margin:0;line-height:1}.elementor-widget-heading .elementor-heading-title[class*=elementor-size-]>a{color:inherit;font-size:inherit;line-height:inherit}.elementor-widget-heading .elementor-heading-title.elementor-size-small{font-size:15px}.elementor-widget-heading .elementor-heading-title.elementor-size-medium{font-size:19px}.elementor-widget-heading .elementor-heading-title.elementor-size-large{font-size:29px}.elementor-widget-heading .elementor-heading-title.elementor-size-xl{font-size:39px}.elementor-widget-heading .elementor-heading-title.elementor-size-xxl{font-size:59px}<\/style><h2 class=\"elementor-heading-title elementor-size-default\">IHR BAUGESCH\u00c4FT IN NORDERSTEDT<\/h2>\t\t<\/div>\n\t\t\t\t<\/div>\n\t\t\t\t\t<\/div>\n\t\t<\/div>\n\t\t\t\t\t\t\t<\/div>\n\t\t<\/section>\n\t\t\t\t<section class=\"elementor-section elementor-top-section elementor-element elementor-element-231263c elementor-section-boxed elementor-section-height-default elementor-section-height-default\" data-id=\"231263c\" data-element_type=\"section\">\n\t\t\t\t\t\t<div class=\"elementor-container elementor-column-gap-default\">\n\t\t\t\t\t<div class=\"elementor-column elementor-col-100 elementor-top-column elementor-element elementor-element-6295403\" data-id=\"6295403\" data-element_type=\"column\">\n\t\t\t<div class=\"elementor-widget-wrap elementor-element-populated\">\n\t\t\t\t\t\t\t\t<div class=\"elementor-element elementor-element-3b90b65 elementor-widget elementor-widget-text-editor\" data-id=\"3b90b65\" data-element_type=\"widget\" data-widget_type=\"text-editor.default\">\n\t\t\t\t<div class=\"elementor-widget-container\">\n\t\t\t<style>\/*! elementor - v3.15.0 - 20-08-2023 *\/\n.elementor-widget-text-editor.elementor-drop-cap-view-stacked .elementor-drop-cap{background-color:#69727d;color:#fff}.elementor-widget-text-editor.elementor-drop-cap-view-framed .elementor-drop-cap{color:#69727d;border:3px solid;background-color:transparent}.elementor-widget-text-editor:not(.elementor-drop-cap-view-default) .elementor-drop-cap{margin-top:8px}.elementor-widget-text-editor:not(.elementor-drop-cap-view-default) .elementor-drop-cap-letter{width:1em;height:1em}.elementor-widget-text-editor .elementor-drop-cap{float:left;text-align:center;line-height:1;font-size:50px}.elementor-widget-text-editor .elementor-drop-cap-letter{display:inline-block}<\/style>\t\t\t\t<div id=\"text_highlighted\"><p><b>Betonsanierung Hamburg<\/b><\/p><br \/><div><div class=\"preview\">Betonsanierung\u00a0in\u00a0Hamburg\u00a0&#8211; Fachbetrieb mit jahrelanger Erfahrung<br \/><br \/>In privaten Geb\u00e4uden besteht heutzutage ein Gro\u00dfteil der Mauern und der Fu\u00dfb\u00f6den aus robustem und strapazierf\u00e4higem Sicht- oder Stahlbeton. Auch Beton kommt in die Jahre und muss in vielen F\u00e4llen fachgerecht saniert werden. Als Fachbetrieb mit Jahrelanger Erfahrung haben wir uns der\u00a0Betonsanierung\u00a0in\u00a0Hamburg\u00a0verschrieben. Nach einer unverbindlichen Beratung, Objektbegehung und Angebotserstellung setzen wir Ihre Betonmauern oder auch Fu\u00dfb\u00f6den instand. Jeder Schaden am Beton ist anders. F\u00fcr die\u00a0Betonsanierung\u00a0von Ihrem Haus in der Hansestadt\u00a0Hamburg\u00a0entwickeln wir daher ein spezielles Sanierungskonzept. Die Arbeiten in\u00a0Hamburg\u00a0werden ausschlie\u00dflich von unseren kompetenten, auf die\u00a0Betonsanierung\u00a0geschulten Mitarbeitern ausgef\u00fchrt und professionell erledigt.<br \/><br \/>Die\u00a0Betonsanierung\u00a0erh\u00e4lt den Wert von Geb\u00e4uden in\u00a0Hamburg\u00a0langfristig<br \/><br \/>Wenn Geb\u00e4ude in die Jahre kommen, macht sich die Materialerm\u00fcdung im Beton in vielen F\u00e4llen optisch bemerkbar. Die Oberfl\u00e4chen des Sicht- oder Stahlbetons haben oberfl\u00e4chliche und meist auch tiefer gehende Risse. Die tiefgehenden Risse im Beton k\u00f6nnen auch zum Rosten des Bewehrungsstahls f\u00fchren. Schuld an diesen Sch\u00e4den sind in der Regel verschiedene Umwelteinfl\u00fcsse, aber auch eine dauerhafte Materialbelastung. Maroder Beton kann mit den Jahren in Geb\u00e4uden daher auch zu einem Sicherheitsrisiko werden. Mit einer fachgerechten\u00a0Betonsanierung\u00a0machen Sie Ihr Wohnhaus in\u00a0Hamburg\u00a0wieder sicher. Gleichzeitig wird der Wert des Geb\u00e4udes in\u00a0Hamburg\u00a0durch die\u00a0Betonsanierung\u00a0erhalten. In vielen F\u00e4llen ist sogar eine Steigerung des Immobilienwerts m\u00f6glich.<br \/><br \/>Die\u00a0Betonsanierung\u00a0wird auch f\u00fcr Firmengeb\u00e4ude in\u00a0Hamburg\u00a0angeboten<br \/><br \/>Auch an Firmengeb\u00e4uden in\u00a0Hamburg\u00a0nagt oftmals der Zahn der Zeit. Wir \u00fcbernehmen die\u00a0Betonsanierung\u00a0selbstverst\u00e4ndlich auch f\u00fcr B\u00fcrogeb\u00e4ude, Produktions- und Lagerhallen. In diesen Geb\u00e4uden kommt es durch die andauernde Belastung oftmals noch viel fr\u00fcher zu Materialerm\u00fcdungen. Viele Sch\u00e4den am oder im Beton sind von au\u00dfen nicht immer sichtbar. Wir \u00fcberpr\u00fcfen den Zustand der W\u00e4nde und der Fu\u00dfb\u00f6den mit neuesten Methoden und Analyseverfahren den Zustand des Betons. Auch die Bewehrungen werden von uns \u00fcberpr\u00fcft. Nachdem der Schaden und die Schadensursache feststehen, erhalten Sie von uns ein unverbindliches Angebot. F\u00fcr Ihr Firmengeb\u00e4ude in\u00a0Hamburg\u00a0erarbeiten wir dann die richtige Instandsetzungsma\u00dfnahme. Unsere Mitarbeiter f\u00fchren die\u00a0Betonsanierung\u00a0schnell, sauber und zum vereinbarten Termin aus.<br \/><br \/>Mit einer\u00a0Betonsanierung\u00a0bleiben die Eigenschaften des Betons viele Jahre bestehen<br \/><br \/>Als Immobilienbesitzer in\u00a0Hamburg, ganz gleich ob Sie ein Privat- oder Firmengeb\u00e4ude haben, sollten Sie im Falle einer n\u00f6tigen\u00a0Betonsanierung\u00a0keine Kompromisse eingehen. Vor allem sollten Sie nicht abwarten, bis die Sch\u00e4den im Beton sichtbar sind. Unser Team kann dank jahrelanger Erfahrung und modernster Ger\u00e4te auch Sch\u00e4den erkennen, die noch nicht sichtbar sind. Mit innovativen Reparatur- und Sanierungsmethoden stellen wir sicher, dass die positiven Eigenschaften des Betons lange bestehen bleiben und die Bewehrung danach wieder f\u00fcr viele Jahre gesch\u00fctzt ist. Vereinbaren Sie f\u00fcr die\u00a0Betonsanierung\u00a0in\u00a0Hamburg\u00a0einfach einen Termin mit uns. Unsere Fachleute beraten Sie gerne im Voraus und kl\u00e4ren Sie \u00fcber die anstehenden Arbeiten auf. Wie schon erw\u00e4hnt ist die Objektbegehung und Angebotserstellung f\u00fcr eine\u00a0Betonsanierung\u00a0in\u00a0Hamburg\u00a0stets unverbindlich.<\/div><\/div><\/div>\t\t\t\t\t\t<\/div>\n\t\t\t\t<\/div>\n\t\t\t\t\t<\/div>\n\t\t<\/div>\n\t\t\t\t\t\t\t<\/div>\n\t\t<\/section>\n\t\t\t\t\t\t\t<\/div>\n\t\t","protected":false},"excerpt":{"rendered":"","protected":false},"author":1,"featured_media":0,"parent":0,"menu_order":0,"comment_status":"closed","ping_status":"closed","template":"elementor_canvas","meta":{"_seopress_robots_primary_cat":"","footnotes":""},"class_list":["post-204","page","type-page","status-publish","hentry"],"_links":{"self":[{"href":"https:\/\/hamburg-bauunternehmen.de\/index.php\/wp-json\/wp\/v2\/pages\/204","targetHints":{"allow":["GET"]}}],"collection":[{"href":"https:\/\/hamburg-bauunternehmen.de\/index.php\/wp-json\/wp\/v2\/pages"}],"about":[{"href":"https:\/\/hamburg-bauunternehmen.de\/index.php\/wp-json\/wp\/v2\/types\/page"}],"author":[{"embeddable":true,"href":"https:\/\/hamburg-bauunternehmen.de\/index.php\/wp-json\/wp\/v2\/users\/1"}],"replies":[{"embeddable":true,"href":"https:\/\/hamburg-bauunternehmen.de\/index.php\/wp-json\/wp\/v2\/comments?post=204"}],"version-history":[{"count":5,"href":"https:\/\/hamburg-bauunternehmen.de\/index.php\/wp-json\/wp\/v2\/pages\/204\/revisions"}],"predecessor-version":[{"id":209,"href":"https:\/\/hamburg-bauunternehmen.de\/index.php\/wp-json\/wp\/v2\/pages\/204\/revisions\/209"}],"wp:attachment":[{"href":"https:\/\/hamburg-bauunternehmen.de\/index.php\/wp-json\/wp\/v2\/media?parent=204"}],"curies":[{"name":"wp","href":"https:\/\/api.w.org\/{rel}","templated":true}]}}