{"id":210,"date":"2022-09-23T07:24:30","date_gmt":"2022-09-23T07:24:30","guid":{"rendered":"https:\/\/hamburg-bauunternehmen.de\/?page_id=210"},"modified":"2022-09-23T07:25:08","modified_gmt":"2022-09-23T07:25:08","slug":"abdichtungen-keller-wande-hamburg","status":"publish","type":"page","link":"https:\/\/hamburg-bauunternehmen.de\/index.php\/abdichtungen-keller-wande-hamburg\/","title":{"rendered":"Abdichtungen Keller\/ W\u00e4nde Hamburg"},"content":{"rendered":"\t\t<div data-elementor-type=\"wp-page\" data-elementor-id=\"210\" class=\"elementor elementor-210\">\n\t\t\t\t\t\t\t\t\t<section class=\"elementor-section elementor-top-section elementor-element elementor-element-7e17c85 elementor-section-height-min-height da-child elementor-section-boxed elementor-section-height-default elementor-section-items-middle\" data-id=\"7e17c85\" data-element_type=\"section\" id=\"home\" data-settings=\"{&quot;background_background&quot;:&quot;classic&quot;}\">\n\t\t\t\t\t\t\t<div class=\"elementor-background-overlay\"><\/div>\n\t\t\t\t\t\t\t<div class=\"elementor-container elementor-column-gap-default\">\n\t\t\t\t\t<div class=\"elementor-column elementor-col-100 elementor-top-column elementor-element elementor-element-5d82992\" data-id=\"5d82992\" data-element_type=\"column\">\n\t\t\t<div class=\"elementor-widget-wrap elementor-element-populated\">\n\t\t\t\t\t\t\t\t<div class=\"elementor-element elementor-element-10add7f elementor-widget__width-auto elementor-widget elementor-widget-image\" data-id=\"10add7f\" data-element_type=\"widget\" data-widget_type=\"image.default\">\n\t\t\t\t<div class=\"elementor-widget-container\">\n\t\t\t<style>\/*! elementor - v3.15.0 - 20-08-2023 *\/\n.elementor-widget-image{text-align:center}.elementor-widget-image a{display:inline-block}.elementor-widget-image a img[src$=\".svg\"]{width:48px}.elementor-widget-image img{vertical-align:middle;display:inline-block}<\/style>\t\t\t\t\t\t\t\t\t\t\t\t<img loading=\"lazy\" decoding=\"async\" width=\"800\" height=\"69\" src=\"https:\/\/hamburg-bauunternehmen.de\/wp-content\/uploads\/2022\/07\/logo.png\" class=\"attachment-large size-large wp-image-61\" alt=\"\" srcset=\"https:\/\/hamburg-bauunternehmen.de\/wp-content\/uploads\/2022\/07\/logo.png 833w, https:\/\/hamburg-bauunternehmen.de\/wp-content\/uploads\/2022\/07\/logo-300x26.png 300w, https:\/\/hamburg-bauunternehmen.de\/wp-content\/uploads\/2022\/07\/logo-768x66.png 768w\" sizes=\"auto, (max-width: 800px) 100vw, 800px\" \/>\t\t\t\t\t\t\t\t\t\t\t\t\t\t\t<\/div>\n\t\t\t\t<\/div>\n\t\t\t\t<div class=\"elementor-element elementor-element-1fa7b5a elementor-widget elementor-widget-spacer\" data-id=\"1fa7b5a\" data-element_type=\"widget\" data-widget_type=\"spacer.default\">\n\t\t\t\t<div class=\"elementor-widget-container\">\n\t\t\t<style>\/*! elementor - v3.15.0 - 20-08-2023 *\/\n.elementor-column .elementor-spacer-inner{height:var(--spacer-size)}.e-con{--container-widget-width:100%}.e-con-inner>.elementor-widget-spacer,.e-con>.elementor-widget-spacer{width:var(--container-widget-width,var(--spacer-size));--align-self:var(--container-widget-align-self,initial);--flex-shrink:0}.e-con-inner>.elementor-widget-spacer>.elementor-widget-container,.e-con-inner>.elementor-widget-spacer>.elementor-widget-container>.elementor-spacer,.e-con>.elementor-widget-spacer>.elementor-widget-container,.e-con>.elementor-widget-spacer>.elementor-widget-container>.elementor-spacer{height:100%}.e-con-inner>.elementor-widget-spacer>.elementor-widget-container>.elementor-spacer>.elementor-spacer-inner,.e-con>.elementor-widget-spacer>.elementor-widget-container>.elementor-spacer>.elementor-spacer-inner{height:var(--container-widget-height,var(--spacer-size))}<\/style>\t\t<div class=\"elementor-spacer\">\n\t\t\t<div class=\"elementor-spacer-inner\"><\/div>\n\t\t<\/div>\n\t\t\t\t<\/div>\n\t\t\t\t<\/div>\n\t\t\t\t<div class=\"elementor-element elementor-element-18d49cf elementor-widget elementor-widget-heading\" data-id=\"18d49cf\" data-element_type=\"widget\" data-widget_type=\"heading.default\">\n\t\t\t\t<div class=\"elementor-widget-container\">\n\t\t\t<style>\/*! elementor - v3.15.0 - 20-08-2023 *\/\n.elementor-heading-title{padding:0;margin:0;line-height:1}.elementor-widget-heading .elementor-heading-title[class*=elementor-size-]>a{color:inherit;font-size:inherit;line-height:inherit}.elementor-widget-heading .elementor-heading-title.elementor-size-small{font-size:15px}.elementor-widget-heading .elementor-heading-title.elementor-size-medium{font-size:19px}.elementor-widget-heading .elementor-heading-title.elementor-size-large{font-size:29px}.elementor-widget-heading .elementor-heading-title.elementor-size-xl{font-size:39px}.elementor-widget-heading .elementor-heading-title.elementor-size-xxl{font-size:59px}<\/style><h2 class=\"elementor-heading-title elementor-size-default\">IHR BAUGESCH\u00c4FT IN NORDERSTEDT<\/h2>\t\t<\/div>\n\t\t\t\t<\/div>\n\t\t\t\t\t<\/div>\n\t\t<\/div>\n\t\t\t\t\t\t\t<\/div>\n\t\t<\/section>\n\t\t\t\t<section class=\"elementor-section elementor-top-section elementor-element elementor-element-231263c elementor-section-boxed elementor-section-height-default elementor-section-height-default\" data-id=\"231263c\" data-element_type=\"section\">\n\t\t\t\t\t\t<div class=\"elementor-container elementor-column-gap-default\">\n\t\t\t\t\t<div class=\"elementor-column elementor-col-100 elementor-top-column elementor-element elementor-element-6295403\" data-id=\"6295403\" data-element_type=\"column\">\n\t\t\t<div class=\"elementor-widget-wrap elementor-element-populated\">\n\t\t\t\t\t\t\t\t<div class=\"elementor-element elementor-element-3b90b65 elementor-widget elementor-widget-text-editor\" data-id=\"3b90b65\" data-element_type=\"widget\" data-widget_type=\"text-editor.default\">\n\t\t\t\t<div class=\"elementor-widget-container\">\n\t\t\t<style>\/*! elementor - v3.15.0 - 20-08-2023 *\/\n.elementor-widget-text-editor.elementor-drop-cap-view-stacked .elementor-drop-cap{background-color:#69727d;color:#fff}.elementor-widget-text-editor.elementor-drop-cap-view-framed .elementor-drop-cap{color:#69727d;border:3px solid;background-color:transparent}.elementor-widget-text-editor:not(.elementor-drop-cap-view-default) .elementor-drop-cap{margin-top:8px}.elementor-widget-text-editor:not(.elementor-drop-cap-view-default) .elementor-drop-cap-letter{width:1em;height:1em}.elementor-widget-text-editor .elementor-drop-cap{float:left;text-align:center;line-height:1;font-size:50px}.elementor-widget-text-editor .elementor-drop-cap-letter{display:inline-block}<\/style>\t\t\t\t<p><b>Abdichtungen Keller\/ W\u00e4nde Hamburg<\/b><\/p><p>\u00a0<\/p><div><div class=\"preview\">Abdichtungen\u00a0f\u00fcr feuchte\u00a0Keller\u00a0&#8211; Ihr Profi in\u00a0Hamburg\u00a0hilft gerne weiter<br \/><br \/>Feuchtigkeit in Kellerr\u00e4umen macht sich fast immer durch einen muffigen Geruch, hohe Luftfeuchtigkeit, Schimmel oder auch Salpeterausbl\u00fchungen bemerkbar. Durch diese Feuchtigkeit, die aus dem\u00a0Keller\u00a0kommt, leidet das gesamte Wohnklima des Hauses. Bildet sich in den Kellerr\u00e4umen Schimmel, kommt es zus\u00e4tzlich zu einer Gesundheitsgef\u00e4hrdung, die f\u00fcr Kinder und Erwachsene langfristige Folgen haben kann. Der Fehler liegt fast immer an den\u00a0Abdichtungen\u00a0im Au\u00dfenbereich. Die\u00a0Abdichtungen\u00a0sind entweder veraltet oder defekt. Wurde beim Bau nicht korrekt gearbeitet, wurde vielleicht auch keine Dichtung eingesetzt. Die defekte oder fehlende Abdichtung nennt sich Horizontalsperre. Ist diese Sperre defekt, steigt das Wasser in den Kapillaren des Mauerwerks auf und dr\u00fcckt nach innen. Das Ergebnis sind feuchte, meist schwitzende W\u00e4nde, die durch die fehlende L\u00fcftung im\u00a0Keller\u00a0recht schnell zu einer Schimmelbildung f\u00fchren. Wir sind f\u00fcr diese\u00a0Abdichtungen\u00a0im\u00a0Keller\u00a0der Fachmann f\u00fcr\u00a0Hamburg\u00a0und die Umgebung und \u00fcbernehmen die Sanierung gerne.<br \/><br \/>Als Profi aus\u00a0Hamburg\u00a0\u00fcbernehmen wir auch den Tausch von Horizontalsperren<br \/><br \/>Wo es eine Vertikalsperre f\u00fcr eindringende Feuchtigkeit gibt, ist in der Regel auch eine Horizontalsperre eingebaut. Diese Art von\u00a0Abdichtungen\u00a0ersetzen wir f\u00fcr Ihr Geb\u00e4ude in\u00a0Hamburg\u00a0selbstverst\u00e4ndlich auch. Zum Tauschen oder Reparieren dieser\u00a0Abdichtungen\u00a0muss das Erdreich um das Haus abgetragen werden. Es folgt danach eine fachgerechte Abdichtung unter Ber\u00fccksichtigung der Standsicherheitsanforderungen. Dadurch wird zum Beispiel die Grundbruchgefahr verhindert. Sie k\u00f6nnen sich darauf verlassen, dass der\u00a0Keller\u00a0Ihres Hauses in\u00a0Hamburg\u00a0danach absolut dicht ist.<br \/><br \/>Wasser und Feuchtigkeit in Kellern kommt auch durch Grundwasser in Kellerr\u00e4ume<br \/><br \/>Der Grund f\u00fcr Feuchtigkeit in Ihren Kellerr\u00e4umen kann auch ein hoher Grundwasserspiegel sein. Besonders nach starkem Regen oder wenn Sie in\u00a0Hamburg\u00a0in der N\u00e4he eines Flusses wohnen, steigt der Grundwasserspiegel oftmals stark an. Durch den hohen Druck dr\u00fcckt das Wasser in vielen Geb\u00e4uden nicht nur durch das Mauerwerk. Auch die\u00a0Abdichtungen\u00a0im Bereich des Boden-Wandabschlusses sind in vielen F\u00e4llen betroffen. Das eindringende Wasser kann sogar zur Pf\u00fctzenbildung im\u00a0Keller\u00a0f\u00fchren. Auch f\u00fcr diese Sch\u00e4den in Ihren Kellerr\u00e4umen bieten wir Ihnen innovative L\u00f6sungen an. Als Spezialist aus\u00a0Hamburg\u00a0haben wir langj\u00e4hrige Erfahrung in der Abdichtungs- und Injektionstechnik. Sprechen Sie uns an und vereinbaren Sie einen Termin mit uns.<br \/><br \/>Abdichtungen\u00a0f\u00fcr\u00a0Keller\u00a0sind auch f\u00fcr Gewerbe- und Handwerksbetriebe in\u00a0Hamburg\u00a0m\u00f6glich<br \/><br \/>Selbstverst\u00e4ndlich erneuern wir nicht nur die\u00a0Abdichtungen\u00a0in Privatgeb\u00e4uden. Auch die\u00a0Keller\u00a0in B\u00fcrogeb\u00e4uden, Produktionsst\u00e4tten und Lagerhallen in\u00a0Hamburg\u00a0dichten wir gerne f\u00fcr Sie ab. Durch unsere Arbeit verhindern wir langfristige Sch\u00e4den an der Bausubstanz und die Bildung von gesundheitsbedrohlichem Schimmel. Die Kellerr\u00e4ume sind nach dem Abdichten wieder voll einsatzf\u00e4hig und k\u00f6nnen von Ihnen wieder als Produktionsst\u00e4tte oder auch als Lagerraum in\u00a0Hamburg\u00a0genutzt werden. Bevor wir die W\u00e4nde in Ihrem\u00a0Keller\u00a0mit neuen\u00a0Abdichtungen\u00a0versehen, f\u00fchren unsere Experten eine Problemanalyse durch und entscheiden dann, wie der Raum saniert wird. Sie k\u00f6nnen sich stets darauf verlassen, dass die Kellerr\u00e4ume nach der Abdichtung trocken sind und keine weiteren Sch\u00e4den auftreten.<\/div><\/div>\t\t\t\t\t\t<\/div>\n\t\t\t\t<\/div>\n\t\t\t\t\t<\/div>\n\t\t<\/div>\n\t\t\t\t\t\t\t<\/div>\n\t\t<\/section>\n\t\t\t\t\t\t\t<\/div>\n\t\t","protected":false},"excerpt":{"rendered":"<p>IHR BAUGESCH\u00c4FT IN NORDERSTEDT Wandentfernung Hamburg Wandentfernung&nbsp;in&nbsp;Hamburg&nbsp;| Maurer- und Betonbaumeister Marco Schwebe Eine Wand ist Ihnen im Weg und Sie denken \u00fcber eine&nbsp;Wandentfernung&nbsp;zur Raumvergr\u00f6\u00dferung nach? Als erfahrener Fachbetrieb sind wir Ihre starken Partner, wenn es um die professionelle und statisch einwandfreie&nbsp;Wandentfernung&nbsp;in&nbsp;Hamburg&nbsp;sowie in der Umgebung geht. Die Entfernung einer Wand sollte ausschlie\u00dflich vom Fachmann vorgenommen werden, [&hellip;]<\/p>\n","protected":false},"author":1,"featured_media":0,"parent":0,"menu_order":0,"comment_status":"closed","ping_status":"closed","template":"elementor_canvas","meta":{"_seopress_robots_primary_cat":"","footnotes":""},"class_list":["post-210","page","type-page","status-publish","hentry"],"_links":{"self":[{"href":"https:\/\/hamburg-bauunternehmen.de\/index.php\/wp-json\/wp\/v2\/pages\/210","targetHints":{"allow":["GET"]}}],"collection":[{"href":"https:\/\/hamburg-bauunternehmen.de\/index.php\/wp-json\/wp\/v2\/pages"}],"about":[{"href":"https:\/\/hamburg-bauunternehmen.de\/index.php\/wp-json\/wp\/v2\/types\/page"}],"author":[{"embeddable":true,"href":"https:\/\/hamburg-bauunternehmen.de\/index.php\/wp-json\/wp\/v2\/users\/1"}],"replies":[{"embeddable":true,"href":"https:\/\/hamburg-bauunternehmen.de\/index.php\/wp-json\/wp\/v2\/comments?post=210"}],"version-history":[{"count":5,"href":"https:\/\/hamburg-bauunternehmen.de\/index.php\/wp-json\/wp\/v2\/pages\/210\/revisions"}],"predecessor-version":[{"id":215,"href":"https:\/\/hamburg-bauunternehmen.de\/index.php\/wp-json\/wp\/v2\/pages\/210\/revisions\/215"}],"wp:attachment":[{"href":"https:\/\/hamburg-bauunternehmen.de\/index.php\/wp-json\/wp\/v2\/media?parent=210"}],"curies":[{"name":"wp","href":"https:\/\/api.w.org\/{rel}","templated":true}]}}