{"id":240,"date":"2022-11-21T08:36:08","date_gmt":"2022-11-21T08:36:08","guid":{"rendered":"https:\/\/hamburg-bauunternehmen.de\/?page_id=240"},"modified":"2022-11-21T08:36:42","modified_gmt":"2022-11-21T08:36:42","slug":"balkonsanierung-hamburg","status":"publish","type":"page","link":"https:\/\/hamburg-bauunternehmen.de\/index.php\/balkonsanierung-hamburg\/","title":{"rendered":"<strong>Fliesenarbeiten Hamburg<\/strong>"},"content":{"rendered":"\t\t<div data-elementor-type=\"wp-page\" data-elementor-id=\"240\" class=\"elementor elementor-240\">\n\t\t\t\t\t\t\t\t\t<section class=\"elementor-section elementor-top-section elementor-element elementor-element-7e17c85 elementor-section-height-min-height da-child elementor-section-boxed elementor-section-height-default elementor-section-items-middle\" data-id=\"7e17c85\" data-element_type=\"section\" id=\"home\" data-settings=\"{&quot;background_background&quot;:&quot;classic&quot;}\">\n\t\t\t\t\t\t\t<div class=\"elementor-background-overlay\"><\/div>\n\t\t\t\t\t\t\t<div class=\"elementor-container elementor-column-gap-default\">\n\t\t\t\t\t<div class=\"elementor-column elementor-col-100 elementor-top-column elementor-element elementor-element-5d82992\" data-id=\"5d82992\" data-element_type=\"column\">\n\t\t\t<div class=\"elementor-widget-wrap elementor-element-populated\">\n\t\t\t\t\t\t\t\t<div class=\"elementor-element elementor-element-10add7f elementor-widget__width-auto elementor-widget elementor-widget-image\" data-id=\"10add7f\" data-element_type=\"widget\" data-widget_type=\"image.default\">\n\t\t\t\t<div class=\"elementor-widget-container\">\n\t\t\t<style>\/*! elementor - v3.15.0 - 20-08-2023 *\/\n.elementor-widget-image{text-align:center}.elementor-widget-image a{display:inline-block}.elementor-widget-image a img[src$=\".svg\"]{width:48px}.elementor-widget-image img{vertical-align:middle;display:inline-block}<\/style>\t\t\t\t\t\t\t\t\t\t\t\t<img loading=\"lazy\" decoding=\"async\" width=\"800\" height=\"69\" src=\"https:\/\/hamburg-bauunternehmen.de\/wp-content\/uploads\/2022\/07\/logo.png\" class=\"attachment-large size-large wp-image-61\" alt=\"\" srcset=\"https:\/\/hamburg-bauunternehmen.de\/wp-content\/uploads\/2022\/07\/logo.png 833w, https:\/\/hamburg-bauunternehmen.de\/wp-content\/uploads\/2022\/07\/logo-300x26.png 300w, https:\/\/hamburg-bauunternehmen.de\/wp-content\/uploads\/2022\/07\/logo-768x66.png 768w\" sizes=\"auto, (max-width: 800px) 100vw, 800px\" \/>\t\t\t\t\t\t\t\t\t\t\t\t\t\t\t<\/div>\n\t\t\t\t<\/div>\n\t\t\t\t<div class=\"elementor-element elementor-element-1fa7b5a elementor-widget elementor-widget-spacer\" data-id=\"1fa7b5a\" data-element_type=\"widget\" data-widget_type=\"spacer.default\">\n\t\t\t\t<div class=\"elementor-widget-container\">\n\t\t\t<style>\/*! elementor - v3.15.0 - 20-08-2023 *\/\n.elementor-column .elementor-spacer-inner{height:var(--spacer-size)}.e-con{--container-widget-width:100%}.e-con-inner>.elementor-widget-spacer,.e-con>.elementor-widget-spacer{width:var(--container-widget-width,var(--spacer-size));--align-self:var(--container-widget-align-self,initial);--flex-shrink:0}.e-con-inner>.elementor-widget-spacer>.elementor-widget-container,.e-con-inner>.elementor-widget-spacer>.elementor-widget-container>.elementor-spacer,.e-con>.elementor-widget-spacer>.elementor-widget-container,.e-con>.elementor-widget-spacer>.elementor-widget-container>.elementor-spacer{height:100%}.e-con-inner>.elementor-widget-spacer>.elementor-widget-container>.elementor-spacer>.elementor-spacer-inner,.e-con>.elementor-widget-spacer>.elementor-widget-container>.elementor-spacer>.elementor-spacer-inner{height:var(--container-widget-height,var(--spacer-size))}<\/style>\t\t<div class=\"elementor-spacer\">\n\t\t\t<div class=\"elementor-spacer-inner\"><\/div>\n\t\t<\/div>\n\t\t\t\t<\/div>\n\t\t\t\t<\/div>\n\t\t\t\t<div class=\"elementor-element elementor-element-18d49cf elementor-widget elementor-widget-heading\" data-id=\"18d49cf\" data-element_type=\"widget\" data-widget_type=\"heading.default\">\n\t\t\t\t<div class=\"elementor-widget-container\">\n\t\t\t<style>\/*! elementor - v3.15.0 - 20-08-2023 *\/\n.elementor-heading-title{padding:0;margin:0;line-height:1}.elementor-widget-heading .elementor-heading-title[class*=elementor-size-]>a{color:inherit;font-size:inherit;line-height:inherit}.elementor-widget-heading .elementor-heading-title.elementor-size-small{font-size:15px}.elementor-widget-heading .elementor-heading-title.elementor-size-medium{font-size:19px}.elementor-widget-heading .elementor-heading-title.elementor-size-large{font-size:29px}.elementor-widget-heading .elementor-heading-title.elementor-size-xl{font-size:39px}.elementor-widget-heading .elementor-heading-title.elementor-size-xxl{font-size:59px}<\/style><h2 class=\"elementor-heading-title elementor-size-default\">IHR BAUGESCH\u00c4FT IN NORDERSTEDT<\/h2>\t\t<\/div>\n\t\t\t\t<\/div>\n\t\t\t\t\t<\/div>\n\t\t<\/div>\n\t\t\t\t\t\t\t<\/div>\n\t\t<\/section>\n\t\t\t\t<section class=\"elementor-section elementor-top-section elementor-element elementor-element-231263c elementor-section-boxed elementor-section-height-default elementor-section-height-default\" data-id=\"231263c\" data-element_type=\"section\">\n\t\t\t\t\t\t<div class=\"elementor-container elementor-column-gap-default\">\n\t\t\t\t\t<div class=\"elementor-column elementor-col-100 elementor-top-column elementor-element elementor-element-6295403\" data-id=\"6295403\" data-element_type=\"column\">\n\t\t\t<div class=\"elementor-widget-wrap elementor-element-populated\">\n\t\t\t\t\t\t\t\t<div class=\"elementor-element elementor-element-3b90b65 elementor-widget elementor-widget-text-editor\" data-id=\"3b90b65\" data-element_type=\"widget\" data-widget_type=\"text-editor.default\">\n\t\t\t\t<div class=\"elementor-widget-container\">\n\t\t\t<style>\/*! elementor - v3.15.0 - 20-08-2023 *\/\n.elementor-widget-text-editor.elementor-drop-cap-view-stacked .elementor-drop-cap{background-color:#69727d;color:#fff}.elementor-widget-text-editor.elementor-drop-cap-view-framed .elementor-drop-cap{color:#69727d;border:3px solid;background-color:transparent}.elementor-widget-text-editor:not(.elementor-drop-cap-view-default) .elementor-drop-cap{margin-top:8px}.elementor-widget-text-editor:not(.elementor-drop-cap-view-default) .elementor-drop-cap-letter{width:1em;height:1em}.elementor-widget-text-editor .elementor-drop-cap{float:left;text-align:center;line-height:1;font-size:50px}.elementor-widget-text-editor .elementor-drop-cap-letter{display:inline-block}<\/style>\t\t\t\t<p><b>Fliesenarbeiten Hamburg<\/b><\/p><p>\u00a0<\/p><div><div class=\"preview\">Auf der Suche nach einem professionellen Partner f\u00fcr hochwertige\u00a0Fliesenarbeiten\u00a0in\u00a0Hamburg\u00a0und Umgebung haben Sie mit uns einen zuverl\u00e4ssigen und kompetenten Experten auf diesem Gebiet gefunden. Mit Fachwissen und Erfahrung erledigen wir f\u00fcr Sie alle\u00a0Fliesenarbeiten\u00a0in Ihrem Zuhause, sodass Sie sich an einem perfekten Ergebnis erfreuen.<br \/><br \/>Warum\u00a0Fliesenarbeiten\u00a0f\u00fcr\u00a0Hamburg\u00a0durch Marco Schwebe erledigen lassen?<br \/>Entscheiden Sie sich f\u00fcr\u00a0Fliesenarbeiten\u00a0durch unser Baugesch\u00e4ft in\u00a0Hamburg, bieten wir Ihnen beste Leistungen zu einem fairen Preis an. Wir sind stets p\u00fcnktlich zur Stelle und liefern saubere Arbeit zu h\u00f6chster Kundenzufriedenheit ab. Stets k\u00f6nnen Sie sich bei der Zusammenarbeit mit uns darauf verlassen, hochwertige Qualit\u00e4t und einen zuvorkommenden Service zu erhalten. Bei allen Arbeiten verwenden wir ausschlie\u00dflich hochwertige Materialien und sorgen f\u00fcr eine saubere und pr\u00e4zise Umsetzung Ihrer Ideen. Mit unseren\u00a0Fliesenarbeiten\u00a0f\u00fcr\u00a0Hamburg\u00a0bieten wir stets optimale L\u00f6sungen an. Lassen auch Sie sich von unseren Leistungen begeistern.<br \/><br \/>Fliesenarbeiten\u00a0von A bis Z &#8211; f\u00fcr Sie zuverl\u00e4ssig erledigt in\u00a0Hamburg<br \/>Geht es um das pr\u00e4zise Verlegen von Fliesen, liefern wir Ihnen beste Qualit\u00e4t ab. Unser Leistungsspektrum umfasst alle Arbeiten von der Beratung bis zum fertigen Ergebnis, das sich sehenlassen kann. Wenn Sie uns mit\u00a0Fliesenarbeiten\u00a0f\u00fcr\u00a0Hamburg\u00a0beauftragen, denn nehmen wir Ihre Vorstellungen und Ideen in einem pers\u00f6nlichen Beratungsgespr\u00e4ch auf und setzen diese in einer exakten Planung bestm\u00f6glich um. Anschlie\u00dfend begeben wir uns an die vorbereitenden Arbeiten, welche uns den Weg f\u00fcr ein perfektes Endergebnis unserer\u00a0Fliesenarbeiten\u00a0f\u00fcr\u00a0Hamburg\u00a0liefern. Schildern Sie uns gerne Ihre Ideen, die wir anschlie\u00dfend bestm\u00f6glich bei Ihnen zu Hause umsetzen.<br \/><br \/>Fliesen als optimaler Boden- und Wandbelag<br \/>Unsere vielf\u00e4ltig durchgef\u00fchrten\u00a0Fliesenarbeiten\u00a0in\u00a0Hamburg\u00a0und Umgebung haben uns gelehrt, dass Fliesen eine hochwertige Wahl f\u00fcr Wand und Boden in nahezu allen R\u00e4umen sind. Nicht nur die ansprechende Optik und die unglaubliche Vielfalt sprechen f\u00fcr Fliesen in Bad, K\u00fcche, Wohnzimmer oder im Wintergarten. Nachdem wir die\u00a0Fliesenarbeiten\u00a0f\u00fcr\u00a0Hamburg\u00a0erledigt haben, erfreuen Sie sich an einem pflegeleichten und robusten Material mit hoher Langlebigkeit. Gerne beraten wir Sie individuell und ausf\u00fchrlich, wie auch in Ihrem Zuhause Fliesen auf unterschiedlichste Art und Weise Ihr Leben bereichern.<br \/><br \/>Jetzt\u00a0Fliesenarbeiten\u00a0f\u00fcr\u00a0Hamburg\u00a0beauftragen<br \/>Wir freuen uns darauf, von Ihnen zu h\u00f6ren und Sie zu einem zufriedenen Kunden unseres Baugesch\u00e4fts zu machen. Haben Sie\u00a0Fliesenarbeiten\u00a0in\u00a0Hamburg\u00a0und Umgebung zu erledigen, dann rufen Sie uns gleich an und vereinbaren Sie einen Beratungstermin mit uns. Gerne sehen wir uns vor Ort an, welche Herausforderungen uns erwarten, damit wir die zu erledigenden\u00a0Fliesenarbeiten\u00a0f\u00fcr\u00a0Hamburg\u00a0exakt planen k\u00f6nnen. F\u00fcr alle Fragen rund um unsere Leistungen sind wir Ihr kompetenter Ansprechpartner und k\u00fcmmern uns individuell um jedes Anliegen. Z\u00f6gern Sie also nicht, uns zu kontaktieren, sondern rufen Sie uns an.<br \/><br \/>F\u00fcr all Ihre Fragen und zur Vereinbarung eines pers\u00f6nlichen Termins erreichen Sie uns telefonisch unter 040 &#8211; 58 97 27 40 oder per E-Mail an info@baugeschaeft-norderstedt.de. Wir freuen uns darauf, bald von Ihnen zu h\u00f6ren.<\/div><\/div>\t\t\t\t\t\t<\/div>\n\t\t\t\t<\/div>\n\t\t\t\t\t<\/div>\n\t\t<\/div>\n\t\t\t\t\t\t\t<\/div>\n\t\t<\/section>\n\t\t\t\t\t\t\t<\/div>\n\t\t","protected":false},"excerpt":{"rendered":"<p>IHR BAUGESCH\u00c4FT IN NORDERSTEDT Wandentfernung Hamburg Wandentfernung&nbsp;in&nbsp;Hamburg&nbsp;| Maurer- und Betonbaumeister Marco Schwebe Eine Wand ist Ihnen im Weg und Sie denken \u00fcber eine&nbsp;Wandentfernung&nbsp;zur Raumvergr\u00f6\u00dferung nach? Als erfahrener Fachbetrieb sind wir Ihre starken Partner, wenn es um die professionelle und statisch einwandfreie&nbsp;Wandentfernung&nbsp;in&nbsp;Hamburg&nbsp;sowie in der Umgebung geht. Die Entfernung einer Wand sollte ausschlie\u00dflich vom Fachmann vorgenommen werden, [&hellip;]<\/p>\n","protected":false},"author":1,"featured_media":0,"parent":0,"menu_order":0,"comment_status":"closed","ping_status":"closed","template":"elementor_canvas","meta":{"_seopress_robots_primary_cat":"","footnotes":""},"class_list":["post-240","page","type-page","status-publish","hentry"],"_links":{"self":[{"href":"https:\/\/hamburg-bauunternehmen.de\/index.php\/wp-json\/wp\/v2\/pages\/240","targetHints":{"allow":["GET"]}}],"collection":[{"href":"https:\/\/hamburg-bauunternehmen.de\/index.php\/wp-json\/wp\/v2\/pages"}],"about":[{"href":"https:\/\/hamburg-bauunternehmen.de\/index.php\/wp-json\/wp\/v2\/types\/page"}],"author":[{"embeddable":true,"href":"https:\/\/hamburg-bauunternehmen.de\/index.php\/wp-json\/wp\/v2\/users\/1"}],"replies":[{"embeddable":true,"href":"https:\/\/hamburg-bauunternehmen.de\/index.php\/wp-json\/wp\/v2\/comments?post=240"}],"version-history":[{"count":5,"href":"https:\/\/hamburg-bauunternehmen.de\/index.php\/wp-json\/wp\/v2\/pages\/240\/revisions"}],"predecessor-version":[{"id":245,"href":"https:\/\/hamburg-bauunternehmen.de\/index.php\/wp-json\/wp\/v2\/pages\/240\/revisions\/245"}],"wp:attachment":[{"href":"https:\/\/hamburg-bauunternehmen.de\/index.php\/wp-json\/wp\/v2\/media?parent=240"}],"curies":[{"name":"wp","href":"https:\/\/api.w.org\/{rel}","templated":true}]}}