{"id":248,"date":"2022-12-15T10:37:48","date_gmt":"2022-12-15T10:37:48","guid":{"rendered":"https:\/\/hamburg-bauunternehmen.de\/?page_id=248"},"modified":"2022-12-15T10:40:09","modified_gmt":"2022-12-15T10:40:09","slug":"badsanierung-hamburg","status":"publish","type":"page","link":"https:\/\/hamburg-bauunternehmen.de\/index.php\/badsanierung-hamburg\/","title":{"rendered":"Badsanierung Hamburg"},"content":{"rendered":"\t\t<div data-elementor-type=\"wp-page\" data-elementor-id=\"248\" class=\"elementor elementor-248\">\n\t\t\t\t\t\t\t\t\t<section class=\"elementor-section elementor-top-section elementor-element elementor-element-7e17c85 elementor-section-height-min-height da-child elementor-section-boxed elementor-section-height-default elementor-section-items-middle\" data-id=\"7e17c85\" data-element_type=\"section\" id=\"home\" data-settings=\"{&quot;background_background&quot;:&quot;classic&quot;}\">\n\t\t\t\t\t\t\t<div class=\"elementor-background-overlay\"><\/div>\n\t\t\t\t\t\t\t<div class=\"elementor-container elementor-column-gap-default\">\n\t\t\t\t\t<div class=\"elementor-column elementor-col-100 elementor-top-column elementor-element elementor-element-5d82992\" data-id=\"5d82992\" data-element_type=\"column\">\n\t\t\t<div class=\"elementor-widget-wrap elementor-element-populated\">\n\t\t\t\t\t\t\t\t<div class=\"elementor-element elementor-element-10add7f elementor-widget__width-auto elementor-widget elementor-widget-image\" data-id=\"10add7f\" data-element_type=\"widget\" data-widget_type=\"image.default\">\n\t\t\t\t<div class=\"elementor-widget-container\">\n\t\t\t<style>\/*! elementor - v3.15.0 - 20-08-2023 *\/\n.elementor-widget-image{text-align:center}.elementor-widget-image a{display:inline-block}.elementor-widget-image a img[src$=\".svg\"]{width:48px}.elementor-widget-image img{vertical-align:middle;display:inline-block}<\/style>\t\t\t\t\t\t\t\t\t\t\t\t<img loading=\"lazy\" decoding=\"async\" width=\"800\" height=\"69\" src=\"https:\/\/hamburg-bauunternehmen.de\/wp-content\/uploads\/2022\/07\/logo.png\" class=\"attachment-large size-large wp-image-61\" alt=\"\" srcset=\"https:\/\/hamburg-bauunternehmen.de\/wp-content\/uploads\/2022\/07\/logo.png 833w, https:\/\/hamburg-bauunternehmen.de\/wp-content\/uploads\/2022\/07\/logo-300x26.png 300w, https:\/\/hamburg-bauunternehmen.de\/wp-content\/uploads\/2022\/07\/logo-768x66.png 768w\" sizes=\"auto, (max-width: 800px) 100vw, 800px\" \/>\t\t\t\t\t\t\t\t\t\t\t\t\t\t\t<\/div>\n\t\t\t\t<\/div>\n\t\t\t\t<div class=\"elementor-element elementor-element-1fa7b5a elementor-widget elementor-widget-spacer\" data-id=\"1fa7b5a\" data-element_type=\"widget\" data-widget_type=\"spacer.default\">\n\t\t\t\t<div class=\"elementor-widget-container\">\n\t\t\t<style>\/*! elementor - v3.15.0 - 20-08-2023 *\/\n.elementor-column .elementor-spacer-inner{height:var(--spacer-size)}.e-con{--container-widget-width:100%}.e-con-inner>.elementor-widget-spacer,.e-con>.elementor-widget-spacer{width:var(--container-widget-width,var(--spacer-size));--align-self:var(--container-widget-align-self,initial);--flex-shrink:0}.e-con-inner>.elementor-widget-spacer>.elementor-widget-container,.e-con-inner>.elementor-widget-spacer>.elementor-widget-container>.elementor-spacer,.e-con>.elementor-widget-spacer>.elementor-widget-container,.e-con>.elementor-widget-spacer>.elementor-widget-container>.elementor-spacer{height:100%}.e-con-inner>.elementor-widget-spacer>.elementor-widget-container>.elementor-spacer>.elementor-spacer-inner,.e-con>.elementor-widget-spacer>.elementor-widget-container>.elementor-spacer>.elementor-spacer-inner{height:var(--container-widget-height,var(--spacer-size))}<\/style>\t\t<div class=\"elementor-spacer\">\n\t\t\t<div class=\"elementor-spacer-inner\"><\/div>\n\t\t<\/div>\n\t\t\t\t<\/div>\n\t\t\t\t<\/div>\n\t\t\t\t<div class=\"elementor-element elementor-element-18d49cf elementor-widget elementor-widget-heading\" data-id=\"18d49cf\" data-element_type=\"widget\" data-widget_type=\"heading.default\">\n\t\t\t\t<div class=\"elementor-widget-container\">\n\t\t\t<style>\/*! elementor - v3.15.0 - 20-08-2023 *\/\n.elementor-heading-title{padding:0;margin:0;line-height:1}.elementor-widget-heading .elementor-heading-title[class*=elementor-size-]>a{color:inherit;font-size:inherit;line-height:inherit}.elementor-widget-heading .elementor-heading-title.elementor-size-small{font-size:15px}.elementor-widget-heading .elementor-heading-title.elementor-size-medium{font-size:19px}.elementor-widget-heading .elementor-heading-title.elementor-size-large{font-size:29px}.elementor-widget-heading .elementor-heading-title.elementor-size-xl{font-size:39px}.elementor-widget-heading .elementor-heading-title.elementor-size-xxl{font-size:59px}<\/style><h2 class=\"elementor-heading-title elementor-size-default\">IHR BAUGESCH\u00c4FT IN NORDERSTEDT<\/h2>\t\t<\/div>\n\t\t\t\t<\/div>\n\t\t\t\t\t<\/div>\n\t\t<\/div>\n\t\t\t\t\t\t\t<\/div>\n\t\t<\/section>\n\t\t\t\t<section class=\"elementor-section elementor-top-section elementor-element elementor-element-231263c elementor-section-boxed elementor-section-height-default elementor-section-height-default\" data-id=\"231263c\" data-element_type=\"section\">\n\t\t\t\t\t\t<div class=\"elementor-container elementor-column-gap-default\">\n\t\t\t\t\t<div class=\"elementor-column elementor-col-100 elementor-top-column elementor-element elementor-element-6295403\" data-id=\"6295403\" data-element_type=\"column\">\n\t\t\t<div class=\"elementor-widget-wrap elementor-element-populated\">\n\t\t\t\t\t\t\t\t<div class=\"elementor-element elementor-element-3b90b65 elementor-widget elementor-widget-text-editor\" data-id=\"3b90b65\" data-element_type=\"widget\" data-widget_type=\"text-editor.default\">\n\t\t\t\t<div class=\"elementor-widget-container\">\n\t\t\t<style>\/*! elementor - v3.15.0 - 20-08-2023 *\/\n.elementor-widget-text-editor.elementor-drop-cap-view-stacked .elementor-drop-cap{background-color:#69727d;color:#fff}.elementor-widget-text-editor.elementor-drop-cap-view-framed .elementor-drop-cap{color:#69727d;border:3px solid;background-color:transparent}.elementor-widget-text-editor:not(.elementor-drop-cap-view-default) .elementor-drop-cap{margin-top:8px}.elementor-widget-text-editor:not(.elementor-drop-cap-view-default) .elementor-drop-cap-letter{width:1em;height:1em}.elementor-widget-text-editor .elementor-drop-cap{float:left;text-align:center;line-height:1;font-size:50px}.elementor-widget-text-editor .elementor-drop-cap-letter{display:inline-block}<\/style>\t\t\t\t<div id=\"text_highlighted\"><p><b>Badsanierung Hamburg<\/b><\/p><br \/><div><div class=\"preview\">Wenn Sie einen Fachmann f\u00fcr die Badsanierung in Hamburg suchen, sind Sie hier an der richtigen Adresse &#8211; Marco Schwebe bietet Ihnen zahlreiche Dienstleistungen im Fachbereich Badsanierung f\u00fcr Hamburg und Umgebung in Top Qualit\u00e4t zum besten Preis. Entdecken Sie jetzt die Produkte und Angebote f\u00fcr Badsanierung in Hamburg in unserem Portfolio und \u00fcberzeugen Sie sich selbst von unseren hohen Anspr\u00fcchen und unserer Zufriedenheitsgarantie!<br \/><br \/>Badsanierung in Hamburg<br \/><br \/>Kreieren Sie sich Ihr Traumbadezimmer und holen Sie sich dabei unsere professionelle Unterst\u00fctzung. Egal, ob Sie eine neue Toilette, ein Waschbecken oder eine Badewanne ben\u00f6tigen, oder Ihre Dusche ebenerdig umbauen wollen &#8211; wir stehen Ihnen mit Rat und Tat zur Seite und \u00fcbernehmen die komplette Badsanierung in Hamburg f\u00fcr Sie. Selbstverst\u00e4ndlich richten wir uns dabei nach Ihren individuellen W\u00fcnschen und Vorstellungen und setzen diese kreativ, rasch und effizient um. So k\u00f6nnen Sie schon bald Ihr neues Bad genie\u00dfen und m\u00fcssen sich in der Zwischenzeit um nichts k\u00fcmmern. F\u00fcr Fragen jeder Art stehen wir nat\u00fcrlich jederzeit zur Verf\u00fcgung.<br \/><br \/>Badezimmer behindertengerecht sanieren<\/div><div>\u00a0<\/div><div class=\"preview\">Wenn Sie Ihr vorhandenes Bad aufgrund von Alter oder Krankheit behindertengerecht ausstatten wollen, k\u00f6nnen Sie dabei auf unsere professionelle Unterst\u00fctzung z\u00e4hlen. Unsere langj\u00e4hrige Erfahrung und Expertise erm\u00f6glicht es uns, mit Ihnen gemeinsam ein Sanierungskonzept zu erstellen, das all Ihren W\u00fcnschen und Vorstellungen bzw. Vorgaben gerecht wird und dieses dann Schritt f\u00fcr Schritt auch zu verwirklichen. So brauchen Sie keine Angst mehr davor zu haben, dass Sie sich im eigenen Badezimmer nicht mehr sicher bewegen k\u00f6nnen. Mit unserer Hilfe erhalten Sie ein optisch ansprechendes und sicherheitstechnisch einwandfreies sowie hygienisches Badezimmer, in dem Sie sich entspannen und wohlf\u00fchlen k\u00f6nnen.<br \/><br \/>Unsere Leistungen f\u00fcr die Badsanierung in Hamburg[<br \/><br \/>Unser Portfolio umfasst ein breites Sortiment an Leistungen rund um die Badsanierung in Hamburg. Dazu geh\u00f6ren unter anderem Wanddurchbr\u00fcche und -entfernungen, aber auch Umbauma\u00dfnahmen und Estricharbeiten aller Art. Dar\u00fcber hinaus k\u00fcmmern wir uns auch um das Verlegen von Fu\u00dfb\u00f6den sowie die entsprechende Sanierung und Abdichtung von Betonb\u00f6den bspw. durch Hydrophobierung. Schlie\u00dflich verpassen wir Ihrem Bad mit Putz- und Stuckarbeiten auf Wunsch noch den letzten Schliff, so dass dieses Ihnen zur individuellen Einrichtung bereit zur Verf\u00fcgung steht. Wenn Sie sich nicht sicher sind, welche Sanierungsma\u00dfnahmen f\u00fcr Ihr Bad gew\u00fcnscht oder notwendig sind, beraten unsere kompetenten Mitarbeiter Sie selbstverst\u00e4ndlich gern.<br \/><br \/>Qualit\u00e4t und Kundenservice ist unser h\u00f6chster Anspruch<br \/><br \/>Nur wenn Sie als Kunde zufrieden sind, sind wir es auch. Daher legen wir bei der Arbeit besonderen Wert auf Sauberkeit, P\u00fcnktlichkeit, Zuverl\u00e4ssigkeit und kundenorientiertes Vorgehen. Die Baustoffe, welche wir f\u00fcr die Badsanierung in Hamburg verwenden, sind von hoher Qualit\u00e4t und entsprechen h\u00f6chsten Standards in der Branche. Dennoch k\u00f6nnen wir Ihnen ein unschlagbares Preis-Leistungsverh\u00e4ltnis anbieten und sind unserer Konkurrenz dadurch immer einen Schritt voraus. Wenn Sie Fragen zu unseren Produkten und Services rund um die Badsanierung in Hamburg haben, rufen Sie uns am besten an und sichern sich ein kostenloses und unverbindliches Gespr\u00e4ch, bei dem Sie sich ausf\u00fchrlich zur Badsanierung in Hamburg beraten lassen k\u00f6nnen.<\/div><\/div><\/div>\t\t\t\t\t\t<\/div>\n\t\t\t\t<\/div>\n\t\t\t\t\t<\/div>\n\t\t<\/div>\n\t\t\t\t\t\t\t<\/div>\n\t\t<\/section>\n\t\t\t\t\t\t\t<\/div>\n\t\t","protected":false},"excerpt":{"rendered":"<p>IHR BAUGESCH\u00c4FT IN NORDERSTEDT Badsanierung Hamburg Wenn Sie einen Fachmann f\u00fcr die Badsanierung in Hamburg suchen, sind Sie hier an der richtigen Adresse &#8211; Marco Schwebe bietet Ihnen zahlreiche Dienstleistungen im Fachbereich Badsanierung f\u00fcr Hamburg und Umgebung in Top Qualit\u00e4t zum besten Preis. Entdecken Sie jetzt die Produkte und Angebote f\u00fcr Badsanierung in Hamburg in [&hellip;]<\/p>\n","protected":false},"author":1,"featured_media":0,"parent":0,"menu_order":0,"comment_status":"closed","ping_status":"closed","template":"elementor_canvas","meta":{"_seopress_robots_primary_cat":"","footnotes":""},"class_list":["post-248","page","type-page","status-publish","hentry"],"_links":{"self":[{"href":"https:\/\/hamburg-bauunternehmen.de\/index.php\/wp-json\/wp\/v2\/pages\/248","targetHints":{"allow":["GET"]}}],"collection":[{"href":"https:\/\/hamburg-bauunternehmen.de\/index.php\/wp-json\/wp\/v2\/pages"}],"about":[{"href":"https:\/\/hamburg-bauunternehmen.de\/index.php\/wp-json\/wp\/v2\/types\/page"}],"author":[{"embeddable":true,"href":"https:\/\/hamburg-bauunternehmen.de\/index.php\/wp-json\/wp\/v2\/users\/1"}],"replies":[{"embeddable":true,"href":"https:\/\/hamburg-bauunternehmen.de\/index.php\/wp-json\/wp\/v2\/comments?post=248"}],"version-history":[{"count":10,"href":"https:\/\/hamburg-bauunternehmen.de\/index.php\/wp-json\/wp\/v2\/pages\/248\/revisions"}],"predecessor-version":[{"id":258,"href":"https:\/\/hamburg-bauunternehmen.de\/index.php\/wp-json\/wp\/v2\/pages\/248\/revisions\/258"}],"wp:attachment":[{"href":"https:\/\/hamburg-bauunternehmen.de\/index.php\/wp-json\/wp\/v2\/media?parent=248"}],"curies":[{"name":"wp","href":"https:\/\/api.w.org\/{rel}","templated":true}]}}