{"id":263,"date":"2023-02-02T11:31:18","date_gmt":"2023-02-02T11:31:18","guid":{"rendered":"https:\/\/hamburg-bauunternehmen.de\/?page_id=263"},"modified":"2023-02-02T11:31:33","modified_gmt":"2023-02-02T11:31:33","slug":"fugensanierung-hamburg","status":"publish","type":"page","link":"https:\/\/hamburg-bauunternehmen.de\/index.php\/fugensanierung-hamburg\/","title":{"rendered":"Fugensanierung Hamburg"},"content":{"rendered":"\t\t<div data-elementor-type=\"wp-page\" data-elementor-id=\"263\" class=\"elementor elementor-263\">\n\t\t\t\t\t\t\t\t\t<section class=\"elementor-section elementor-top-section elementor-element elementor-element-7e17c85 elementor-section-height-min-height da-child elementor-section-boxed elementor-section-height-default elementor-section-items-middle\" data-id=\"7e17c85\" data-element_type=\"section\" id=\"home\" data-settings=\"{&quot;background_background&quot;:&quot;classic&quot;}\">\n\t\t\t\t\t\t\t<div class=\"elementor-background-overlay\"><\/div>\n\t\t\t\t\t\t\t<div class=\"elementor-container elementor-column-gap-default\">\n\t\t\t\t\t<div class=\"elementor-column elementor-col-100 elementor-top-column elementor-element elementor-element-5d82992\" data-id=\"5d82992\" data-element_type=\"column\">\n\t\t\t<div class=\"elementor-widget-wrap elementor-element-populated\">\n\t\t\t\t\t\t\t\t<div class=\"elementor-element elementor-element-10add7f elementor-widget__width-auto elementor-widget elementor-widget-image\" data-id=\"10add7f\" data-element_type=\"widget\" data-widget_type=\"image.default\">\n\t\t\t\t<div class=\"elementor-widget-container\">\n\t\t\t<style>\/*! elementor - v3.15.0 - 20-08-2023 *\/\n.elementor-widget-image{text-align:center}.elementor-widget-image a{display:inline-block}.elementor-widget-image a img[src$=\".svg\"]{width:48px}.elementor-widget-image img{vertical-align:middle;display:inline-block}<\/style>\t\t\t\t\t\t\t\t\t\t\t\t<img loading=\"lazy\" decoding=\"async\" width=\"800\" height=\"69\" src=\"https:\/\/hamburg-bauunternehmen.de\/wp-content\/uploads\/2022\/07\/logo.png\" class=\"attachment-large size-large wp-image-61\" alt=\"\" srcset=\"https:\/\/hamburg-bauunternehmen.de\/wp-content\/uploads\/2022\/07\/logo.png 833w, https:\/\/hamburg-bauunternehmen.de\/wp-content\/uploads\/2022\/07\/logo-300x26.png 300w, https:\/\/hamburg-bauunternehmen.de\/wp-content\/uploads\/2022\/07\/logo-768x66.png 768w\" sizes=\"auto, (max-width: 800px) 100vw, 800px\" \/>\t\t\t\t\t\t\t\t\t\t\t\t\t\t\t<\/div>\n\t\t\t\t<\/div>\n\t\t\t\t<div class=\"elementor-element elementor-element-1fa7b5a elementor-widget elementor-widget-spacer\" data-id=\"1fa7b5a\" data-element_type=\"widget\" data-widget_type=\"spacer.default\">\n\t\t\t\t<div class=\"elementor-widget-container\">\n\t\t\t<style>\/*! elementor - v3.15.0 - 20-08-2023 *\/\n.elementor-column .elementor-spacer-inner{height:var(--spacer-size)}.e-con{--container-widget-width:100%}.e-con-inner>.elementor-widget-spacer,.e-con>.elementor-widget-spacer{width:var(--container-widget-width,var(--spacer-size));--align-self:var(--container-widget-align-self,initial);--flex-shrink:0}.e-con-inner>.elementor-widget-spacer>.elementor-widget-container,.e-con-inner>.elementor-widget-spacer>.elementor-widget-container>.elementor-spacer,.e-con>.elementor-widget-spacer>.elementor-widget-container,.e-con>.elementor-widget-spacer>.elementor-widget-container>.elementor-spacer{height:100%}.e-con-inner>.elementor-widget-spacer>.elementor-widget-container>.elementor-spacer>.elementor-spacer-inner,.e-con>.elementor-widget-spacer>.elementor-widget-container>.elementor-spacer>.elementor-spacer-inner{height:var(--container-widget-height,var(--spacer-size))}<\/style>\t\t<div class=\"elementor-spacer\">\n\t\t\t<div class=\"elementor-spacer-inner\"><\/div>\n\t\t<\/div>\n\t\t\t\t<\/div>\n\t\t\t\t<\/div>\n\t\t\t\t<div class=\"elementor-element elementor-element-18d49cf elementor-widget elementor-widget-heading\" data-id=\"18d49cf\" data-element_type=\"widget\" data-widget_type=\"heading.default\">\n\t\t\t\t<div class=\"elementor-widget-container\">\n\t\t\t<style>\/*! elementor - v3.15.0 - 20-08-2023 *\/\n.elementor-heading-title{padding:0;margin:0;line-height:1}.elementor-widget-heading .elementor-heading-title[class*=elementor-size-]>a{color:inherit;font-size:inherit;line-height:inherit}.elementor-widget-heading .elementor-heading-title.elementor-size-small{font-size:15px}.elementor-widget-heading .elementor-heading-title.elementor-size-medium{font-size:19px}.elementor-widget-heading .elementor-heading-title.elementor-size-large{font-size:29px}.elementor-widget-heading .elementor-heading-title.elementor-size-xl{font-size:39px}.elementor-widget-heading .elementor-heading-title.elementor-size-xxl{font-size:59px}<\/style><h2 class=\"elementor-heading-title elementor-size-default\">IHR BAUGESCH\u00c4FT IN NORDERSTEDT<\/h2>\t\t<\/div>\n\t\t\t\t<\/div>\n\t\t\t\t\t<\/div>\n\t\t<\/div>\n\t\t\t\t\t\t\t<\/div>\n\t\t<\/section>\n\t\t\t\t<section class=\"elementor-section elementor-top-section elementor-element elementor-element-231263c elementor-section-boxed elementor-section-height-default elementor-section-height-default\" data-id=\"231263c\" data-element_type=\"section\">\n\t\t\t\t\t\t<div class=\"elementor-container elementor-column-gap-default\">\n\t\t\t\t\t<div class=\"elementor-column elementor-col-100 elementor-top-column elementor-element elementor-element-6295403\" data-id=\"6295403\" data-element_type=\"column\">\n\t\t\t<div class=\"elementor-widget-wrap elementor-element-populated\">\n\t\t\t\t\t\t\t\t<div class=\"elementor-element elementor-element-3b90b65 elementor-widget elementor-widget-text-editor\" data-id=\"3b90b65\" data-element_type=\"widget\" data-widget_type=\"text-editor.default\">\n\t\t\t\t<div class=\"elementor-widget-container\">\n\t\t\t<style>\/*! elementor - v3.15.0 - 20-08-2023 *\/\n.elementor-widget-text-editor.elementor-drop-cap-view-stacked .elementor-drop-cap{background-color:#69727d;color:#fff}.elementor-widget-text-editor.elementor-drop-cap-view-framed .elementor-drop-cap{color:#69727d;border:3px solid;background-color:transparent}.elementor-widget-text-editor:not(.elementor-drop-cap-view-default) .elementor-drop-cap{margin-top:8px}.elementor-widget-text-editor:not(.elementor-drop-cap-view-default) .elementor-drop-cap-letter{width:1em;height:1em}.elementor-widget-text-editor .elementor-drop-cap{float:left;text-align:center;line-height:1;font-size:50px}.elementor-widget-text-editor .elementor-drop-cap-letter{display:inline-block}<\/style>\t\t\t\t<div id=\"text_highlighted\"><p><b>Fugensanierung Hamburg<\/b><\/p><br \/><div><div class=\"preview\">Exakte\u00a0Fugensanierung\u00a0vom Profi in\u00a0Hamburg<br \/><br \/>Im Laufe der Zeit k\u00f6nnen die Fugen zwischen Fliesen, Feinsteinzeug oder Bodenplatten anfangen zu br\u00f6ckeln. In Nassr\u00e4umen bildet sich h\u00e4ufig sogar Schimmel an den Verfugungen. Was tun, wenn Fliesen und Platten noch vollkommen in Ordnung sind und nur die Fugen Sch\u00e4den zeigen? Wir sind Ihre zuverl\u00e4ssigen Partner in\u00a0Hamburg, wenn es um sorgf\u00e4ltige\u00a0Fugensanierung\u00a0geht. Das erfahrene Team besucht Sie gerne vor Ort und ber\u00e4t Sie zu unseren umfangreichen Leistungen. Die\u00a0Fugensanierung\u00a0f\u00fchren wir professionell mit hoher Sorgfalt durch &#8211; damit Sie sich wieder in vollen Z\u00fcgen an Ihrem Haus oder Ihrer Wohnung in\u00a0Hamburg\u00a0freuen k\u00f6nnen.<br \/><br \/>Rufen Sie uns an oder schreiben Sie uns Ihre W\u00fcnsche per E-Mail. Wir sind gerne f\u00fcr Ihre Anforderungen da und beraten Sie unverbindlich.<br \/><br \/>Fugensanierung\u00a0in\u00a0Hamburg\u00a0bei schimmeligen Fugen im Bad<br \/>Das Badezimmer sollte ein Ort sein, der der Hygiene gewidmet ist. Leider herrscht hier jedoch oft eine sehr hohe Luftfeuchtigkeit, wodurch es im Laufe der Zeit zu Schimmelbildung kommen kann. Diese tritt meistens zuerst an den Verfugungen zwischen Fliesen auf. Wie erkennen Sie Schimmelbildung an Fugen? Es erscheinen erst etwas dunklere Flecken in den Bereichen zwischen den Fliesen, die sp\u00e4ter fast schwarz werden k\u00f6nnen.\u00a0Fugensanierung\u00a0ist n\u00f6tig, denn diese Stockflecken sehen nicht nur unsch\u00f6n aus, sie k\u00f6nnen sogar zum Gesundheitsrisiko werden. Schimmel sendet seine Sporen aus, die die Atemwege von Menschen angreifen k\u00f6nnen. Wir sind in\u00a0Hamburg\u00a0f\u00fcr Sie da, wenn es um\u00a0Fugensanierung\u00a0bei Schimmelbefall geht. Gerne beraten wir Sie in\u00a0Hamburg\u00a0unverbindlich.<br \/><br \/>Br\u00f6ckelnde Fugen an Klinkerfassaden oder zwischen Bodenplatten<br \/>Vor allem im Au\u00dfenbereich sind Verfugungen vielen Einfl\u00fcssen ausgesetzt. Es kommt in\u00a0Hamburg\u00a0zu Temperaturschwankungen, N\u00e4sse und Frost, aber auch UV-Licht kann verschiedene Materialien sch\u00e4digen. Sie erkennen den Alterungsprozess von Verfugungen an br\u00f6ckelnden Stellen, die sich mit der Zeit ausweiten. Die\u00a0Fugensanierung\u00a0f\u00fcr Ihr Haus bzw. Fl\u00e4chen im Garten in\u00a0Hamburg\u00a0sollte nun rasch erfolgen. Denn wenn Fugensch\u00e4den fortschreiten, k\u00f6nnen Bodenplatten oder Klinkerelemente an Stabilit\u00e4t verlieren und sich schlie\u00dflich sogar l\u00f6sen. Ihr Baugesch\u00e4ft ist in\u00a0Hamburg\u00a0f\u00fcr Sie da, wenn eine\u00a0Fugensanierung\u00a0ansteht. Wir f\u00fchren s\u00e4mtliche Arbeiten pr\u00e4zise und sorgf\u00e4ltig durch, damit die Stabilit\u00e4t von Platten und Feinsteinzeug im Innen- und Au\u00dfenbereich wieder gew\u00e4hrleistet ist. F\u00fcr Ihre Fragen zu unseren hochwertigen Produkten und unseren Leistungen sind wir gerne da.<br \/><br \/>Handwerker im Haus bei der\u00a0Fugensanierung<br \/>Eine\u00a0Fugensanierung\u00a0ist mehr als notwendig in Ihrer Wohnung oder Ihrem Haus in\u00a0Hamburg, doch Sie schrecken vor der Vorstellung zur\u00fcck, Handwerker im Haus zu haben? Vielleicht denken Sie an Schmutz, Staub und L\u00e4rm &#8211; doch wir gehen bei allen unseren Arbeiten sorgf\u00e4ltig, rasch und sauber vor, so dass Ihr Alltag so ungest\u00f6rt wie m\u00f6glich bleibt. Die Sanierung von Verfugungen f\u00fchren wir in mehreren Schritten durch. Im ersten Schritt decken wir alle Bereiche ab, an denen wir nicht arbeiten. Dadurch sorgen wir f\u00fcr maximale Sauberkeit, denn Staub und Schmutz verschwinden im Anschluss der Arbeiten einfach mit der Abdeckfolie. Unser Ziel ist es, Ihnen rasche und sorgf\u00e4ltige Arbeit in\u00a0Hamburg\u00a0zu bieten, durch die Sie so wenig wie m\u00f6glich gest\u00f6rt werden.<br \/><br \/>Entfernung der alten Fugen<br \/>Mit m\u00f6glichst wenig L\u00e4rmentwicklung entfernen wir den vorhanden Fugenm\u00f6rtel grob. Je nach Umfang setzen wir die Fr\u00e4se ein oder arbeiten manuell. Wir informieren Sie im Voraus, wenn wir Werkzeug verwenden, durch das es zu Schallentwicklung kommt. R\u00fcckst\u00e4nde kratzen wir pr\u00e4zise aus. Damit stellen wir sicher, dass der gesamte br\u00f6ckelige oder schimmelbefallene M\u00f6rtel exakt entfernt wird. Durch diese Vorbereitungsarbeiten f\u00fcr die\u00a0Fugensanierung\u00a0in\u00a0Hamburg\u00a0schaffen wir hervorragende Voraussetzungen f\u00fcr eine haltbare und robuste Neuverfugung. Nach dem Ausfr\u00e4sen und Auskratzen des alten Fugenm\u00f6rtels entfernen wir s\u00e4mtlichen Schutt und reinigen Fl\u00e4chen in der Umgebung sowie die Fugen.<br \/><br \/>Fugensanierung\u00a0durch den Profi in\u00a0Hamburg\u00a0und Umgebung<br \/>Nachdem unsere sorgf\u00e4ltigen Vorbereitungsarbeiten abgeschlossen sind, erfolgt nun der Hauptteil der\u00a0Fugensanierung. Wir setzen hochwertige Fugenmasse ein, damit Ihre neue Verfugung lange h\u00e4lt und zuverl\u00e4ssig auch wechselnde Bedingungen mitmacht. Gerne beraten wir Sie bei der\u00a0Fugensanierung\u00a0in\u00a0Hamburg\u00a0zu den hochwertigen Produkten, die wir verwenden, und informieren Sie zu deren spezifischen Eigenschaften. Nachdem die Fugenmasse ausreichend angezogen ist, wischen wir die Fugen sehr sorgf\u00e4ltig ab, damit ein sch\u00f6ner, gleichm\u00e4\u00dfiger Eindruck entsteht. Alle Materialien, Beh\u00e4lter, Folien, Staub und Schmutz nehmen wir nach Beendigung unserer T\u00e4tigkeit mit, um Ihnen so wenig Arbeit wie m\u00f6glich zu machen.<br \/><br \/>Fugensanierung\u00a0und andere Sanierungsarbeiten in\u00a0Hamburg<br \/>Die Aufbereitung von schadhafter Verfugung kann f\u00fcr sich stehen, oft geht sie jedoch mit anderen Arbeiten am Haus oder in der Wohnung in\u00a0Hamburg\u00a0Hand in Hand. Wir sind als Ihr Unternehmen mit umfangreichem Angebot aus dem Bereich Bauarbeiten gerne f\u00fcr Sie da, wenn Sie neben der\u00a0Fugensanierung\u00a0auch andere Leistungen in Anspruch nehmen m\u00f6chten. Gerne informieren wir Sie unverbindlich zu Badsanierung, Fliesenarbeiten bis hin umfangreichen Sanierungsarbeiten f\u00fcr das ganz Haus oder Ihre Wohnung in\u00a0Hamburg. Das erfahrene Team f\u00fchrt Umbauarbeiten nach Ihren W\u00fcnschen rasch und pr\u00e4zise durch. Vereinbaren Sie Ihren unverbindlichen Termin in\u00a0Hamburg\u00a0und Umgebung. Wir besuchen Sie vor Ort, um uns ein Bild zu machen und Sie zu beraten.<br \/><br \/>Pers\u00f6nliche Beratung zu\u00a0Fugensanierung\u00a0in\u00a0Hamburg<br \/>Kein Bau- und Sanierungsprojekt gleicht dem anderen vollkommen. Daher nehmen wir uns gerne Zeit, um individuell auf Ihre Anforderungen und W\u00fcnsche einzugehen. Unser kompetentes Team zeigt Ihnen Beispiele unserer Arbeiten und informiert Sie \u00fcber die zu erwartende Dauer und das Ergebnis, auf das Sie sich freuen k\u00f6nnen. Sie erhalten von uns ein klares Angebot zur\u00a0Fugensanierung\u00a0in\u00a0Hamburg\u00a0&#8211; oder zu allen Arbeiten, mit denen Sie uns betrauen m\u00f6chten.<br \/><br \/>Rufen Sie uns an und vereinbaren Sie einen Termin vor Ort. Das Team Ihres Baugesch\u00e4fts freut sich darauf, f\u00fcr Sie in Sachen\u00a0Fugensanierung\u00a0in\u00a0Hamburg\u00a0t\u00e4tig zu werden.<\/div><\/div><\/div>\t\t\t\t\t\t<\/div>\n\t\t\t\t<\/div>\n\t\t\t\t\t<\/div>\n\t\t<\/div>\n\t\t\t\t\t\t\t<\/div>\n\t\t<\/section>\n\t\t\t\t\t\t\t<\/div>\n\t\t","protected":false},"excerpt":{"rendered":"<p>IHR BAUGESCH\u00c4FT IN NORDERSTEDT Fugensanierung Hamburg Exakte\u00a0Fugensanierung\u00a0vom Profi in\u00a0Hamburg Im Laufe der Zeit k\u00f6nnen die Fugen zwischen Fliesen, Feinsteinzeug oder Bodenplatten anfangen zu br\u00f6ckeln. In Nassr\u00e4umen bildet sich h\u00e4ufig sogar Schimmel an den Verfugungen. Was tun, wenn Fliesen und Platten noch vollkommen in Ordnung sind und nur die Fugen Sch\u00e4den zeigen? Wir sind Ihre zuverl\u00e4ssigen [&hellip;]<\/p>\n","protected":false},"author":1,"featured_media":0,"parent":0,"menu_order":0,"comment_status":"closed","ping_status":"closed","template":"elementor_canvas","meta":{"_seopress_robots_primary_cat":"","footnotes":""},"class_list":["post-263","page","type-page","status-publish","hentry"],"_links":{"self":[{"href":"https:\/\/hamburg-bauunternehmen.de\/index.php\/wp-json\/wp\/v2\/pages\/263","targetHints":{"allow":["GET"]}}],"collection":[{"href":"https:\/\/hamburg-bauunternehmen.de\/index.php\/wp-json\/wp\/v2\/pages"}],"about":[{"href":"https:\/\/hamburg-bauunternehmen.de\/index.php\/wp-json\/wp\/v2\/types\/page"}],"author":[{"embeddable":true,"href":"https:\/\/hamburg-bauunternehmen.de\/index.php\/wp-json\/wp\/v2\/users\/1"}],"replies":[{"embeddable":true,"href":"https:\/\/hamburg-bauunternehmen.de\/index.php\/wp-json\/wp\/v2\/comments?post=263"}],"version-history":[{"count":5,"href":"https:\/\/hamburg-bauunternehmen.de\/index.php\/wp-json\/wp\/v2\/pages\/263\/revisions"}],"predecessor-version":[{"id":268,"href":"https:\/\/hamburg-bauunternehmen.de\/index.php\/wp-json\/wp\/v2\/pages\/263\/revisions\/268"}],"wp:attachment":[{"href":"https:\/\/hamburg-bauunternehmen.de\/index.php\/wp-json\/wp\/v2\/media?parent=263"}],"curies":[{"name":"wp","href":"https:\/\/api.w.org\/{rel}","templated":true}]}}