{"id":293,"date":"2023-08-29T07:28:33","date_gmt":"2023-08-29T07:28:33","guid":{"rendered":"https:\/\/hamburg-bauunternehmen.de\/?page_id=293"},"modified":"2023-08-29T07:29:15","modified_gmt":"2023-08-29T07:29:15","slug":"fliesenverlegungen-hamburg","status":"publish","type":"page","link":"https:\/\/hamburg-bauunternehmen.de\/index.php\/fliesenverlegungen-hamburg\/","title":{"rendered":"Fliesenverlegungen Hamburg"},"content":{"rendered":"\t\t<div data-elementor-type=\"wp-page\" data-elementor-id=\"293\" class=\"elementor elementor-293\">\n\t\t\t\t\t\t\t\t\t<section class=\"elementor-section elementor-top-section elementor-element elementor-element-7e17c85 elementor-section-height-min-height da-child elementor-section-boxed elementor-section-height-default elementor-section-items-middle\" data-id=\"7e17c85\" data-element_type=\"section\" id=\"home\" data-settings=\"{&quot;background_background&quot;:&quot;classic&quot;}\">\n\t\t\t\t\t\t\t<div class=\"elementor-background-overlay\"><\/div>\n\t\t\t\t\t\t\t<div class=\"elementor-container elementor-column-gap-default\">\n\t\t\t\t\t<div class=\"elementor-column elementor-col-100 elementor-top-column elementor-element elementor-element-5d82992\" data-id=\"5d82992\" data-element_type=\"column\">\n\t\t\t<div class=\"elementor-widget-wrap elementor-element-populated\">\n\t\t\t\t\t\t\t\t<div class=\"elementor-element elementor-element-10add7f elementor-widget__width-auto elementor-widget elementor-widget-image\" data-id=\"10add7f\" data-element_type=\"widget\" data-widget_type=\"image.default\">\n\t\t\t\t<div class=\"elementor-widget-container\">\n\t\t\t<style>\/*! elementor - v3.15.0 - 20-08-2023 *\/\n.elementor-widget-image{text-align:center}.elementor-widget-image a{display:inline-block}.elementor-widget-image a img[src$=\".svg\"]{width:48px}.elementor-widget-image img{vertical-align:middle;display:inline-block}<\/style>\t\t\t\t\t\t\t\t\t\t\t\t<img loading=\"lazy\" decoding=\"async\" width=\"800\" height=\"69\" src=\"https:\/\/hamburg-bauunternehmen.de\/wp-content\/uploads\/2022\/07\/logo.png\" class=\"attachment-large size-large wp-image-61\" alt=\"\" srcset=\"https:\/\/hamburg-bauunternehmen.de\/wp-content\/uploads\/2022\/07\/logo.png 833w, https:\/\/hamburg-bauunternehmen.de\/wp-content\/uploads\/2022\/07\/logo-300x26.png 300w, https:\/\/hamburg-bauunternehmen.de\/wp-content\/uploads\/2022\/07\/logo-768x66.png 768w\" sizes=\"auto, (max-width: 800px) 100vw, 800px\" \/>\t\t\t\t\t\t\t\t\t\t\t\t\t\t\t<\/div>\n\t\t\t\t<\/div>\n\t\t\t\t<div class=\"elementor-element elementor-element-1fa7b5a elementor-widget elementor-widget-spacer\" data-id=\"1fa7b5a\" data-element_type=\"widget\" data-widget_type=\"spacer.default\">\n\t\t\t\t<div class=\"elementor-widget-container\">\n\t\t\t<style>\/*! elementor - v3.15.0 - 20-08-2023 *\/\n.elementor-column .elementor-spacer-inner{height:var(--spacer-size)}.e-con{--container-widget-width:100%}.e-con-inner>.elementor-widget-spacer,.e-con>.elementor-widget-spacer{width:var(--container-widget-width,var(--spacer-size));--align-self:var(--container-widget-align-self,initial);--flex-shrink:0}.e-con-inner>.elementor-widget-spacer>.elementor-widget-container,.e-con-inner>.elementor-widget-spacer>.elementor-widget-container>.elementor-spacer,.e-con>.elementor-widget-spacer>.elementor-widget-container,.e-con>.elementor-widget-spacer>.elementor-widget-container>.elementor-spacer{height:100%}.e-con-inner>.elementor-widget-spacer>.elementor-widget-container>.elementor-spacer>.elementor-spacer-inner,.e-con>.elementor-widget-spacer>.elementor-widget-container>.elementor-spacer>.elementor-spacer-inner{height:var(--container-widget-height,var(--spacer-size))}<\/style>\t\t<div class=\"elementor-spacer\">\n\t\t\t<div class=\"elementor-spacer-inner\"><\/div>\n\t\t<\/div>\n\t\t\t\t<\/div>\n\t\t\t\t<\/div>\n\t\t\t\t<div class=\"elementor-element elementor-element-18d49cf elementor-widget elementor-widget-heading\" data-id=\"18d49cf\" data-element_type=\"widget\" data-widget_type=\"heading.default\">\n\t\t\t\t<div class=\"elementor-widget-container\">\n\t\t\t<style>\/*! elementor - v3.15.0 - 20-08-2023 *\/\n.elementor-heading-title{padding:0;margin:0;line-height:1}.elementor-widget-heading .elementor-heading-title[class*=elementor-size-]>a{color:inherit;font-size:inherit;line-height:inherit}.elementor-widget-heading .elementor-heading-title.elementor-size-small{font-size:15px}.elementor-widget-heading .elementor-heading-title.elementor-size-medium{font-size:19px}.elementor-widget-heading .elementor-heading-title.elementor-size-large{font-size:29px}.elementor-widget-heading .elementor-heading-title.elementor-size-xl{font-size:39px}.elementor-widget-heading .elementor-heading-title.elementor-size-xxl{font-size:59px}<\/style><h2 class=\"elementor-heading-title elementor-size-default\">IHR BAUGESCH\u00c4FT IN NORDERSTEDT<\/h2>\t\t<\/div>\n\t\t\t\t<\/div>\n\t\t\t\t\t<\/div>\n\t\t<\/div>\n\t\t\t\t\t\t\t<\/div>\n\t\t<\/section>\n\t\t\t\t<section class=\"elementor-section elementor-top-section elementor-element elementor-element-231263c elementor-section-boxed elementor-section-height-default elementor-section-height-default\" data-id=\"231263c\" data-element_type=\"section\">\n\t\t\t\t\t\t<div class=\"elementor-container elementor-column-gap-default\">\n\t\t\t\t\t<div class=\"elementor-column elementor-col-100 elementor-top-column elementor-element elementor-element-6295403\" data-id=\"6295403\" data-element_type=\"column\">\n\t\t\t<div class=\"elementor-widget-wrap elementor-element-populated\">\n\t\t\t\t\t\t\t\t<div class=\"elementor-element elementor-element-3b90b65 elementor-widget elementor-widget-text-editor\" data-id=\"3b90b65\" data-element_type=\"widget\" data-widget_type=\"text-editor.default\">\n\t\t\t\t<div class=\"elementor-widget-container\">\n\t\t\t<style>\/*! elementor - v3.15.0 - 20-08-2023 *\/\n.elementor-widget-text-editor.elementor-drop-cap-view-stacked .elementor-drop-cap{background-color:#69727d;color:#fff}.elementor-widget-text-editor.elementor-drop-cap-view-framed .elementor-drop-cap{color:#69727d;border:3px solid;background-color:transparent}.elementor-widget-text-editor:not(.elementor-drop-cap-view-default) .elementor-drop-cap{margin-top:8px}.elementor-widget-text-editor:not(.elementor-drop-cap-view-default) .elementor-drop-cap-letter{width:1em;height:1em}.elementor-widget-text-editor .elementor-drop-cap{float:left;text-align:center;line-height:1;font-size:50px}.elementor-widget-text-editor .elementor-drop-cap-letter{display:inline-block}<\/style>\t\t\t\t<div id=\"text_highlighted\"><p><b>Fliesenverlegungen Hamburg<\/b><\/p><p>\u00a0<\/p><div><div class=\"preview\">Fliesenverlegungen\u00a0Hamburg\u00a0&#8211; Baugesch\u00e4ft Marco Schwebe setzt Ihre W\u00fcnsche um!<br \/><br \/>Strapazierf\u00e4hig, einfach zu reinigen und langlebig &#8211; kein Zweifel: Fliesen sind der perfekte Bodenbelag f\u00fcr Innenr\u00e4ume jeder Art. Als Fachbetrieb f\u00fcr\u00a0Fliesenverlegungen\u00a0in\u00a0Hamburg\u00a0sind wir &#8211; das Team im Baugesch\u00e4ft Marco Schwebe &#8211; ein bew\u00e4hrter Partner f\u00fcr Industrie- und Privatkunden. Wir sorgen durch eine akkurate Arbeitsweise und ein gutes Preis-Leistungsverh\u00e4ltnis gerne daf\u00fcr, dass hinterher nicht nur Ihr neu gefliester Boden, sondern auch Sie selbst (vor Gl\u00fcck) strahlen!<br \/><br \/>Wir erledigen stilvolle\u00a0Fliesenverlegungen\u00a0an W\u00e4nden und B\u00f6den<br \/><br \/>Ob aufregende Neuheiten, aktuelle Trends oder zeitlose Klassiker &#8211; unsere professionellen Fachleute finden f\u00fcr jeden Bereich Ihres Eigenheims eine angemessene und geschmackvolle L\u00f6sung. Neben einem ansprechenden Design legen wir bei modernen\u00a0Fliesenverlegungen\u00a0in\u00a0Hamburg\u00a0besonders viel Wert auf die Verwendung hochwertiger Materialien und volle Kostentransparenz von Anfang bis Ende. Dadurch haben Sie (und wir) jederzeit einen genauen \u00dcberblick \u00fcber den Umfang der Arbeiten und deren Kosten.<br \/><br \/>Zeitgem\u00e4\u00dfes Fachwissen &amp; ein motiviertes Team<br \/><br \/>Der Name Marco Schwebe steht f\u00fcr Fachwissen auf der H\u00f6he der Zeit und ein gut ausgebildetes, talentiertes Team solider Handwerker. Neben dem Fliesen verlegen in\u00a0Hamburg\u00a0\u00fcbernehmen wir gerne zus\u00e4tzliche T\u00e4tigkeiten f\u00fcr Sie &#8211; etwa die Sanierung und Neuverfugung von elastischen Fugen in und an Ihrem Haus.<br \/><br \/>Ihr Vorteil bei\u00a0Fliesenverlegungen\u00a0in\u00a0Hamburg: Gr\u00fcndliche Planung &amp; Durchf\u00fchrung<br \/><br \/>Eine sorgf\u00e4ltige Planung und eine pr\u00e4zise, termingerechte Durchf\u00fchrung sind das A und O bei allen\u00a0Fliesenverlegungen\u00a0in\u00a0Hamburg, die wir ausf\u00fchren. Typischerweise l\u00e4uft ein Projekt in diesen Schritten ab:<br \/><br \/>&#8211; Erstberatung anhand von Bildern oder vor Ort<br \/>&#8211; Analyse und Kostenberechnung<br \/>&#8211; Bemusterung<br \/>&#8211; Verlegung der Fliesen<br \/><br \/>Jetzt Angebot einholen!<br \/><br \/>Wir f\u00fchren sowohl kleine als auch gro\u00dfe Projekte vom G\u00e4stebad bis zur Gewerbefl\u00e4che in gleichbleibend hoher Qualit\u00e4t durch. Lassen Sie sich telefonisch beraten und fordern Sie direkt ein Angebot an, wenn Sie Interesse an hochwertigen\u00a0Fliesenverlegungen\u00a0in\u00a0Hamburg\u00a0und Umgebung haben. Wir freuen uns auf Sie!<\/div><\/div><\/div>\t\t\t\t\t\t<\/div>\n\t\t\t\t<\/div>\n\t\t\t\t\t<\/div>\n\t\t<\/div>\n\t\t\t\t\t\t\t<\/div>\n\t\t<\/section>\n\t\t\t\t\t\t\t<\/div>\n\t\t","protected":false},"excerpt":{"rendered":"<p>IHR BAUGESCH\u00c4FT IN NORDERSTEDT Sanierung von Balkonen im Raum Hamburg Die\u00a0Sanierung von Balkonen\u00a0ist eine Pflichtaufgabe, wenn beispielsweise der Bodenbelag sichtbare Sch\u00e4den (Risse) zeigt oder die Innenw\u00e4nde feucht sind. Diese Arbeit ist sensibel, da in der Regel das Gel\u00e4nder des Balkons demontiert werden muss. Au\u00dferdem wird in einer gewissen H\u00f6he gearbeitet. Experten sollten deshalb diese Aufgabe [&hellip;]<\/p>\n","protected":false},"author":1,"featured_media":0,"parent":0,"menu_order":0,"comment_status":"closed","ping_status":"closed","template":"elementor_canvas","meta":{"_seopress_robots_primary_cat":"","footnotes":""},"class_list":["post-293","page","type-page","status-publish","hentry"],"_links":{"self":[{"href":"https:\/\/hamburg-bauunternehmen.de\/index.php\/wp-json\/wp\/v2\/pages\/293","targetHints":{"allow":["GET"]}}],"collection":[{"href":"https:\/\/hamburg-bauunternehmen.de\/index.php\/wp-json\/wp\/v2\/pages"}],"about":[{"href":"https:\/\/hamburg-bauunternehmen.de\/index.php\/wp-json\/wp\/v2\/types\/page"}],"author":[{"embeddable":true,"href":"https:\/\/hamburg-bauunternehmen.de\/index.php\/wp-json\/wp\/v2\/users\/1"}],"replies":[{"embeddable":true,"href":"https:\/\/hamburg-bauunternehmen.de\/index.php\/wp-json\/wp\/v2\/comments?post=293"}],"version-history":[{"count":5,"href":"https:\/\/hamburg-bauunternehmen.de\/index.php\/wp-json\/wp\/v2\/pages\/293\/revisions"}],"predecessor-version":[{"id":298,"href":"https:\/\/hamburg-bauunternehmen.de\/index.php\/wp-json\/wp\/v2\/pages\/293\/revisions\/298"}],"wp:attachment":[{"href":"https:\/\/hamburg-bauunternehmen.de\/index.php\/wp-json\/wp\/v2\/media?parent=293"}],"curies":[{"name":"wp","href":"https:\/\/api.w.org\/{rel}","templated":true}]}}