{"id":305,"date":"2023-08-29T07:30:22","date_gmt":"2023-08-29T07:30:22","guid":{"rendered":"https:\/\/hamburg-bauunternehmen.de\/?page_id=305"},"modified":"2023-12-19T12:42:55","modified_gmt":"2023-12-19T12:42:55","slug":"trockenbau-hamburg","status":"publish","type":"page","link":"https:\/\/hamburg-bauunternehmen.de\/index.php\/trockenbau-hamburg\/","title":{"rendered":"\u00a0Trockenbau Hamburg"},"content":{"rendered":"\t\t<div data-elementor-type=\"wp-page\" data-elementor-id=\"305\" class=\"elementor elementor-305\">\n\t\t\t\t\t\t\t\t\t<section class=\"elementor-section elementor-top-section elementor-element elementor-element-7e17c85 elementor-section-height-min-height da-child elementor-section-boxed elementor-section-height-default elementor-section-items-middle\" data-id=\"7e17c85\" data-element_type=\"section\" id=\"home\" data-settings=\"{&quot;background_background&quot;:&quot;classic&quot;}\">\n\t\t\t\t\t\t\t<div class=\"elementor-background-overlay\"><\/div>\n\t\t\t\t\t\t\t<div class=\"elementor-container elementor-column-gap-default\">\n\t\t\t\t\t<div class=\"elementor-column elementor-col-100 elementor-top-column elementor-element elementor-element-5d82992\" data-id=\"5d82992\" data-element_type=\"column\">\n\t\t\t<div class=\"elementor-widget-wrap elementor-element-populated\">\n\t\t\t\t\t\t\t\t<div class=\"elementor-element elementor-element-10add7f elementor-widget__width-auto elementor-widget elementor-widget-image\" data-id=\"10add7f\" data-element_type=\"widget\" data-widget_type=\"image.default\">\n\t\t\t\t<div class=\"elementor-widget-container\">\n\t\t\t<style>\/*! elementor - v3.15.0 - 20-08-2023 *\/\n.elementor-widget-image{text-align:center}.elementor-widget-image a{display:inline-block}.elementor-widget-image a img[src$=\".svg\"]{width:48px}.elementor-widget-image img{vertical-align:middle;display:inline-block}<\/style>\t\t\t\t\t\t\t\t\t\t\t\t<img loading=\"lazy\" decoding=\"async\" width=\"800\" height=\"69\" src=\"https:\/\/hamburg-bauunternehmen.de\/wp-content\/uploads\/2022\/07\/logo.png\" class=\"attachment-large size-large wp-image-61\" alt=\"\" srcset=\"https:\/\/hamburg-bauunternehmen.de\/wp-content\/uploads\/2022\/07\/logo.png 833w, https:\/\/hamburg-bauunternehmen.de\/wp-content\/uploads\/2022\/07\/logo-300x26.png 300w, https:\/\/hamburg-bauunternehmen.de\/wp-content\/uploads\/2022\/07\/logo-768x66.png 768w\" sizes=\"auto, (max-width: 800px) 100vw, 800px\" \/>\t\t\t\t\t\t\t\t\t\t\t\t\t\t\t<\/div>\n\t\t\t\t<\/div>\n\t\t\t\t<div class=\"elementor-element elementor-element-1fa7b5a elementor-widget elementor-widget-spacer\" data-id=\"1fa7b5a\" data-element_type=\"widget\" data-widget_type=\"spacer.default\">\n\t\t\t\t<div class=\"elementor-widget-container\">\n\t\t\t<style>\/*! elementor - v3.15.0 - 20-08-2023 *\/\n.elementor-column .elementor-spacer-inner{height:var(--spacer-size)}.e-con{--container-widget-width:100%}.e-con-inner>.elementor-widget-spacer,.e-con>.elementor-widget-spacer{width:var(--container-widget-width,var(--spacer-size));--align-self:var(--container-widget-align-self,initial);--flex-shrink:0}.e-con-inner>.elementor-widget-spacer>.elementor-widget-container,.e-con-inner>.elementor-widget-spacer>.elementor-widget-container>.elementor-spacer,.e-con>.elementor-widget-spacer>.elementor-widget-container,.e-con>.elementor-widget-spacer>.elementor-widget-container>.elementor-spacer{height:100%}.e-con-inner>.elementor-widget-spacer>.elementor-widget-container>.elementor-spacer>.elementor-spacer-inner,.e-con>.elementor-widget-spacer>.elementor-widget-container>.elementor-spacer>.elementor-spacer-inner{height:var(--container-widget-height,var(--spacer-size))}<\/style>\t\t<div class=\"elementor-spacer\">\n\t\t\t<div class=\"elementor-spacer-inner\"><\/div>\n\t\t<\/div>\n\t\t\t\t<\/div>\n\t\t\t\t<\/div>\n\t\t\t\t<div class=\"elementor-element elementor-element-18d49cf elementor-widget elementor-widget-heading\" data-id=\"18d49cf\" data-element_type=\"widget\" data-widget_type=\"heading.default\">\n\t\t\t\t<div class=\"elementor-widget-container\">\n\t\t\t<style>\/*! elementor - v3.15.0 - 20-08-2023 *\/\n.elementor-heading-title{padding:0;margin:0;line-height:1}.elementor-widget-heading .elementor-heading-title[class*=elementor-size-]>a{color:inherit;font-size:inherit;line-height:inherit}.elementor-widget-heading .elementor-heading-title.elementor-size-small{font-size:15px}.elementor-widget-heading .elementor-heading-title.elementor-size-medium{font-size:19px}.elementor-widget-heading .elementor-heading-title.elementor-size-large{font-size:29px}.elementor-widget-heading .elementor-heading-title.elementor-size-xl{font-size:39px}.elementor-widget-heading .elementor-heading-title.elementor-size-xxl{font-size:59px}<\/style><h2 class=\"elementor-heading-title elementor-size-default\">IHR BAUGESCH\u00c4FT IN NORDERSTEDT<\/h2>\t\t<\/div>\n\t\t\t\t<\/div>\n\t\t\t\t\t<\/div>\n\t\t<\/div>\n\t\t\t\t\t\t\t<\/div>\n\t\t<\/section>\n\t\t\t\t<section class=\"elementor-section elementor-top-section elementor-element elementor-element-231263c elementor-section-boxed elementor-section-height-default elementor-section-height-default\" data-id=\"231263c\" data-element_type=\"section\">\n\t\t\t\t\t\t<div class=\"elementor-container elementor-column-gap-default\">\n\t\t\t\t\t<div class=\"elementor-column elementor-col-100 elementor-top-column elementor-element elementor-element-6295403\" data-id=\"6295403\" data-element_type=\"column\">\n\t\t\t<div class=\"elementor-widget-wrap elementor-element-populated\">\n\t\t\t\t\t\t\t\t<div class=\"elementor-element elementor-element-3b90b65 elementor-widget elementor-widget-text-editor\" data-id=\"3b90b65\" data-element_type=\"widget\" data-widget_type=\"text-editor.default\">\n\t\t\t\t<div class=\"elementor-widget-container\">\n\t\t\t<style>\/*! elementor - v3.15.0 - 20-08-2023 *\/\n.elementor-widget-text-editor.elementor-drop-cap-view-stacked .elementor-drop-cap{background-color:#69727d;color:#fff}.elementor-widget-text-editor.elementor-drop-cap-view-framed .elementor-drop-cap{color:#69727d;border:3px solid;background-color:transparent}.elementor-widget-text-editor:not(.elementor-drop-cap-view-default) .elementor-drop-cap{margin-top:8px}.elementor-widget-text-editor:not(.elementor-drop-cap-view-default) .elementor-drop-cap-letter{width:1em;height:1em}.elementor-widget-text-editor .elementor-drop-cap{float:left;text-align:center;line-height:1;font-size:50px}.elementor-widget-text-editor .elementor-drop-cap-letter{display:inline-block}<\/style>\t\t\t\t<div id=\"text_highlighted\"><p><b>Trockenbau Hamburg<\/b><\/p><p>\u00a0<\/p><div><div class=\"preview\">Sie m\u00f6chten den Innenraum Ihres Hauses in\u00a0Hamburg\u00a0neu gestalten? Dann sind Sie bei unseren Profis f\u00fcr innovativen\u00a0Trockenbau\u00a0an der richtigen Stelle. Mit modernen Gipskartonplatten und Metallst\u00e4nderwerken sowie innovativen, den neuesten Baustandards entsprechenden D\u00e4mmstoffen realisieren wir die Arbeit ganz nach Ihren Vorstellungen und Bed\u00fcrfnissen.<br \/><br \/>Wir sind die Spezialisten f\u00fcr\u00a0Trockenbau\u00a0in\u00a0Hamburg\u00a0und Umgebung:<br \/><br \/>&#8211; Fachgerechte Ausf\u00fchrung aller Arbeiten durch geschulte Trockenbauer<br \/>&#8211; Schnelle und akkurate Ausf\u00fchrung<br \/>&#8211; Verwendung hochwertiger, langlebiger Materialien<br \/>&#8211; Orientierung an Kundenw\u00fcnschen<br \/>&#8211; Faires Preis-Leistungs-Verh\u00e4ltnis<br \/><br \/><br \/><br \/>Trockenbau\u00a0erm\u00f6glicht eine flexible Raumgestaltung. Unsere modernen Systeme sind an alle r\u00e4umlichen Gegebenheiten leicht anpassbar, um Ver\u00e4nderungen in der Nutzung von Wohn- und B\u00fcror\u00e4umen in\u00a0Hamburg\u00a0oder neuen Designanforderungen gerecht zu werden.<br \/><br \/>Alle\u00a0Trockenbau-Arbeiten in\u00a0Hamburg\u00a0werden von uns entsprechend nationaler und internationaler Normen und Standards ausgef\u00fchrt, um eine hohe Qualit\u00e4t und Sicherheit der Konstruktionen zu gew\u00e4hrleisten. Sie garantieren einen effizienten Brand-, Schall- und W\u00e4rmeschutz. Impr\u00e4gnierte D\u00e4mmstoffe sorgen f\u00fcr eine optimale Feuchtigkeitsbest\u00e4ndigkeit unserer\u00a0Trockenbau-Konstruktionen.<br \/><br \/>Bei der Ausf\u00fchrung unserer Arbeiten legen wir auch in\u00a0Hamburg\u00a0gr\u00f6\u00dften Wert auf Energieeffizienz und Nachhaltigkeit. Eine solide W\u00e4rmed\u00e4mmung tr\u00e4gt dazu bei, den Energieverbrauch f\u00fcr Heizung und K\u00fchlung zu minimieren. Moderne\u00a0Trockenbau-Systeme k\u00f6nnen mit umweltfreundlichen D\u00e4mmstoffen aus nachhaltigen Materialien wie Zellulose, Hanf oder recycelten Fasern ausgestattet werden. Die Verwendung von recycelbaren Materialien tr\u00e4gt zur Reduzierung des Abfallaufkommens bei und minimiert den \u00f6kologischen Fu\u00dfabdruck.<br \/>Die Art der Durchf\u00fchrung unserer Bauprojekte in\u00a0Hamburg\u00a0ist ebenfalls auf Nachhaltigkeit ausgerichtet. Effiziente Bauprozesse, wie pr\u00e4zise Planung und minimale Abf\u00e4lle, tragen zu Energieeffizienz und Nachhaltigkeit bei.<br \/><br \/><br \/>Mit unseren Profis kommen auch \u00e4sthetische Aspekte des Trockenbaus nicht zu kurz. Werden doch diese Bereiche nicht nur f\u00fcr funktionale, sondern auch f\u00fcr gestalterische Zwecke genutzt. Vielf\u00e4ltige Oberfl\u00e4chenstrukturen &#8211; glatt, geriffelt, strukturiert oder perforiert &#8211; beeinflussen das Erscheinungsbild der W\u00e4nde und Decken ebenso wie Farbgebung und Beleuchtungseffekte.<br \/><br \/>Kontaktieren Sie uns. Wir beraten Sie gern und realisieren Ihr\u00a0Trockenbau-Projekt in\u00a0Hamburg\u00a0professionell und zuverl\u00e4ssig.<\/div><\/div><\/div>\t\t\t\t\t\t<\/div>\n\t\t\t\t<\/div>\n\t\t\t\t\t<\/div>\n\t\t<\/div>\n\t\t\t\t\t\t\t<\/div>\n\t\t<\/section>\n\t\t\t\t\t\t\t<\/div>\n\t\t","protected":false},"excerpt":{"rendered":"<p>IHR BAUGESCH\u00c4FT IN NORDERSTEDT Trockenbau Hamburg \u00a0 Sie m\u00f6chten den Innenraum Ihres Hauses in\u00a0Hamburg\u00a0neu gestalten? Dann sind Sie bei unseren Profis f\u00fcr innovativen\u00a0Trockenbau\u00a0an der richtigen Stelle. Mit modernen Gipskartonplatten und Metallst\u00e4nderwerken sowie innovativen, den neuesten Baustandards entsprechenden D\u00e4mmstoffen realisieren wir die Arbeit ganz nach Ihren Vorstellungen und Bed\u00fcrfnissen. Wir sind die Spezialisten f\u00fcr\u00a0Trockenbau\u00a0in\u00a0Hamburg\u00a0und Umgebung: &#8211; [&hellip;]<\/p>\n","protected":false},"author":1,"featured_media":0,"parent":0,"menu_order":0,"comment_status":"closed","ping_status":"closed","template":"elementor_canvas","meta":{"_seopress_robots_primary_cat":"","footnotes":""},"class_list":["post-305","page","type-page","status-publish","hentry"],"_links":{"self":[{"href":"https:\/\/hamburg-bauunternehmen.de\/index.php\/wp-json\/wp\/v2\/pages\/305","targetHints":{"allow":["GET"]}}],"collection":[{"href":"https:\/\/hamburg-bauunternehmen.de\/index.php\/wp-json\/wp\/v2\/pages"}],"about":[{"href":"https:\/\/hamburg-bauunternehmen.de\/index.php\/wp-json\/wp\/v2\/types\/page"}],"author":[{"embeddable":true,"href":"https:\/\/hamburg-bauunternehmen.de\/index.php\/wp-json\/wp\/v2\/users\/1"}],"replies":[{"embeddable":true,"href":"https:\/\/hamburg-bauunternehmen.de\/index.php\/wp-json\/wp\/v2\/comments?post=305"}],"version-history":[{"count":10,"href":"https:\/\/hamburg-bauunternehmen.de\/index.php\/wp-json\/wp\/v2\/pages\/305\/revisions"}],"predecessor-version":[{"id":371,"href":"https:\/\/hamburg-bauunternehmen.de\/index.php\/wp-json\/wp\/v2\/pages\/305\/revisions\/371"}],"wp:attachment":[{"href":"https:\/\/hamburg-bauunternehmen.de\/index.php\/wp-json\/wp\/v2\/media?parent=305"}],"curies":[{"name":"wp","href":"https:\/\/api.w.org\/{rel}","templated":true}]}}