{"id":330,"date":"2023-09-28T08:44:02","date_gmt":"2023-09-28T08:44:02","guid":{"rendered":"https:\/\/hamburg-bauunternehmen.de\/?page_id=330"},"modified":"2023-09-28T08:44:46","modified_gmt":"2023-09-28T08:44:46","slug":"wande-entfernen-hamburg","status":"publish","type":"page","link":"https:\/\/hamburg-bauunternehmen.de\/index.php\/wande-entfernen-hamburg\/","title":{"rendered":"\u00a0W\u00e4nde entfernen Hamburg"},"content":{"rendered":"\t\t<div data-elementor-type=\"wp-page\" data-elementor-id=\"330\" class=\"elementor elementor-330\">\n\t\t\t\t\t\t\t\t\t<section class=\"elementor-section elementor-top-section elementor-element elementor-element-7e17c85 elementor-section-height-min-height da-child elementor-section-boxed elementor-section-height-default elementor-section-items-middle\" data-id=\"7e17c85\" data-element_type=\"section\" id=\"home\" data-settings=\"{&quot;background_background&quot;:&quot;classic&quot;}\">\n\t\t\t\t\t\t\t<div class=\"elementor-background-overlay\"><\/div>\n\t\t\t\t\t\t\t<div class=\"elementor-container elementor-column-gap-default\">\n\t\t\t\t\t<div class=\"elementor-column elementor-col-100 elementor-top-column elementor-element elementor-element-5d82992\" data-id=\"5d82992\" data-element_type=\"column\">\n\t\t\t<div class=\"elementor-widget-wrap elementor-element-populated\">\n\t\t\t\t\t\t\t\t<div class=\"elementor-element elementor-element-10add7f elementor-widget__width-auto elementor-widget elementor-widget-image\" data-id=\"10add7f\" data-element_type=\"widget\" data-widget_type=\"image.default\">\n\t\t\t\t<div class=\"elementor-widget-container\">\n\t\t\t<style>\/*! elementor - v3.15.0 - 20-08-2023 *\/\n.elementor-widget-image{text-align:center}.elementor-widget-image a{display:inline-block}.elementor-widget-image a img[src$=\".svg\"]{width:48px}.elementor-widget-image img{vertical-align:middle;display:inline-block}<\/style>\t\t\t\t\t\t\t\t\t\t\t\t<img loading=\"lazy\" decoding=\"async\" width=\"800\" height=\"69\" src=\"https:\/\/hamburg-bauunternehmen.de\/wp-content\/uploads\/2022\/07\/logo.png\" class=\"attachment-large size-large wp-image-61\" alt=\"\" srcset=\"https:\/\/hamburg-bauunternehmen.de\/wp-content\/uploads\/2022\/07\/logo.png 833w, https:\/\/hamburg-bauunternehmen.de\/wp-content\/uploads\/2022\/07\/logo-300x26.png 300w, https:\/\/hamburg-bauunternehmen.de\/wp-content\/uploads\/2022\/07\/logo-768x66.png 768w\" sizes=\"auto, (max-width: 800px) 100vw, 800px\" \/>\t\t\t\t\t\t\t\t\t\t\t\t\t\t\t<\/div>\n\t\t\t\t<\/div>\n\t\t\t\t<div class=\"elementor-element elementor-element-1fa7b5a elementor-widget elementor-widget-spacer\" data-id=\"1fa7b5a\" data-element_type=\"widget\" data-widget_type=\"spacer.default\">\n\t\t\t\t<div class=\"elementor-widget-container\">\n\t\t\t<style>\/*! elementor - v3.15.0 - 20-08-2023 *\/\n.elementor-column .elementor-spacer-inner{height:var(--spacer-size)}.e-con{--container-widget-width:100%}.e-con-inner>.elementor-widget-spacer,.e-con>.elementor-widget-spacer{width:var(--container-widget-width,var(--spacer-size));--align-self:var(--container-widget-align-self,initial);--flex-shrink:0}.e-con-inner>.elementor-widget-spacer>.elementor-widget-container,.e-con-inner>.elementor-widget-spacer>.elementor-widget-container>.elementor-spacer,.e-con>.elementor-widget-spacer>.elementor-widget-container,.e-con>.elementor-widget-spacer>.elementor-widget-container>.elementor-spacer{height:100%}.e-con-inner>.elementor-widget-spacer>.elementor-widget-container>.elementor-spacer>.elementor-spacer-inner,.e-con>.elementor-widget-spacer>.elementor-widget-container>.elementor-spacer>.elementor-spacer-inner{height:var(--container-widget-height,var(--spacer-size))}<\/style>\t\t<div class=\"elementor-spacer\">\n\t\t\t<div class=\"elementor-spacer-inner\"><\/div>\n\t\t<\/div>\n\t\t\t\t<\/div>\n\t\t\t\t<\/div>\n\t\t\t\t<div class=\"elementor-element elementor-element-18d49cf elementor-widget elementor-widget-heading\" data-id=\"18d49cf\" data-element_type=\"widget\" data-widget_type=\"heading.default\">\n\t\t\t\t<div class=\"elementor-widget-container\">\n\t\t\t<style>\/*! elementor - v3.15.0 - 20-08-2023 *\/\n.elementor-heading-title{padding:0;margin:0;line-height:1}.elementor-widget-heading .elementor-heading-title[class*=elementor-size-]>a{color:inherit;font-size:inherit;line-height:inherit}.elementor-widget-heading .elementor-heading-title.elementor-size-small{font-size:15px}.elementor-widget-heading .elementor-heading-title.elementor-size-medium{font-size:19px}.elementor-widget-heading .elementor-heading-title.elementor-size-large{font-size:29px}.elementor-widget-heading .elementor-heading-title.elementor-size-xl{font-size:39px}.elementor-widget-heading .elementor-heading-title.elementor-size-xxl{font-size:59px}<\/style><h2 class=\"elementor-heading-title elementor-size-default\">IHR BAUGESCH\u00c4FT IN NORDERSTEDT<\/h2>\t\t<\/div>\n\t\t\t\t<\/div>\n\t\t\t\t\t<\/div>\n\t\t<\/div>\n\t\t\t\t\t\t\t<\/div>\n\t\t<\/section>\n\t\t\t\t<section class=\"elementor-section elementor-top-section elementor-element elementor-element-231263c elementor-section-boxed elementor-section-height-default elementor-section-height-default\" data-id=\"231263c\" data-element_type=\"section\">\n\t\t\t\t\t\t<div class=\"elementor-container elementor-column-gap-default\">\n\t\t\t\t\t<div class=\"elementor-column elementor-col-100 elementor-top-column elementor-element elementor-element-6295403\" data-id=\"6295403\" data-element_type=\"column\">\n\t\t\t<div class=\"elementor-widget-wrap elementor-element-populated\">\n\t\t\t\t\t\t\t\t<div class=\"elementor-element elementor-element-3b90b65 elementor-widget elementor-widget-text-editor\" data-id=\"3b90b65\" data-element_type=\"widget\" data-widget_type=\"text-editor.default\">\n\t\t\t\t<div class=\"elementor-widget-container\">\n\t\t\t<style>\/*! elementor - v3.15.0 - 20-08-2023 *\/\n.elementor-widget-text-editor.elementor-drop-cap-view-stacked .elementor-drop-cap{background-color:#69727d;color:#fff}.elementor-widget-text-editor.elementor-drop-cap-view-framed .elementor-drop-cap{color:#69727d;border:3px solid;background-color:transparent}.elementor-widget-text-editor:not(.elementor-drop-cap-view-default) .elementor-drop-cap{margin-top:8px}.elementor-widget-text-editor:not(.elementor-drop-cap-view-default) .elementor-drop-cap-letter{width:1em;height:1em}.elementor-widget-text-editor .elementor-drop-cap{float:left;text-align:center;line-height:1;font-size:50px}.elementor-widget-text-editor .elementor-drop-cap-letter{display:inline-block}<\/style>\t\t\t\t<div id=\"text_highlighted\"><p><b>W\u00e4nde entfernen Hamburg<\/b><\/p><p>\u00a0<\/p><div><div class=\"preview\">W\u00e4nde\u00a0professionell entfernen lassen in\u00a0Hamburg<br \/><br \/>Als Ihr Baugesch\u00e4ft in Norderstedt \u00fcbernehmen wir f\u00fcr Sie Wandentfernungen aller Art in\u00a0Hamburg\u00a0und Umgebung. Ob Sie einen Wanddurchbruch w\u00fcnschen oder es darum geht, komplette\u00a0W\u00e4nde\u00a0oder gemauerte Pfeiler zu entfernen: Unsere Fachleute sind auf das Entfernen tragender und nichttragender\u00a0W\u00e4nde\u00a0mit entsprechender Planung, Absicherung und Durchf\u00fchrung spezialisiert, um Ihren Wohnbereich heller, luftiger und ger\u00e4umiger zu gestalten.<br \/><br \/>Fachgerechte Wandentfernung durch erfahrene Maurer und Betonbaumeister in\u00a0Hamburg<br \/><br \/>Der Sicherheitsaspekt steht bei der professionellen Wandentfernung an vorderster Stelle. So setzt die Entfernung Ihrer\u00a0W\u00e4nde\u00a0eine Begutachtung durch einen Statiker und eine Baugenehmigung voraus. Als erfahrene Maurer und Betonbaumeister f\u00fchren wir jeden Wanddurchbruch fachgerecht und kundenorientiert durch. Auf eine sorgf\u00e4ltige Tragf\u00e4higkeitspr\u00fcfung folgen die Baustellenvorbereitung samt Folienabdichtung zur Schmutzreduzierung sowie der Einbau von St\u00fctzma\u00dfnahmen zur statischen Absicherung.<br \/><br \/>Wir entfernen Ihre\u00a0W\u00e4nde\u00a0im Raum\u00a0Hamburg\u00a0schnell und effektiv<br \/><br \/>Je nach Art und Umfang kommen bei einer Wandentfernung unterschiedliche Methoden und Werkzeuge wie Hammer und Mei\u00dfel, ein Kern- beziehungsweise Bohrhammer oder ein Schneidbrenner zum Einsatz. Ist die Entfernung der\u00a0W\u00e4nde\u00a0abgeschlossen, stellen wir die Tragf\u00e4higkeit wieder her, indem notwendige Tr\u00e4ger verbaut und Abst\u00fctzma\u00dfnahmen entfernt werden. Gerne \u00fcbernehmen wir f\u00fcr Sie im Anschluss an den Wanddurchbruch auch das Verputzen und Verkleiden der\u00a0W\u00e4nde.<br \/><br \/>Wanddurchbr\u00fcche in\u00a0Hamburg\u00a0zu einem g\u00fcnstigen Preisleistungsverh\u00e4ltnis<br \/><br \/>Auch, wenn bei einer Wandentfernung durch einen Fachbetrieb Kosten anfallen, profitieren Sie als Auftraggeber im Raum\u00a0Hamburg\u00a0von unserer langj\u00e4hrigen Erfahrung und unserem Fachwissen. So erfolgt die Entfernung Ihrer\u00a0W\u00e4nde\u00a0schnell und effektiv, wodurch das Risiko einer Sch\u00e4digung der umliegenden Bausubstanz gemindert ist. Eine zuverl\u00e4ssige und saubere Arbeitsweise ist uns im Hinblick auf eine hohe Kundenzufriedenheit besonders wichtig.<br \/><br \/>Vertrauen Sie die Entfernung Ihrer\u00a0W\u00e4nde\u00a0daher dem Experten an und profitieren Sie bei Marco Schwebe als Ihrem Baugesch\u00e4ft in Norderstedt nahe\u00a0Hamburg\u00a0von unserem g\u00fcnstigen Preisleistungsverh\u00e4ltnis. Wir freuen uns auf Ihre Anfrage.<\/div><\/div><\/div>\t\t\t\t\t\t<\/div>\n\t\t\t\t<\/div>\n\t\t\t\t\t<\/div>\n\t\t<\/div>\n\t\t\t\t\t\t\t<\/div>\n\t\t<\/section>\n\t\t\t\t\t\t\t<\/div>\n\t\t","protected":false},"excerpt":{"rendered":"<p>IHR BAUGESCH\u00c4FT IN NORDERSTEDT Sanierung von Balkonen im Raum Hamburg Die\u00a0Sanierung von Balkonen\u00a0ist eine Pflichtaufgabe, wenn beispielsweise der Bodenbelag sichtbare Sch\u00e4den (Risse) zeigt oder die Innenw\u00e4nde feucht sind. Diese Arbeit ist sensibel, da in der Regel das Gel\u00e4nder des Balkons demontiert werden muss. Au\u00dferdem wird in einer gewissen H\u00f6he gearbeitet. Experten sollten deshalb diese Aufgabe [&hellip;]<\/p>\n","protected":false},"author":1,"featured_media":0,"parent":0,"menu_order":0,"comment_status":"closed","ping_status":"closed","template":"elementor_canvas","meta":{"_seopress_robots_primary_cat":"","footnotes":""},"class_list":["post-330","page","type-page","status-publish","hentry"],"_links":{"self":[{"href":"https:\/\/hamburg-bauunternehmen.de\/index.php\/wp-json\/wp\/v2\/pages\/330","targetHints":{"allow":["GET"]}}],"collection":[{"href":"https:\/\/hamburg-bauunternehmen.de\/index.php\/wp-json\/wp\/v2\/pages"}],"about":[{"href":"https:\/\/hamburg-bauunternehmen.de\/index.php\/wp-json\/wp\/v2\/types\/page"}],"author":[{"embeddable":true,"href":"https:\/\/hamburg-bauunternehmen.de\/index.php\/wp-json\/wp\/v2\/users\/1"}],"replies":[{"embeddable":true,"href":"https:\/\/hamburg-bauunternehmen.de\/index.php\/wp-json\/wp\/v2\/comments?post=330"}],"version-history":[{"count":5,"href":"https:\/\/hamburg-bauunternehmen.de\/index.php\/wp-json\/wp\/v2\/pages\/330\/revisions"}],"predecessor-version":[{"id":335,"href":"https:\/\/hamburg-bauunternehmen.de\/index.php\/wp-json\/wp\/v2\/pages\/330\/revisions\/335"}],"wp:attachment":[{"href":"https:\/\/hamburg-bauunternehmen.de\/index.php\/wp-json\/wp\/v2\/media?parent=330"}],"curies":[{"name":"wp","href":"https:\/\/api.w.org\/{rel}","templated":true}]}}