{"id":339,"date":"2023-10-31T07:26:28","date_gmt":"2023-10-31T07:26:28","guid":{"rendered":"https:\/\/hamburg-bauunternehmen.de\/?page_id=339"},"modified":"2023-10-31T07:27:17","modified_gmt":"2023-10-31T07:27:17","slug":"bauhandwerk-hamburg","status":"publish","type":"page","link":"https:\/\/hamburg-bauunternehmen.de\/index.php\/bauhandwerk-hamburg\/","title":{"rendered":"\u00a0Bauhandwerk Hamburg"},"content":{"rendered":"\t\t<div data-elementor-type=\"wp-page\" data-elementor-id=\"339\" class=\"elementor elementor-339\">\n\t\t\t\t\t\t\t\t\t<section class=\"elementor-section elementor-top-section elementor-element elementor-element-7e17c85 elementor-section-height-min-height da-child elementor-section-boxed elementor-section-height-default elementor-section-items-middle\" data-id=\"7e17c85\" data-element_type=\"section\" id=\"home\" data-settings=\"{&quot;background_background&quot;:&quot;classic&quot;}\">\n\t\t\t\t\t\t\t<div class=\"elementor-background-overlay\"><\/div>\n\t\t\t\t\t\t\t<div class=\"elementor-container elementor-column-gap-default\">\n\t\t\t\t\t<div class=\"elementor-column elementor-col-100 elementor-top-column elementor-element elementor-element-5d82992\" data-id=\"5d82992\" data-element_type=\"column\">\n\t\t\t<div class=\"elementor-widget-wrap elementor-element-populated\">\n\t\t\t\t\t\t\t\t<div class=\"elementor-element elementor-element-10add7f elementor-widget__width-auto elementor-widget elementor-widget-image\" data-id=\"10add7f\" data-element_type=\"widget\" data-widget_type=\"image.default\">\n\t\t\t\t<div class=\"elementor-widget-container\">\n\t\t\t<style>\/*! elementor - v3.15.0 - 20-08-2023 *\/\n.elementor-widget-image{text-align:center}.elementor-widget-image a{display:inline-block}.elementor-widget-image a img[src$=\".svg\"]{width:48px}.elementor-widget-image img{vertical-align:middle;display:inline-block}<\/style>\t\t\t\t\t\t\t\t\t\t\t\t<img loading=\"lazy\" decoding=\"async\" width=\"800\" height=\"69\" src=\"https:\/\/hamburg-bauunternehmen.de\/wp-content\/uploads\/2022\/07\/logo.png\" class=\"attachment-large size-large wp-image-61\" alt=\"\" srcset=\"https:\/\/hamburg-bauunternehmen.de\/wp-content\/uploads\/2022\/07\/logo.png 833w, https:\/\/hamburg-bauunternehmen.de\/wp-content\/uploads\/2022\/07\/logo-300x26.png 300w, https:\/\/hamburg-bauunternehmen.de\/wp-content\/uploads\/2022\/07\/logo-768x66.png 768w\" sizes=\"auto, (max-width: 800px) 100vw, 800px\" \/>\t\t\t\t\t\t\t\t\t\t\t\t\t\t\t<\/div>\n\t\t\t\t<\/div>\n\t\t\t\t<div class=\"elementor-element elementor-element-1fa7b5a elementor-widget elementor-widget-spacer\" data-id=\"1fa7b5a\" data-element_type=\"widget\" data-widget_type=\"spacer.default\">\n\t\t\t\t<div class=\"elementor-widget-container\">\n\t\t\t<style>\/*! elementor - v3.15.0 - 20-08-2023 *\/\n.elementor-column .elementor-spacer-inner{height:var(--spacer-size)}.e-con{--container-widget-width:100%}.e-con-inner>.elementor-widget-spacer,.e-con>.elementor-widget-spacer{width:var(--container-widget-width,var(--spacer-size));--align-self:var(--container-widget-align-self,initial);--flex-shrink:0}.e-con-inner>.elementor-widget-spacer>.elementor-widget-container,.e-con-inner>.elementor-widget-spacer>.elementor-widget-container>.elementor-spacer,.e-con>.elementor-widget-spacer>.elementor-widget-container,.e-con>.elementor-widget-spacer>.elementor-widget-container>.elementor-spacer{height:100%}.e-con-inner>.elementor-widget-spacer>.elementor-widget-container>.elementor-spacer>.elementor-spacer-inner,.e-con>.elementor-widget-spacer>.elementor-widget-container>.elementor-spacer>.elementor-spacer-inner{height:var(--container-widget-height,var(--spacer-size))}<\/style>\t\t<div class=\"elementor-spacer\">\n\t\t\t<div class=\"elementor-spacer-inner\"><\/div>\n\t\t<\/div>\n\t\t\t\t<\/div>\n\t\t\t\t<\/div>\n\t\t\t\t<div class=\"elementor-element elementor-element-18d49cf elementor-widget elementor-widget-heading\" data-id=\"18d49cf\" data-element_type=\"widget\" data-widget_type=\"heading.default\">\n\t\t\t\t<div class=\"elementor-widget-container\">\n\t\t\t<style>\/*! elementor - v3.15.0 - 20-08-2023 *\/\n.elementor-heading-title{padding:0;margin:0;line-height:1}.elementor-widget-heading .elementor-heading-title[class*=elementor-size-]>a{color:inherit;font-size:inherit;line-height:inherit}.elementor-widget-heading .elementor-heading-title.elementor-size-small{font-size:15px}.elementor-widget-heading .elementor-heading-title.elementor-size-medium{font-size:19px}.elementor-widget-heading .elementor-heading-title.elementor-size-large{font-size:29px}.elementor-widget-heading .elementor-heading-title.elementor-size-xl{font-size:39px}.elementor-widget-heading .elementor-heading-title.elementor-size-xxl{font-size:59px}<\/style><h2 class=\"elementor-heading-title elementor-size-default\">IHR BAUGESCH\u00c4FT IN NORDERSTEDT<\/h2>\t\t<\/div>\n\t\t\t\t<\/div>\n\t\t\t\t\t<\/div>\n\t\t<\/div>\n\t\t\t\t\t\t\t<\/div>\n\t\t<\/section>\n\t\t\t\t<section class=\"elementor-section elementor-top-section elementor-element elementor-element-231263c elementor-section-boxed elementor-section-height-default elementor-section-height-default\" data-id=\"231263c\" data-element_type=\"section\">\n\t\t\t\t\t\t<div class=\"elementor-container elementor-column-gap-default\">\n\t\t\t\t\t<div class=\"elementor-column elementor-col-100 elementor-top-column elementor-element elementor-element-6295403\" data-id=\"6295403\" data-element_type=\"column\">\n\t\t\t<div class=\"elementor-widget-wrap elementor-element-populated\">\n\t\t\t\t\t\t\t\t<div class=\"elementor-element elementor-element-3b90b65 elementor-widget elementor-widget-text-editor\" data-id=\"3b90b65\" data-element_type=\"widget\" data-widget_type=\"text-editor.default\">\n\t\t\t\t<div class=\"elementor-widget-container\">\n\t\t\t<style>\/*! elementor - v3.15.0 - 20-08-2023 *\/\n.elementor-widget-text-editor.elementor-drop-cap-view-stacked .elementor-drop-cap{background-color:#69727d;color:#fff}.elementor-widget-text-editor.elementor-drop-cap-view-framed .elementor-drop-cap{color:#69727d;border:3px solid;background-color:transparent}.elementor-widget-text-editor:not(.elementor-drop-cap-view-default) .elementor-drop-cap{margin-top:8px}.elementor-widget-text-editor:not(.elementor-drop-cap-view-default) .elementor-drop-cap-letter{width:1em;height:1em}.elementor-widget-text-editor .elementor-drop-cap{float:left;text-align:center;line-height:1;font-size:50px}.elementor-widget-text-editor .elementor-drop-cap-letter{display:inline-block}<\/style>\t\t\t\t<div id=\"text_highlighted\"><div id=\"text_highlighted\"><p><b>Bauhandwerk Hamburg<\/b><\/p><br \/><div><div class=\"preview\">Suchen Sie in\u00a0Hamburg\u00a0einen Experten, der sein\u00a0Bauhandwerk\u00a0seit vielen Jahren beherrscht? Ob Sanierungsarbeiten, Wanddurchbr\u00fcche oder Fliesenverlegungen, Marco Schwebe aus Norderstedt freut sich auf Ihren Auftrag. Der Maurer und Betonbaumeister kommt gerne zu Ihnen in die Hansestadt, um Bauprojekte zu realisieren. Bei s\u00e4mtlichen Vorhaben profitieren Sie von einem g\u00fcnstigen Preis-Leistungs-Verh\u00e4ltnis.<br \/><br \/>Bauhandwerk\u00a0in\u00a0Hamburg\u00a0mit kundenorientierten Werten<br \/><br \/>Das Gesch\u00e4ft von Marco Schwebe pflegt eine besonders kundenfreundliche Philosophie, damit Sie das\u00a0Bauhandwerk\u00a0in\u00a0Hamburg\u00a0rundum zufrieden stellt. Folgende Werte haben f\u00fcr den Fachmann und seine Mitarbeiter h\u00f6chste Priorit\u00e4t:<br \/><br \/>&#8211; Zuverl\u00e4ssigkeit<br \/>&#8211; P\u00fcnktlichkeit<br \/>&#8211; Sauberkeit<br \/>&#8211; Fairness<br \/><br \/>Es ist ganz gleich, ob Sie sich f\u00fcr Geb\u00e4udesanierungen, Estrich-Arbeiten oder Umbauma\u00dfnahmen entscheiden: Das Unternehmen aus Norderstedt nimmt sein\u00a0Bauhandwerk\u00a0ernst und fokussiert sich am Einsatzort in\u00a0Hamburg\u00a0stets auf L\u00f6sungen. Damit eine hohe Qualit\u00e4t gewahrt wird, nutzt die Firma Schwebe bei s\u00e4mtlichen Arbeiten hochwertige Bauchemie, PCI und Remmers. Schlie\u00dflich soll das\u00a0Bauhandwerk\u00a0in\u00a0Hamburg\u00a0halten, was es verspricht: ein Ergebnis von langer Lebensdauer.<br \/><br \/>Das Bauunternehmen Schwebe und seine Leistungen<br \/><br \/>F\u00fcr\u00a0Bauhandwerk\u00a0in Innen- und Au\u00dfenbereichen von Geb\u00e4uden ist das Baugesch\u00e4ft Schwebe f\u00fcr Einwohner von\u00a0Hamburg\u00a0die richtige Adresse. Die versierten Handwerker erledigen f\u00fcr Sie ein breites Spektrum an Leistungen, darunter beispielsweise Balkonsanierungen, Putzarbeiten, Fliesenverlegungen oder das Abdichten von W\u00e4nden.<br \/><br \/>Fliesenverlegung ist ein\u00a0Bauhandwerk, das sich nicht nur im Badezimmer und in der K\u00fcche gro\u00dfer Beliebtheit erfreut. Zahlreiche Kunden in\u00a0Hamburg\u00a0lassen heutzutage auch ihre Wohnzimmerb\u00f6den mit Fliesen ausstatten. Erstens sehen solche Fu\u00dfb\u00f6den edel aus, zweitens lassen sie sich leichter reinigen als Teppiche.<br \/><br \/>Vielleicht ist in Ihrem Haus in\u00a0Hamburg\u00a0auch ein Umbau zur Modernisierung erforderlich. F\u00fcr dieses\u00a0Bauhandwerk\u00a0bringen Marco Schwebe und seine Mitarbeiter das n\u00f6tige Know-How mit. Aus diesem Grund lohnt es sich, zu allererst eine unverbindliche Beratung in Anspruch zu nehmen. Setzen Sie sich mit dem Baugesch\u00e4ft in Verbindung und geben Sie den Bau in Profih\u00e4nde!<\/div><\/div><\/div><\/div>\t\t\t\t\t\t<\/div>\n\t\t\t\t<\/div>\n\t\t\t\t\t<\/div>\n\t\t<\/div>\n\t\t\t\t\t\t\t<\/div>\n\t\t<\/section>\n\t\t\t\t\t\t\t<\/div>\n\t\t","protected":false},"excerpt":{"rendered":"<p>IHR BAUGESCH\u00c4FT IN NORDERSTEDT Sanierung von Balkonen im Raum Hamburg Die\u00a0Sanierung von Balkonen\u00a0ist eine Pflichtaufgabe, wenn beispielsweise der Bodenbelag sichtbare Sch\u00e4den (Risse) zeigt oder die Innenw\u00e4nde feucht sind. Diese Arbeit ist sensibel, da in der Regel das Gel\u00e4nder des Balkons demontiert werden muss. Au\u00dferdem wird in einer gewissen H\u00f6he gearbeitet. Experten sollten deshalb diese Aufgabe [&hellip;]<\/p>\n","protected":false},"author":1,"featured_media":0,"parent":0,"menu_order":0,"comment_status":"closed","ping_status":"closed","template":"elementor_canvas","meta":{"_seopress_robots_primary_cat":"","footnotes":""},"class_list":["post-339","page","type-page","status-publish","hentry"],"_links":{"self":[{"href":"https:\/\/hamburg-bauunternehmen.de\/index.php\/wp-json\/wp\/v2\/pages\/339","targetHints":{"allow":["GET"]}}],"collection":[{"href":"https:\/\/hamburg-bauunternehmen.de\/index.php\/wp-json\/wp\/v2\/pages"}],"about":[{"href":"https:\/\/hamburg-bauunternehmen.de\/index.php\/wp-json\/wp\/v2\/types\/page"}],"author":[{"embeddable":true,"href":"https:\/\/hamburg-bauunternehmen.de\/index.php\/wp-json\/wp\/v2\/users\/1"}],"replies":[{"embeddable":true,"href":"https:\/\/hamburg-bauunternehmen.de\/index.php\/wp-json\/wp\/v2\/comments?post=339"}],"version-history":[{"count":5,"href":"https:\/\/hamburg-bauunternehmen.de\/index.php\/wp-json\/wp\/v2\/pages\/339\/revisions"}],"predecessor-version":[{"id":344,"href":"https:\/\/hamburg-bauunternehmen.de\/index.php\/wp-json\/wp\/v2\/pages\/339\/revisions\/344"}],"wp:attachment":[{"href":"https:\/\/hamburg-bauunternehmen.de\/index.php\/wp-json\/wp\/v2\/media?parent=339"}],"curies":[{"name":"wp","href":"https:\/\/api.w.org\/{rel}","templated":true}]}}