{"id":345,"date":"2023-10-31T07:27:22","date_gmt":"2023-10-31T07:27:22","guid":{"rendered":"https:\/\/hamburg-bauunternehmen.de\/?page_id=345"},"modified":"2023-10-31T07:28:21","modified_gmt":"2023-10-31T07:28:21","slug":"bauunternehmen-hamburg-2","status":"publish","type":"page","link":"https:\/\/hamburg-bauunternehmen.de\/index.php\/bauunternehmen-hamburg-2\/","title":{"rendered":"\u00a0Bauunternehmen Hamburg"},"content":{"rendered":"\t\t<div data-elementor-type=\"wp-page\" data-elementor-id=\"345\" class=\"elementor elementor-345\">\n\t\t\t\t\t\t\t\t\t<section class=\"elementor-section elementor-top-section elementor-element elementor-element-7e17c85 elementor-section-height-min-height da-child elementor-section-boxed elementor-section-height-default elementor-section-items-middle\" data-id=\"7e17c85\" data-element_type=\"section\" id=\"home\" data-settings=\"{&quot;background_background&quot;:&quot;classic&quot;}\">\n\t\t\t\t\t\t\t<div class=\"elementor-background-overlay\"><\/div>\n\t\t\t\t\t\t\t<div class=\"elementor-container elementor-column-gap-default\">\n\t\t\t\t\t<div class=\"elementor-column elementor-col-100 elementor-top-column elementor-element elementor-element-5d82992\" data-id=\"5d82992\" data-element_type=\"column\">\n\t\t\t<div class=\"elementor-widget-wrap elementor-element-populated\">\n\t\t\t\t\t\t\t\t<div class=\"elementor-element elementor-element-10add7f elementor-widget__width-auto elementor-widget elementor-widget-image\" data-id=\"10add7f\" data-element_type=\"widget\" data-widget_type=\"image.default\">\n\t\t\t\t<div class=\"elementor-widget-container\">\n\t\t\t<style>\/*! elementor - v3.15.0 - 20-08-2023 *\/\n.elementor-widget-image{text-align:center}.elementor-widget-image a{display:inline-block}.elementor-widget-image a img[src$=\".svg\"]{width:48px}.elementor-widget-image img{vertical-align:middle;display:inline-block}<\/style>\t\t\t\t\t\t\t\t\t\t\t\t<img loading=\"lazy\" decoding=\"async\" width=\"800\" height=\"69\" src=\"https:\/\/hamburg-bauunternehmen.de\/wp-content\/uploads\/2022\/07\/logo.png\" class=\"attachment-large size-large wp-image-61\" alt=\"\" srcset=\"https:\/\/hamburg-bauunternehmen.de\/wp-content\/uploads\/2022\/07\/logo.png 833w, https:\/\/hamburg-bauunternehmen.de\/wp-content\/uploads\/2022\/07\/logo-300x26.png 300w, https:\/\/hamburg-bauunternehmen.de\/wp-content\/uploads\/2022\/07\/logo-768x66.png 768w\" sizes=\"auto, (max-width: 800px) 100vw, 800px\" \/>\t\t\t\t\t\t\t\t\t\t\t\t\t\t\t<\/div>\n\t\t\t\t<\/div>\n\t\t\t\t<div class=\"elementor-element elementor-element-1fa7b5a elementor-widget elementor-widget-spacer\" data-id=\"1fa7b5a\" data-element_type=\"widget\" data-widget_type=\"spacer.default\">\n\t\t\t\t<div class=\"elementor-widget-container\">\n\t\t\t<style>\/*! elementor - v3.15.0 - 20-08-2023 *\/\n.elementor-column .elementor-spacer-inner{height:var(--spacer-size)}.e-con{--container-widget-width:100%}.e-con-inner>.elementor-widget-spacer,.e-con>.elementor-widget-spacer{width:var(--container-widget-width,var(--spacer-size));--align-self:var(--container-widget-align-self,initial);--flex-shrink:0}.e-con-inner>.elementor-widget-spacer>.elementor-widget-container,.e-con-inner>.elementor-widget-spacer>.elementor-widget-container>.elementor-spacer,.e-con>.elementor-widget-spacer>.elementor-widget-container,.e-con>.elementor-widget-spacer>.elementor-widget-container>.elementor-spacer{height:100%}.e-con-inner>.elementor-widget-spacer>.elementor-widget-container>.elementor-spacer>.elementor-spacer-inner,.e-con>.elementor-widget-spacer>.elementor-widget-container>.elementor-spacer>.elementor-spacer-inner{height:var(--container-widget-height,var(--spacer-size))}<\/style>\t\t<div class=\"elementor-spacer\">\n\t\t\t<div class=\"elementor-spacer-inner\"><\/div>\n\t\t<\/div>\n\t\t\t\t<\/div>\n\t\t\t\t<\/div>\n\t\t\t\t<div class=\"elementor-element elementor-element-18d49cf elementor-widget elementor-widget-heading\" data-id=\"18d49cf\" data-element_type=\"widget\" data-widget_type=\"heading.default\">\n\t\t\t\t<div class=\"elementor-widget-container\">\n\t\t\t<style>\/*! elementor - v3.15.0 - 20-08-2023 *\/\n.elementor-heading-title{padding:0;margin:0;line-height:1}.elementor-widget-heading .elementor-heading-title[class*=elementor-size-]>a{color:inherit;font-size:inherit;line-height:inherit}.elementor-widget-heading .elementor-heading-title.elementor-size-small{font-size:15px}.elementor-widget-heading .elementor-heading-title.elementor-size-medium{font-size:19px}.elementor-widget-heading .elementor-heading-title.elementor-size-large{font-size:29px}.elementor-widget-heading .elementor-heading-title.elementor-size-xl{font-size:39px}.elementor-widget-heading .elementor-heading-title.elementor-size-xxl{font-size:59px}<\/style><h2 class=\"elementor-heading-title elementor-size-default\">IHR BAUGESCH\u00c4FT IN NORDERSTEDT<\/h2>\t\t<\/div>\n\t\t\t\t<\/div>\n\t\t\t\t\t<\/div>\n\t\t<\/div>\n\t\t\t\t\t\t\t<\/div>\n\t\t<\/section>\n\t\t\t\t<section class=\"elementor-section elementor-top-section elementor-element elementor-element-231263c elementor-section-boxed elementor-section-height-default elementor-section-height-default\" data-id=\"231263c\" data-element_type=\"section\">\n\t\t\t\t\t\t<div class=\"elementor-container elementor-column-gap-default\">\n\t\t\t\t\t<div class=\"elementor-column elementor-col-100 elementor-top-column elementor-element elementor-element-6295403\" data-id=\"6295403\" data-element_type=\"column\">\n\t\t\t<div class=\"elementor-widget-wrap elementor-element-populated\">\n\t\t\t\t\t\t\t\t<div class=\"elementor-element elementor-element-3b90b65 elementor-widget elementor-widget-text-editor\" data-id=\"3b90b65\" data-element_type=\"widget\" data-widget_type=\"text-editor.default\">\n\t\t\t\t<div class=\"elementor-widget-container\">\n\t\t\t<style>\/*! elementor - v3.15.0 - 20-08-2023 *\/\n.elementor-widget-text-editor.elementor-drop-cap-view-stacked .elementor-drop-cap{background-color:#69727d;color:#fff}.elementor-widget-text-editor.elementor-drop-cap-view-framed .elementor-drop-cap{color:#69727d;border:3px solid;background-color:transparent}.elementor-widget-text-editor:not(.elementor-drop-cap-view-default) .elementor-drop-cap{margin-top:8px}.elementor-widget-text-editor:not(.elementor-drop-cap-view-default) .elementor-drop-cap-letter{width:1em;height:1em}.elementor-widget-text-editor .elementor-drop-cap{float:left;text-align:center;line-height:1;font-size:50px}.elementor-widget-text-editor .elementor-drop-cap-letter{display:inline-block}<\/style>\t\t\t\t<div id=\"text_highlighted\"><div id=\"text_highlighted\"><div id=\"text_highlighted\"><p><b>Bauunternehmen Hamburg<\/b><\/p><br \/><div><div class=\"preview\">Sind Sie auf der Suche nach einem\u00a0Bauunternehmen\u00a0in\u00a0Hamburg? Marco Schwebe ist Maurer und Betonbaumeister mit eigenem Gesch\u00e4ft in Norderstedt und hilft Ihnen auch in der Hansestadt, Ihr Bauvorhaben zu realisieren. P\u00fcnktlichkeit und Zuverl\u00e4ssigkeit haben f\u00fcr den Fachmann und sein Team h\u00f6chste Priorit\u00e4t. Das\u00a0Bauunternehmen\u00a0arbeitet in\u00a0Hamburg\u00a0und Umgebung stets kundenorientiert, ordentlich und fair, damit Sie erstens zufrieden sind und zweitens Sauberkeit auf der Baustelle herrscht.<br \/><br \/>Das\u00a0Bauunternehmen\u00a0in\u00a0Hamburg\u00a0und seine Leistungen<br \/><br \/>Das Baugesch\u00e4ft von Marco Schwebe hat sich auf die folgenden Leistungen spezialisiert:<br \/><br \/>&#8211; Sanierungen<br \/>&#8211; Wandentfernungen und -durchbr\u00fcche<br \/>&#8211; Umbauma\u00dfnahmen (z.B. Errichtung neuer W\u00e4nde)<br \/>&#8211; Estrich-Arbeiten<br \/>&#8211; Schimmelbeseitigung inkl. Ursachenforschung<br \/>&#8211; Bau von K\u00fcchen und B\u00e4dern<br \/>&#8211; Putzarbeiten<br \/>&#8211; Konstruktion von Fu\u00dfb\u00f6den, Treppen, Eingangspodesten und Terrassen<br \/>&#8211; Verblendarbeiten<br \/>&#8211; Hydrophobierung<br \/>&#8211; Fliesenverlegungen<br \/><br \/>In allen Leistungsbereichen verspricht Ihnen das\u00a0Bauunternehmen\u00a0in\u00a0Hamburg\u00a0ein g\u00fcnstiges Preis-Leistungs-Verh\u00e4ltnis. Der Experte und seine Mitarbeiter fokussieren sich stets auf L\u00f6sungen und bringen hochwertige Bauchemie, Remmers und PCI zum Einsatz. Auf diese Weise stellen sie sicher, dass Sie bei s\u00e4mtlichen Bauprojekten von Qualit\u00e4t und Service profitieren.<br \/><br \/>Ihr Bauprofi f\u00fcr Fliesen, W\u00e4nde und B\u00f6den<br \/><br \/>M\u00f6chten Sie Ihr Haus in\u00a0Hamburg\u00a0mit neuen Fliesen, W\u00e4nden und B\u00f6den ausstatten? Lassen Sie diese Aufgaben von einem kompetenten\u00a0Bauunternehmen\u00a0ausf\u00fchren. So stellen Sie sicher, dass Sie tats\u00e4chlich beste Qualit\u00e4tsarbeit erhalten. Das Baugesch\u00e4ft Schwebe legt Fliesen in Innen- und Au\u00dfenbereichen. Fliesenleger mit langj\u00e4hriger Erfahrung sorgen f\u00fcr eine akkurate, saubere Ausf\u00fchrung mit Materialien von hoher Qualit\u00e4t. Nicht nur in der K\u00fcche und im Badezimmer geht das\u00a0Bauunternehmen\u00a0ans Werk. Auch zahlreiche Wohnzimmer in\u00a0Hamburg\u00a0erhalten durch Fliesen anstelle von Teppichb\u00f6den eine edle Note.<br \/><br \/>Das\u00a0Bauunternehmen\u00a0erteilt Ihnen bereits vor Ihrem Auftrag gerne Ratschl\u00e4ge. F\u00fcr Marco Schwebe und sein Team ist es ein Herzensanliegen, dass Sie lange Freude an Ihrem Bauprojekt in\u00a0Hamburg\u00a0haben. Nehmen Sie deshalb unverbindlich Kontakt auf und lassen Sie anschlie\u00dfend Ihr Geb\u00e4ude professionell auf Vordermann bringen!<\/div><\/div><\/div><div class=\"mb10\">\u00a0<\/div><\/div><\/div>\t\t\t\t\t\t<\/div>\n\t\t\t\t<\/div>\n\t\t\t\t\t<\/div>\n\t\t<\/div>\n\t\t\t\t\t\t\t<\/div>\n\t\t<\/section>\n\t\t\t\t\t\t\t<\/div>\n\t\t","protected":false},"excerpt":{"rendered":"<p>IHR BAUGESCH\u00c4FT IN NORDERSTEDT Sanierung von Balkonen im Raum Hamburg Die\u00a0Sanierung von Balkonen\u00a0ist eine Pflichtaufgabe, wenn beispielsweise der Bodenbelag sichtbare Sch\u00e4den (Risse) zeigt oder die Innenw\u00e4nde feucht sind. Diese Arbeit ist sensibel, da in der Regel das Gel\u00e4nder des Balkons demontiert werden muss. Au\u00dferdem wird in einer gewissen H\u00f6he gearbeitet. Experten sollten deshalb diese Aufgabe [&hellip;]<\/p>\n","protected":false},"author":1,"featured_media":0,"parent":0,"menu_order":0,"comment_status":"closed","ping_status":"closed","template":"elementor_canvas","meta":{"_seopress_robots_primary_cat":"","footnotes":""},"class_list":["post-345","page","type-page","status-publish","hentry"],"_links":{"self":[{"href":"https:\/\/hamburg-bauunternehmen.de\/index.php\/wp-json\/wp\/v2\/pages\/345","targetHints":{"allow":["GET"]}}],"collection":[{"href":"https:\/\/hamburg-bauunternehmen.de\/index.php\/wp-json\/wp\/v2\/pages"}],"about":[{"href":"https:\/\/hamburg-bauunternehmen.de\/index.php\/wp-json\/wp\/v2\/types\/page"}],"author":[{"embeddable":true,"href":"https:\/\/hamburg-bauunternehmen.de\/index.php\/wp-json\/wp\/v2\/users\/1"}],"replies":[{"embeddable":true,"href":"https:\/\/hamburg-bauunternehmen.de\/index.php\/wp-json\/wp\/v2\/comments?post=345"}],"version-history":[{"count":5,"href":"https:\/\/hamburg-bauunternehmen.de\/index.php\/wp-json\/wp\/v2\/pages\/345\/revisions"}],"predecessor-version":[{"id":350,"href":"https:\/\/hamburg-bauunternehmen.de\/index.php\/wp-json\/wp\/v2\/pages\/345\/revisions\/350"}],"wp:attachment":[{"href":"https:\/\/hamburg-bauunternehmen.de\/index.php\/wp-json\/wp\/v2\/media?parent=345"}],"curies":[{"name":"wp","href":"https:\/\/api.w.org\/{rel}","templated":true}]}}