{"id":360,"date":"2023-12-19T12:41:05","date_gmt":"2023-12-19T12:41:05","guid":{"rendered":"https:\/\/hamburg-bauunternehmen.de\/?page_id=360"},"modified":"2023-12-19T12:42:02","modified_gmt":"2023-12-19T12:42:02","slug":"fliesenleger-in-hamburg","status":"publish","type":"page","link":"https:\/\/hamburg-bauunternehmen.de\/index.php\/fliesenleger-in-hamburg\/","title":{"rendered":"\u00a0Fliesenleger in Hamburg"},"content":{"rendered":"\t\t<div data-elementor-type=\"wp-page\" data-elementor-id=\"360\" class=\"elementor elementor-360\">\n\t\t\t\t\t\t\t\t\t<section class=\"elementor-section elementor-top-section elementor-element elementor-element-7e17c85 elementor-section-height-min-height da-child elementor-section-boxed elementor-section-height-default elementor-section-items-middle\" data-id=\"7e17c85\" data-element_type=\"section\" id=\"home\" data-settings=\"{&quot;background_background&quot;:&quot;classic&quot;}\">\n\t\t\t\t\t\t\t<div class=\"elementor-background-overlay\"><\/div>\n\t\t\t\t\t\t\t<div class=\"elementor-container elementor-column-gap-default\">\n\t\t\t\t\t<div class=\"elementor-column elementor-col-100 elementor-top-column elementor-element elementor-element-5d82992\" data-id=\"5d82992\" data-element_type=\"column\">\n\t\t\t<div class=\"elementor-widget-wrap elementor-element-populated\">\n\t\t\t\t\t\t\t\t<div class=\"elementor-element elementor-element-10add7f elementor-widget__width-auto elementor-widget elementor-widget-image\" data-id=\"10add7f\" data-element_type=\"widget\" data-widget_type=\"image.default\">\n\t\t\t\t<div class=\"elementor-widget-container\">\n\t\t\t<style>\/*! elementor - v3.15.0 - 20-08-2023 *\/\n.elementor-widget-image{text-align:center}.elementor-widget-image a{display:inline-block}.elementor-widget-image a img[src$=\".svg\"]{width:48px}.elementor-widget-image img{vertical-align:middle;display:inline-block}<\/style>\t\t\t\t\t\t\t\t\t\t\t\t<img loading=\"lazy\" decoding=\"async\" width=\"800\" height=\"69\" src=\"https:\/\/hamburg-bauunternehmen.de\/wp-content\/uploads\/2022\/07\/logo.png\" class=\"attachment-large size-large wp-image-61\" alt=\"\" srcset=\"https:\/\/hamburg-bauunternehmen.de\/wp-content\/uploads\/2022\/07\/logo.png 833w, https:\/\/hamburg-bauunternehmen.de\/wp-content\/uploads\/2022\/07\/logo-300x26.png 300w, https:\/\/hamburg-bauunternehmen.de\/wp-content\/uploads\/2022\/07\/logo-768x66.png 768w\" sizes=\"auto, (max-width: 800px) 100vw, 800px\" \/>\t\t\t\t\t\t\t\t\t\t\t\t\t\t\t<\/div>\n\t\t\t\t<\/div>\n\t\t\t\t<div class=\"elementor-element elementor-element-1fa7b5a elementor-widget elementor-widget-spacer\" data-id=\"1fa7b5a\" data-element_type=\"widget\" data-widget_type=\"spacer.default\">\n\t\t\t\t<div class=\"elementor-widget-container\">\n\t\t\t<style>\/*! elementor - v3.15.0 - 20-08-2023 *\/\n.elementor-column .elementor-spacer-inner{height:var(--spacer-size)}.e-con{--container-widget-width:100%}.e-con-inner>.elementor-widget-spacer,.e-con>.elementor-widget-spacer{width:var(--container-widget-width,var(--spacer-size));--align-self:var(--container-widget-align-self,initial);--flex-shrink:0}.e-con-inner>.elementor-widget-spacer>.elementor-widget-container,.e-con-inner>.elementor-widget-spacer>.elementor-widget-container>.elementor-spacer,.e-con>.elementor-widget-spacer>.elementor-widget-container,.e-con>.elementor-widget-spacer>.elementor-widget-container>.elementor-spacer{height:100%}.e-con-inner>.elementor-widget-spacer>.elementor-widget-container>.elementor-spacer>.elementor-spacer-inner,.e-con>.elementor-widget-spacer>.elementor-widget-container>.elementor-spacer>.elementor-spacer-inner{height:var(--container-widget-height,var(--spacer-size))}<\/style>\t\t<div class=\"elementor-spacer\">\n\t\t\t<div class=\"elementor-spacer-inner\"><\/div>\n\t\t<\/div>\n\t\t\t\t<\/div>\n\t\t\t\t<\/div>\n\t\t\t\t<div class=\"elementor-element elementor-element-18d49cf elementor-widget elementor-widget-heading\" data-id=\"18d49cf\" data-element_type=\"widget\" data-widget_type=\"heading.default\">\n\t\t\t\t<div class=\"elementor-widget-container\">\n\t\t\t<style>\/*! elementor - v3.15.0 - 20-08-2023 *\/\n.elementor-heading-title{padding:0;margin:0;line-height:1}.elementor-widget-heading .elementor-heading-title[class*=elementor-size-]>a{color:inherit;font-size:inherit;line-height:inherit}.elementor-widget-heading .elementor-heading-title.elementor-size-small{font-size:15px}.elementor-widget-heading .elementor-heading-title.elementor-size-medium{font-size:19px}.elementor-widget-heading .elementor-heading-title.elementor-size-large{font-size:29px}.elementor-widget-heading .elementor-heading-title.elementor-size-xl{font-size:39px}.elementor-widget-heading .elementor-heading-title.elementor-size-xxl{font-size:59px}<\/style><h2 class=\"elementor-heading-title elementor-size-default\">IHR BAUGESCH\u00c4FT IN NORDERSTEDT<\/h2>\t\t<\/div>\n\t\t\t\t<\/div>\n\t\t\t\t\t<\/div>\n\t\t<\/div>\n\t\t\t\t\t\t\t<\/div>\n\t\t<\/section>\n\t\t\t\t<section class=\"elementor-section elementor-top-section elementor-element elementor-element-231263c elementor-section-boxed elementor-section-height-default elementor-section-height-default\" data-id=\"231263c\" data-element_type=\"section\">\n\t\t\t\t\t\t<div class=\"elementor-container elementor-column-gap-default\">\n\t\t\t\t\t<div class=\"elementor-column elementor-col-100 elementor-top-column elementor-element elementor-element-6295403\" data-id=\"6295403\" data-element_type=\"column\">\n\t\t\t<div class=\"elementor-widget-wrap elementor-element-populated\">\n\t\t\t\t\t\t\t\t<div class=\"elementor-element elementor-element-3b90b65 elementor-widget elementor-widget-text-editor\" data-id=\"3b90b65\" data-element_type=\"widget\" data-widget_type=\"text-editor.default\">\n\t\t\t\t<div class=\"elementor-widget-container\">\n\t\t\t<style>\/*! elementor - v3.15.0 - 20-08-2023 *\/\n.elementor-widget-text-editor.elementor-drop-cap-view-stacked .elementor-drop-cap{background-color:#69727d;color:#fff}.elementor-widget-text-editor.elementor-drop-cap-view-framed .elementor-drop-cap{color:#69727d;border:3px solid;background-color:transparent}.elementor-widget-text-editor:not(.elementor-drop-cap-view-default) .elementor-drop-cap{margin-top:8px}.elementor-widget-text-editor:not(.elementor-drop-cap-view-default) .elementor-drop-cap-letter{width:1em;height:1em}.elementor-widget-text-editor .elementor-drop-cap{float:left;text-align:center;line-height:1;font-size:50px}.elementor-widget-text-editor .elementor-drop-cap-letter{display:inline-block}<\/style>\t\t\t\t<div id=\"text_highlighted\"><div id=\"text_highlighted\"><div id=\"text_highlighted\"><p><b>Marco Schwebe: Ihr Fliesenleger f\u00fcr Hamburg und Umgebung<\/b><\/p><p>\u00a0<\/p><div><div class=\"preview\">Das Baugesch\u00e4ft von Marco Schwebe bietet nicht nur eine gro\u00dfe Auswahl an hochwertigen Baumaterialien in unseren Laden-R\u00e4umlichkeiten, sondern ist ebenfalls spezialisiert darauf, hochwertige und \u00e4sthetische Fliesenarbeiten durchzuf\u00fchren. Wir sind Ihre erfahrenen\u00a0Fliesenleger\u00a0f\u00fcr\u00a0Hamburg\u00a0und Umgebung.<br \/><br \/>So arbeiten wir als\u00a0Fliesenleger\u00a0f\u00fcr die Region\u00a0Hamburg<br \/><br \/>Wir bieten eine umfassende Beratung und Unterst\u00fctzung bei der Auswahl des passenden Fliesenmaterials, und wir gew\u00e4hrleisten eine pr\u00e4zise Verlegung. Unser Fachpersonal bringt Expertise in jedes Projekt ein, um Ihre Zufriedenheit zu garantieren. Qualit\u00e4t und Kundenzufriedenheit stehen bei uns stets im Fokus.<br \/><br \/>Unser Leistungsspektrum umfasst die fachgerechte Verlegung von Fliesen im Bad, in der K\u00fcche sowie in anderen Wohnbereichen. Jede Einzelheit wird von uns sorgsam beachtet, um sicherzustellen, dass das Endergebnis Ihren Erwartungen entspricht.<br \/><br \/>Es liegt in unserem Interesse, Sie als Ihre\u00a0Fliesenleger\u00a0f\u00fcr\u00a0Hamburg\u00a0und Umgebung zu \u00fcberzeugen<br \/><br \/>Schlie\u00dflich sind wir auf Ihre Zufriedenheit angewiesen: Es ist uns ein besonderes Anliegen, das Bewusstsein f\u00fcr unsere Fliesenleistungen in\u00a0Hamburg\u00a0zu sch\u00e4rfen. Unser Ziel ist es, dass Sie unser Unternehmen weiterempfehlen und somit die Zufriedenheit \u00fcber unser herausragendes Handwerk teilen.<br \/><br \/>Unser Team bleibt deshalb selbstverst\u00e4ndlich stets auf dem neuesten Stand hinsichtlich aktueller Trends und Materialien, um sicherzustellen, dass wir stets f\u00fchrend sind und als\u00a0Fliesenleger\u00a0f\u00fcr Sie optimale Ergebnisse erzielen.<br \/><br \/><br \/>Diese Materialien nutzen wir als\u00a0Fliesenleger\u00a0in\u00a0Hamburg<br \/><br \/>Unsere Materialpalette ist breit. Sie umfasst beispielsweise Keramikfliesen, Porzellanfliesen, Steinzeugfliesen, Natursteine, Terrakotta-Fliesen und Mosaikfliesen. Sie profitieren diesbez\u00fcglich von dem Umstand, dass wir nicht nur\u00a0Fliesenleger\u00a0f\u00fcr die Region\u00a0Hamburg\u00a0sind, sondern auch ein Baugesch\u00e4ft haben. Jedes dieser Materialien zeichnet sich durch individuelle St\u00e4rken und Eigenschaften aus. Beispielsweise empfehlen wir porzellanbeschichtete Fliesen f\u00fcr Badezimmer, da sie wasserdicht sind und eine lange Lebensdauer haben. Im Wohnzimmer und anderen Wohnbereichen setzen wir gerne auf Natursteinfliesen, die durch nat\u00fcrliche Sch\u00f6nheit und hohe Strapazierf\u00e4higkeit \u00fcberzeugen.<br \/><br \/>Wir laden Sie jetzt ein, unsere Website zu erkunden und uns f\u00fcr weitere Informationen als Ihre\u00a0Fliesenleger\u00a0f\u00fcr\u00a0Hamburg\u00a0und Umgebung direkt zu kontaktieren. Wir freuen uns darauf, von Ihnen zu h\u00f6ren.<\/div><\/div><\/div><\/div><\/div>\t\t\t\t\t\t<\/div>\n\t\t\t\t<\/div>\n\t\t\t\t\t<\/div>\n\t\t<\/div>\n\t\t\t\t\t\t\t<\/div>\n\t\t<\/section>\n\t\t\t\t\t\t\t<\/div>\n\t\t","protected":false},"excerpt":{"rendered":"<p>IHR BAUGESCH\u00c4FT IN NORDERSTEDT Marco Schwebe: Ihr Fliesenleger f\u00fcr Hamburg und Umgebung \u00a0 Das Baugesch\u00e4ft von Marco Schwebe bietet nicht nur eine gro\u00dfe Auswahl an hochwertigen Baumaterialien in unseren Laden-R\u00e4umlichkeiten, sondern ist ebenfalls spezialisiert darauf, hochwertige und \u00e4sthetische Fliesenarbeiten durchzuf\u00fchren. Wir sind Ihre erfahrenen\u00a0Fliesenleger\u00a0f\u00fcr\u00a0Hamburg\u00a0und Umgebung. So arbeiten wir als\u00a0Fliesenleger\u00a0f\u00fcr die Region\u00a0Hamburg Wir bieten eine umfassende [&hellip;]<\/p>\n","protected":false},"author":1,"featured_media":0,"parent":0,"menu_order":0,"comment_status":"closed","ping_status":"closed","template":"elementor_canvas","meta":{"_seopress_robots_primary_cat":"","footnotes":""},"class_list":["post-360","page","type-page","status-publish","hentry"],"_links":{"self":[{"href":"https:\/\/hamburg-bauunternehmen.de\/index.php\/wp-json\/wp\/v2\/pages\/360","targetHints":{"allow":["GET"]}}],"collection":[{"href":"https:\/\/hamburg-bauunternehmen.de\/index.php\/wp-json\/wp\/v2\/pages"}],"about":[{"href":"https:\/\/hamburg-bauunternehmen.de\/index.php\/wp-json\/wp\/v2\/types\/page"}],"author":[{"embeddable":true,"href":"https:\/\/hamburg-bauunternehmen.de\/index.php\/wp-json\/wp\/v2\/users\/1"}],"replies":[{"embeddable":true,"href":"https:\/\/hamburg-bauunternehmen.de\/index.php\/wp-json\/wp\/v2\/comments?post=360"}],"version-history":[{"count":5,"href":"https:\/\/hamburg-bauunternehmen.de\/index.php\/wp-json\/wp\/v2\/pages\/360\/revisions"}],"predecessor-version":[{"id":365,"href":"https:\/\/hamburg-bauunternehmen.de\/index.php\/wp-json\/wp\/v2\/pages\/360\/revisions\/365"}],"wp:attachment":[{"href":"https:\/\/hamburg-bauunternehmen.de\/index.php\/wp-json\/wp\/v2\/media?parent=360"}],"curies":[{"name":"wp","href":"https:\/\/api.w.org\/{rel}","templated":true}]}}