{"id":372,"date":"2023-12-19T12:43:13","date_gmt":"2023-12-19T12:43:13","guid":{"rendered":"https:\/\/hamburg-bauunternehmen.de\/?page_id=372"},"modified":"2023-12-19T12:43:49","modified_gmt":"2023-12-19T12:43:49","slug":"altbodensanierung-hamburg","status":"publish","type":"page","link":"https:\/\/hamburg-bauunternehmen.de\/index.php\/altbodensanierung-hamburg\/","title":{"rendered":"\u00a0Altbodensanierung Hamburg"},"content":{"rendered":"\t\t<div data-elementor-type=\"wp-page\" data-elementor-id=\"372\" class=\"elementor elementor-372\">\n\t\t\t\t\t\t\t\t\t<section class=\"elementor-section elementor-top-section elementor-element elementor-element-7e17c85 elementor-section-height-min-height da-child elementor-section-boxed elementor-section-height-default elementor-section-items-middle\" data-id=\"7e17c85\" data-element_type=\"section\" id=\"home\" data-settings=\"{&quot;background_background&quot;:&quot;classic&quot;}\">\n\t\t\t\t\t\t\t<div class=\"elementor-background-overlay\"><\/div>\n\t\t\t\t\t\t\t<div class=\"elementor-container elementor-column-gap-default\">\n\t\t\t\t\t<div class=\"elementor-column elementor-col-100 elementor-top-column elementor-element elementor-element-5d82992\" data-id=\"5d82992\" data-element_type=\"column\">\n\t\t\t<div class=\"elementor-widget-wrap elementor-element-populated\">\n\t\t\t\t\t\t\t\t<div class=\"elementor-element elementor-element-10add7f elementor-widget__width-auto elementor-widget elementor-widget-image\" data-id=\"10add7f\" data-element_type=\"widget\" data-widget_type=\"image.default\">\n\t\t\t\t<div class=\"elementor-widget-container\">\n\t\t\t<style>\/*! elementor - v3.15.0 - 20-08-2023 *\/\n.elementor-widget-image{text-align:center}.elementor-widget-image a{display:inline-block}.elementor-widget-image a img[src$=\".svg\"]{width:48px}.elementor-widget-image img{vertical-align:middle;display:inline-block}<\/style>\t\t\t\t\t\t\t\t\t\t\t\t<img loading=\"lazy\" decoding=\"async\" width=\"800\" height=\"69\" src=\"https:\/\/hamburg-bauunternehmen.de\/wp-content\/uploads\/2022\/07\/logo.png\" class=\"attachment-large size-large wp-image-61\" alt=\"\" srcset=\"https:\/\/hamburg-bauunternehmen.de\/wp-content\/uploads\/2022\/07\/logo.png 833w, https:\/\/hamburg-bauunternehmen.de\/wp-content\/uploads\/2022\/07\/logo-300x26.png 300w, https:\/\/hamburg-bauunternehmen.de\/wp-content\/uploads\/2022\/07\/logo-768x66.png 768w\" sizes=\"auto, (max-width: 800px) 100vw, 800px\" \/>\t\t\t\t\t\t\t\t\t\t\t\t\t\t\t<\/div>\n\t\t\t\t<\/div>\n\t\t\t\t<div class=\"elementor-element elementor-element-1fa7b5a elementor-widget elementor-widget-spacer\" data-id=\"1fa7b5a\" data-element_type=\"widget\" data-widget_type=\"spacer.default\">\n\t\t\t\t<div class=\"elementor-widget-container\">\n\t\t\t<style>\/*! elementor - v3.15.0 - 20-08-2023 *\/\n.elementor-column .elementor-spacer-inner{height:var(--spacer-size)}.e-con{--container-widget-width:100%}.e-con-inner>.elementor-widget-spacer,.e-con>.elementor-widget-spacer{width:var(--container-widget-width,var(--spacer-size));--align-self:var(--container-widget-align-self,initial);--flex-shrink:0}.e-con-inner>.elementor-widget-spacer>.elementor-widget-container,.e-con-inner>.elementor-widget-spacer>.elementor-widget-container>.elementor-spacer,.e-con>.elementor-widget-spacer>.elementor-widget-container,.e-con>.elementor-widget-spacer>.elementor-widget-container>.elementor-spacer{height:100%}.e-con-inner>.elementor-widget-spacer>.elementor-widget-container>.elementor-spacer>.elementor-spacer-inner,.e-con>.elementor-widget-spacer>.elementor-widget-container>.elementor-spacer>.elementor-spacer-inner{height:var(--container-widget-height,var(--spacer-size))}<\/style>\t\t<div class=\"elementor-spacer\">\n\t\t\t<div class=\"elementor-spacer-inner\"><\/div>\n\t\t<\/div>\n\t\t\t\t<\/div>\n\t\t\t\t<\/div>\n\t\t\t\t<div class=\"elementor-element elementor-element-18d49cf elementor-widget elementor-widget-heading\" data-id=\"18d49cf\" data-element_type=\"widget\" data-widget_type=\"heading.default\">\n\t\t\t\t<div class=\"elementor-widget-container\">\n\t\t\t<style>\/*! elementor - v3.15.0 - 20-08-2023 *\/\n.elementor-heading-title{padding:0;margin:0;line-height:1}.elementor-widget-heading .elementor-heading-title[class*=elementor-size-]>a{color:inherit;font-size:inherit;line-height:inherit}.elementor-widget-heading .elementor-heading-title.elementor-size-small{font-size:15px}.elementor-widget-heading .elementor-heading-title.elementor-size-medium{font-size:19px}.elementor-widget-heading .elementor-heading-title.elementor-size-large{font-size:29px}.elementor-widget-heading .elementor-heading-title.elementor-size-xl{font-size:39px}.elementor-widget-heading .elementor-heading-title.elementor-size-xxl{font-size:59px}<\/style><h2 class=\"elementor-heading-title elementor-size-default\">IHR BAUGESCH\u00c4FT IN NORDERSTEDT<\/h2>\t\t<\/div>\n\t\t\t\t<\/div>\n\t\t\t\t\t<\/div>\n\t\t<\/div>\n\t\t\t\t\t\t\t<\/div>\n\t\t<\/section>\n\t\t\t\t<section class=\"elementor-section elementor-top-section elementor-element elementor-element-231263c elementor-section-boxed elementor-section-height-default elementor-section-height-default\" data-id=\"231263c\" data-element_type=\"section\">\n\t\t\t\t\t\t<div class=\"elementor-container elementor-column-gap-default\">\n\t\t\t\t\t<div class=\"elementor-column elementor-col-100 elementor-top-column elementor-element elementor-element-6295403\" data-id=\"6295403\" data-element_type=\"column\">\n\t\t\t<div class=\"elementor-widget-wrap elementor-element-populated\">\n\t\t\t\t\t\t\t\t<div class=\"elementor-element elementor-element-3b90b65 elementor-widget elementor-widget-text-editor\" data-id=\"3b90b65\" data-element_type=\"widget\" data-widget_type=\"text-editor.default\">\n\t\t\t\t<div class=\"elementor-widget-container\">\n\t\t\t<style>\/*! elementor - v3.15.0 - 20-08-2023 *\/\n.elementor-widget-text-editor.elementor-drop-cap-view-stacked .elementor-drop-cap{background-color:#69727d;color:#fff}.elementor-widget-text-editor.elementor-drop-cap-view-framed .elementor-drop-cap{color:#69727d;border:3px solid;background-color:transparent}.elementor-widget-text-editor:not(.elementor-drop-cap-view-default) .elementor-drop-cap{margin-top:8px}.elementor-widget-text-editor:not(.elementor-drop-cap-view-default) .elementor-drop-cap-letter{width:1em;height:1em}.elementor-widget-text-editor .elementor-drop-cap{float:left;text-align:center;line-height:1;font-size:50px}.elementor-widget-text-editor .elementor-drop-cap-letter{display:inline-block}<\/style>\t\t\t\t<div id=\"text_highlighted\"><div id=\"text_highlighted\"><div id=\"text_highlighted\"><p><b>Altbodensanierung Hamburg<\/b><\/p><p>\u00a0<\/p><div><div class=\"preview\">Neuer Glanz f\u00fcr Ihren alten Boden &#8211;\u00a0Altbodensanierung\u00a0in\u00a0Hamburg<br \/><br \/>Profitieren Sie von unserer langj\u00e4hrigen Erfahrung auf dem Gebiet der\u00a0Altbodensanierung\u00a0in\u00a0Hamburg. Mit unserer bew\u00e4hrten Expertise sorgen wir daf\u00fcr, dass Ihr in die Jahre gekommener Boden in neuem Glanz erstrahlt. Dabei spielt es f\u00fcr uns keine Rolle, ob es sich um einen privat oder gewerblich genutzten Boden handelt &#8211; wir beraten, planen und arbeiten auf Wunsch direkt bei Ihnen, im B\u00fcro, im Eigenheim. im Ladengesch\u00e4ft, in der Produktionshalle oder in Ihrer Wohnung.<br \/><br \/>Wann lohnt sich eine\u00a0Altbodensanierung?<br \/><br \/>Alte B\u00f6den verlieren im Lauf der Jahre durch die kontinuierliche Beanspruchung zwangsl\u00e4ufig an Sch\u00f6nheit, Robustheit, Funktionalit\u00e4t und Ansehnlichkeit. Eine\u00a0Altbodensanierung\u00a0in\u00a0Hamburg\u00a0macht deshalb immer dann Sinn, wenn Sie mit dem Aussehen und der Funktionalit\u00e4t Ihres Bodens nicht mehr zufrieden sind. Typische Einsatzf\u00e4lle sind:<br \/><br \/>&#8211; Hartn\u00e4ckige Verschmutzungen, die sich nicht mit den g\u00e4ngigen Mitteln l\u00f6sen lassen<br \/>&#8211; Kratzer im Bodenbelag<br \/>&#8211; Risse im Estrich<br \/>&#8211; Besch\u00e4digungen<br \/><br \/>So arbeiten wir &#8211; unsere Philosophie<br \/><br \/>Wir bieten Ihnen bei der\u00a0Altbodensanierung\u00a0in\u00a0Hamburg\u00a0ein individuelles Konzept in Kombination mit gr\u00f6\u00dftm\u00f6glicher Professionalit\u00e4t. Je nach Boden und Kundenwunsch legen wir besonders viel Wert auf den Trittkomfort, die Best\u00e4ndigkeit, die Rutschfestigkeit und die Optik des rundum erneuerten Bodens. Wir bedienen uns dabei der besten Mittel und Methoden, die es auf dem Markt gibt &#8211; sei es Kunstharz, sei es Estrich.<br \/><br \/>Wir bieten Ihnen das komplette Leistungsspektrum f\u00fcr einen (fast) neuen Boden!<br \/><br \/>Sanierung statt Kompletterneuerung &#8211; durch eine professionell durchgef\u00fchrte\u00a0Altbodensanierung\u00a0in\u00a0Hamburg\u00a0kommen Sie schneller und nicht zuletzt kosteng\u00fcnstiger zu einem Boden, der Ihnen und Ihren G\u00e4sten gef\u00e4llt. Wir stehen Ihnen beim anstehenden Projekt von Anfang bis zum Ende zur Seite &#8211; Vor-Ort-Beratung, Problemanalyse, Planung und Ausf\u00fchrung aus einer Hand.<br \/><br \/>Altbodensanierung\u00a0in\u00a0Hamburg: So erreichen Sie uns<br \/><br \/>Kontaktieren Sie uns telefonisch in unserem B\u00fcro in Norderstedt. Gerne sind wir au\u00dferdem per E-Mail und Kontaktformular f\u00fcr Sie da!<\/div><\/div><\/div><\/div><\/div>\t\t\t\t\t\t<\/div>\n\t\t\t\t<\/div>\n\t\t\t\t\t<\/div>\n\t\t<\/div>\n\t\t\t\t\t\t\t<\/div>\n\t\t<\/section>\n\t\t\t\t\t\t\t<\/div>\n\t\t","protected":false},"excerpt":{"rendered":"<p>IHR BAUGESCH\u00c4FT IN NORDERSTEDT Altbodensanierung Hamburg \u00a0 Neuer Glanz f\u00fcr Ihren alten Boden &#8211;\u00a0Altbodensanierung\u00a0in\u00a0Hamburg Profitieren Sie von unserer langj\u00e4hrigen Erfahrung auf dem Gebiet der\u00a0Altbodensanierung\u00a0in\u00a0Hamburg. Mit unserer bew\u00e4hrten Expertise sorgen wir daf\u00fcr, dass Ihr in die Jahre gekommener Boden in neuem Glanz erstrahlt. Dabei spielt es f\u00fcr uns keine Rolle, ob es sich um einen privat [&hellip;]<\/p>\n","protected":false},"author":1,"featured_media":0,"parent":0,"menu_order":0,"comment_status":"closed","ping_status":"closed","template":"elementor_canvas","meta":{"_seopress_robots_primary_cat":"","footnotes":""},"class_list":["post-372","page","type-page","status-publish","hentry"],"_links":{"self":[{"href":"https:\/\/hamburg-bauunternehmen.de\/index.php\/wp-json\/wp\/v2\/pages\/372","targetHints":{"allow":["GET"]}}],"collection":[{"href":"https:\/\/hamburg-bauunternehmen.de\/index.php\/wp-json\/wp\/v2\/pages"}],"about":[{"href":"https:\/\/hamburg-bauunternehmen.de\/index.php\/wp-json\/wp\/v2\/types\/page"}],"author":[{"embeddable":true,"href":"https:\/\/hamburg-bauunternehmen.de\/index.php\/wp-json\/wp\/v2\/users\/1"}],"replies":[{"embeddable":true,"href":"https:\/\/hamburg-bauunternehmen.de\/index.php\/wp-json\/wp\/v2\/comments?post=372"}],"version-history":[{"count":5,"href":"https:\/\/hamburg-bauunternehmen.de\/index.php\/wp-json\/wp\/v2\/pages\/372\/revisions"}],"predecessor-version":[{"id":377,"href":"https:\/\/hamburg-bauunternehmen.de\/index.php\/wp-json\/wp\/v2\/pages\/372\/revisions\/377"}],"wp:attachment":[{"href":"https:\/\/hamburg-bauunternehmen.de\/index.php\/wp-json\/wp\/v2\/media?parent=372"}],"curies":[{"name":"wp","href":"https:\/\/api.w.org\/{rel}","templated":true}]}}