{"id":383,"date":"2024-03-27T09:00:21","date_gmt":"2024-03-27T09:00:21","guid":{"rendered":"https:\/\/hamburg-bauunternehmen.de\/?page_id=383"},"modified":"2024-03-27T09:00:59","modified_gmt":"2024-03-27T09:00:59","slug":"betonsanierung-hamburg-2","status":"publish","type":"page","link":"https:\/\/hamburg-bauunternehmen.de\/index.php\/betonsanierung-hamburg-2\/","title":{"rendered":"\u00a0Betonsanierung Hamburg"},"content":{"rendered":"\t\t<div data-elementor-type=\"wp-page\" data-elementor-id=\"383\" class=\"elementor elementor-383\">\n\t\t\t\t\t\t\t\t\t<section class=\"elementor-section elementor-top-section elementor-element elementor-element-7e17c85 elementor-section-height-min-height da-child elementor-section-boxed elementor-section-height-default elementor-section-items-middle\" data-id=\"7e17c85\" data-element_type=\"section\" id=\"home\" data-settings=\"{&quot;background_background&quot;:&quot;classic&quot;}\">\n\t\t\t\t\t\t\t<div class=\"elementor-background-overlay\"><\/div>\n\t\t\t\t\t\t\t<div class=\"elementor-container elementor-column-gap-default\">\n\t\t\t\t\t<div class=\"elementor-column elementor-col-100 elementor-top-column elementor-element elementor-element-5d82992\" data-id=\"5d82992\" data-element_type=\"column\">\n\t\t\t<div class=\"elementor-widget-wrap elementor-element-populated\">\n\t\t\t\t\t\t\t\t<div class=\"elementor-element elementor-element-10add7f elementor-widget__width-auto elementor-widget elementor-widget-image\" data-id=\"10add7f\" data-element_type=\"widget\" data-widget_type=\"image.default\">\n\t\t\t\t<div class=\"elementor-widget-container\">\n\t\t\t<style>\/*! elementor - v3.15.0 - 20-08-2023 *\/\n.elementor-widget-image{text-align:center}.elementor-widget-image a{display:inline-block}.elementor-widget-image a img[src$=\".svg\"]{width:48px}.elementor-widget-image img{vertical-align:middle;display:inline-block}<\/style>\t\t\t\t\t\t\t\t\t\t\t\t<img loading=\"lazy\" decoding=\"async\" width=\"800\" height=\"69\" src=\"https:\/\/hamburg-bauunternehmen.de\/wp-content\/uploads\/2022\/07\/logo.png\" class=\"attachment-large size-large wp-image-61\" alt=\"\" srcset=\"https:\/\/hamburg-bauunternehmen.de\/wp-content\/uploads\/2022\/07\/logo.png 833w, https:\/\/hamburg-bauunternehmen.de\/wp-content\/uploads\/2022\/07\/logo-300x26.png 300w, https:\/\/hamburg-bauunternehmen.de\/wp-content\/uploads\/2022\/07\/logo-768x66.png 768w\" sizes=\"auto, (max-width: 800px) 100vw, 800px\" \/>\t\t\t\t\t\t\t\t\t\t\t\t\t\t\t<\/div>\n\t\t\t\t<\/div>\n\t\t\t\t<div class=\"elementor-element elementor-element-1fa7b5a elementor-widget elementor-widget-spacer\" data-id=\"1fa7b5a\" data-element_type=\"widget\" data-widget_type=\"spacer.default\">\n\t\t\t\t<div class=\"elementor-widget-container\">\n\t\t\t<style>\/*! elementor - v3.15.0 - 20-08-2023 *\/\n.elementor-column .elementor-spacer-inner{height:var(--spacer-size)}.e-con{--container-widget-width:100%}.e-con-inner>.elementor-widget-spacer,.e-con>.elementor-widget-spacer{width:var(--container-widget-width,var(--spacer-size));--align-self:var(--container-widget-align-self,initial);--flex-shrink:0}.e-con-inner>.elementor-widget-spacer>.elementor-widget-container,.e-con-inner>.elementor-widget-spacer>.elementor-widget-container>.elementor-spacer,.e-con>.elementor-widget-spacer>.elementor-widget-container,.e-con>.elementor-widget-spacer>.elementor-widget-container>.elementor-spacer{height:100%}.e-con-inner>.elementor-widget-spacer>.elementor-widget-container>.elementor-spacer>.elementor-spacer-inner,.e-con>.elementor-widget-spacer>.elementor-widget-container>.elementor-spacer>.elementor-spacer-inner{height:var(--container-widget-height,var(--spacer-size))}<\/style>\t\t<div class=\"elementor-spacer\">\n\t\t\t<div class=\"elementor-spacer-inner\"><\/div>\n\t\t<\/div>\n\t\t\t\t<\/div>\n\t\t\t\t<\/div>\n\t\t\t\t<div class=\"elementor-element elementor-element-18d49cf elementor-widget elementor-widget-heading\" data-id=\"18d49cf\" data-element_type=\"widget\" data-widget_type=\"heading.default\">\n\t\t\t\t<div class=\"elementor-widget-container\">\n\t\t\t<style>\/*! elementor - v3.15.0 - 20-08-2023 *\/\n.elementor-heading-title{padding:0;margin:0;line-height:1}.elementor-widget-heading .elementor-heading-title[class*=elementor-size-]>a{color:inherit;font-size:inherit;line-height:inherit}.elementor-widget-heading .elementor-heading-title.elementor-size-small{font-size:15px}.elementor-widget-heading .elementor-heading-title.elementor-size-medium{font-size:19px}.elementor-widget-heading .elementor-heading-title.elementor-size-large{font-size:29px}.elementor-widget-heading .elementor-heading-title.elementor-size-xl{font-size:39px}.elementor-widget-heading .elementor-heading-title.elementor-size-xxl{font-size:59px}<\/style><h2 class=\"elementor-heading-title elementor-size-default\">IHR BAUGESCH\u00c4FT IN NORDERSTEDT<\/h2>\t\t<\/div>\n\t\t\t\t<\/div>\n\t\t\t\t\t<\/div>\n\t\t<\/div>\n\t\t\t\t\t\t\t<\/div>\n\t\t<\/section>\n\t\t\t\t<section class=\"elementor-section elementor-top-section elementor-element elementor-element-231263c elementor-section-boxed elementor-section-height-default elementor-section-height-default\" data-id=\"231263c\" data-element_type=\"section\">\n\t\t\t\t\t\t<div class=\"elementor-container elementor-column-gap-default\">\n\t\t\t\t\t<div class=\"elementor-column elementor-col-100 elementor-top-column elementor-element elementor-element-6295403\" data-id=\"6295403\" data-element_type=\"column\">\n\t\t\t<div class=\"elementor-widget-wrap elementor-element-populated\">\n\t\t\t\t\t\t\t\t<div class=\"elementor-element elementor-element-3b90b65 elementor-widget elementor-widget-text-editor\" data-id=\"3b90b65\" data-element_type=\"widget\" data-widget_type=\"text-editor.default\">\n\t\t\t\t<div class=\"elementor-widget-container\">\n\t\t\t<style>\/*! elementor - v3.15.0 - 20-08-2023 *\/\n.elementor-widget-text-editor.elementor-drop-cap-view-stacked .elementor-drop-cap{background-color:#69727d;color:#fff}.elementor-widget-text-editor.elementor-drop-cap-view-framed .elementor-drop-cap{color:#69727d;border:3px solid;background-color:transparent}.elementor-widget-text-editor:not(.elementor-drop-cap-view-default) .elementor-drop-cap{margin-top:8px}.elementor-widget-text-editor:not(.elementor-drop-cap-view-default) .elementor-drop-cap-letter{width:1em;height:1em}.elementor-widget-text-editor .elementor-drop-cap{float:left;text-align:center;line-height:1;font-size:50px}.elementor-widget-text-editor .elementor-drop-cap-letter{display:inline-block}<\/style>\t\t\t\t<div id=\"text_highlighted\"><div id=\"text_highlighted\"><div id=\"text_highlighted\"><p><b>Betonsanierung Hamburg<\/b><\/p><p>\u00a0<\/p><div><div class=\"preview\">Ihr Fachmann f\u00fcr die\u00a0Betonsanierung\u00a0in\u00a0Hamburg<br \/><br \/>Eine\u00a0Betonsanierung\u00a0sollte auch in\u00a0Hamburg\u00a0stets von Profis ausgef\u00fchrt werden. Werden Schadstellen n\u00e4mlich nicht absolut korrekt und fachm\u00e4nnisch instand gesetzt, drohen weitere Sch\u00e4den und somit auch hohe Folgekosten. Experten raten Immobilienbesitzern darum, in jedem Fall auf eine\u00a0Betonsanierung\u00a0in Eigenregie zu verzichten und stattdessen einen Fachbetrieb zu Rate zu ziehen. Wir sind ein solcher Fachbetrieb und stehen Ihnen mit unseren Leistungen gerne zur Verf\u00fcgung. Wir durften bereits zahlreiche Kunden in und um\u00a0Hamburg\u00a0zufriedenstellen und unterst\u00fctzen auch Sie bei Ihrer\u00a0Betonsanierung. Zu unseren St\u00e4rken geh\u00f6ren nicht nur eine maximale Fachkompetenz und viel Erfahrung, sondern auch ein ausgezeichnetes Preis-Leistungs-Verh\u00e4ltnis sowie eine genauso pr\u00e4zise wie saubere Arbeitsausf\u00fchrung. Wir sind zuverl\u00e4ssig, halten uns an Termine und nehmen uns ausreichend Zeit, um im Vorfeld gemeinsam mit Ihnen alle Details zu kl\u00e4ren und Fragen zu beantworten. Sch\u00fctzen Sie Ihr Geb\u00e4ude vor weiteren Sch\u00e4den und\/oder Alterungsprozessen und informieren Sie sich bei uns zum Thema\u00a0Betonsanierung\u00a0in\u00a0Hamburg!<br \/><br \/>Eine\u00a0Betonsanierung\u00a0wertet jedes Objekt auf<br \/>Die Gr\u00fcnde, die f\u00fcr eine Bausanierung sprechen, k\u00f6nnen ganz vielf\u00e4ltig sein. In manchen F\u00e4llen f\u00fchrt die oftmals feuchte Witterung in\u00a0Hamburg\u00a0zu Sch\u00e4den, h\u00e4ufig ist aber auch einfach Verschlei\u00df, ein Materialmangel oder eine mangelhafte Bauausf\u00fchrung daf\u00fcr verantwortlich. Was auch immer die\u00a0Betonsanierung\u00a0erforderlich macht, sie f\u00fchrt auf jeden Fall zu einer Aufwertung des Objekts. Ob W\u00e4nde, Decken oder Treppen, spielt dabei keine Rolle. Gerne kommen wir bei Ihnen in\u00a0Hamburg\u00a0vorbei, um uns die Sch\u00e4den anzuschauen. Auf Wunsch und bei Bedarf entwickeln wir dann eine individuelle Strategie f\u00fcr die\u00a0Betonsanierung. Selbstverst\u00e4ndlich k\u00f6nnen Sie auch ein ausf\u00fchrliches Angebot bei uns einholen! Da Betonsch\u00e4den Konsequenzen f\u00fcr die gesamte Tragf\u00e4higkeit des Objekts haben k\u00f6nnen, empfehlen auch Experten, mit einer\u00a0Betonsanierung\u00a0nicht zu lange zu warten. Rufen Sie uns also rechtzeitig an, damit wir einen Termin bei Ihnen in\u00a0Hamburg\u00a0vereinbaren k\u00f6nnen!<\/div><\/div><\/div><\/div><\/div>\t\t\t\t\t\t<\/div>\n\t\t\t\t<\/div>\n\t\t\t\t\t<\/div>\n\t\t<\/div>\n\t\t\t\t\t\t\t<\/div>\n\t\t<\/section>\n\t\t\t\t\t\t\t<\/div>\n\t\t","protected":false},"excerpt":{"rendered":"<p>IHR BAUGESCH\u00c4FT IN NORDERSTEDT Abbrucharbeiten in Hamburg und Umgebung Sie suchen einen Fachbetrieb f\u00fcr\u00a0Abbrucharbeiten\u00a0in\u00a0Hamburg\u00a0und Umgebung? Wir freuen uns, Sie begr\u00fc\u00dfen zu d\u00fcrfen und bieten Ihnen ein umfassendes Leistungspaket f\u00fcr die\u00a0Abbrucharbeiten\u00a0in\u00a0Hamburg. Die Dienstleistung steht gewerblichen wie privaten Kunden zur Verf\u00fcgung. Wir garantieren Ihnen die professionelle Umsetzung der Abbruchprojekte in\u00a0Hamburg. Was sind\u00a0Abbrucharbeiten? Als Arbeiten im Rahmen des [&hellip;]<\/p>\n","protected":false},"author":1,"featured_media":0,"parent":0,"menu_order":0,"comment_status":"closed","ping_status":"closed","template":"elementor_canvas","meta":{"_seopress_robots_primary_cat":"","footnotes":""},"class_list":["post-383","page","type-page","status-publish","hentry"],"_links":{"self":[{"href":"https:\/\/hamburg-bauunternehmen.de\/index.php\/wp-json\/wp\/v2\/pages\/383","targetHints":{"allow":["GET"]}}],"collection":[{"href":"https:\/\/hamburg-bauunternehmen.de\/index.php\/wp-json\/wp\/v2\/pages"}],"about":[{"href":"https:\/\/hamburg-bauunternehmen.de\/index.php\/wp-json\/wp\/v2\/types\/page"}],"author":[{"embeddable":true,"href":"https:\/\/hamburg-bauunternehmen.de\/index.php\/wp-json\/wp\/v2\/users\/1"}],"replies":[{"embeddable":true,"href":"https:\/\/hamburg-bauunternehmen.de\/index.php\/wp-json\/wp\/v2\/comments?post=383"}],"version-history":[{"count":5,"href":"https:\/\/hamburg-bauunternehmen.de\/index.php\/wp-json\/wp\/v2\/pages\/383\/revisions"}],"predecessor-version":[{"id":388,"href":"https:\/\/hamburg-bauunternehmen.de\/index.php\/wp-json\/wp\/v2\/pages\/383\/revisions\/388"}],"wp:attachment":[{"href":"https:\/\/hamburg-bauunternehmen.de\/index.php\/wp-json\/wp\/v2\/media?parent=383"}],"curies":[{"name":"wp","href":"https:\/\/api.w.org\/{rel}","templated":true}]}}