{"id":389,"date":"2024-03-27T09:01:12","date_gmt":"2024-03-27T09:01:12","guid":{"rendered":"https:\/\/hamburg-bauunternehmen.de\/?page_id=389"},"modified":"2024-03-27T09:01:59","modified_gmt":"2024-03-27T09:01:59","slug":"baugeschaft-hamburg","status":"publish","type":"page","link":"https:\/\/hamburg-bauunternehmen.de\/index.php\/baugeschaft-hamburg\/","title":{"rendered":"\u00a0Baugesch\u00e4ft Hamburg"},"content":{"rendered":"\t\t<div data-elementor-type=\"wp-page\" data-elementor-id=\"389\" class=\"elementor elementor-389\">\n\t\t\t\t\t\t\t\t\t<section class=\"elementor-section elementor-top-section elementor-element elementor-element-7e17c85 elementor-section-height-min-height da-child elementor-section-boxed elementor-section-height-default elementor-section-items-middle\" data-id=\"7e17c85\" data-element_type=\"section\" id=\"home\" data-settings=\"{&quot;background_background&quot;:&quot;classic&quot;}\">\n\t\t\t\t\t\t\t<div class=\"elementor-background-overlay\"><\/div>\n\t\t\t\t\t\t\t<div class=\"elementor-container elementor-column-gap-default\">\n\t\t\t\t\t<div class=\"elementor-column elementor-col-100 elementor-top-column elementor-element elementor-element-5d82992\" data-id=\"5d82992\" data-element_type=\"column\">\n\t\t\t<div class=\"elementor-widget-wrap elementor-element-populated\">\n\t\t\t\t\t\t\t\t<div class=\"elementor-element elementor-element-10add7f elementor-widget__width-auto elementor-widget elementor-widget-image\" data-id=\"10add7f\" data-element_type=\"widget\" data-widget_type=\"image.default\">\n\t\t\t\t<div class=\"elementor-widget-container\">\n\t\t\t<style>\/*! elementor - v3.15.0 - 20-08-2023 *\/\n.elementor-widget-image{text-align:center}.elementor-widget-image a{display:inline-block}.elementor-widget-image a img[src$=\".svg\"]{width:48px}.elementor-widget-image img{vertical-align:middle;display:inline-block}<\/style>\t\t\t\t\t\t\t\t\t\t\t\t<img loading=\"lazy\" decoding=\"async\" width=\"800\" height=\"69\" src=\"https:\/\/hamburg-bauunternehmen.de\/wp-content\/uploads\/2022\/07\/logo.png\" class=\"attachment-large size-large wp-image-61\" alt=\"\" srcset=\"https:\/\/hamburg-bauunternehmen.de\/wp-content\/uploads\/2022\/07\/logo.png 833w, https:\/\/hamburg-bauunternehmen.de\/wp-content\/uploads\/2022\/07\/logo-300x26.png 300w, https:\/\/hamburg-bauunternehmen.de\/wp-content\/uploads\/2022\/07\/logo-768x66.png 768w\" sizes=\"auto, (max-width: 800px) 100vw, 800px\" \/>\t\t\t\t\t\t\t\t\t\t\t\t\t\t\t<\/div>\n\t\t\t\t<\/div>\n\t\t\t\t<div class=\"elementor-element elementor-element-1fa7b5a elementor-widget elementor-widget-spacer\" data-id=\"1fa7b5a\" data-element_type=\"widget\" data-widget_type=\"spacer.default\">\n\t\t\t\t<div class=\"elementor-widget-container\">\n\t\t\t<style>\/*! elementor - v3.15.0 - 20-08-2023 *\/\n.elementor-column .elementor-spacer-inner{height:var(--spacer-size)}.e-con{--container-widget-width:100%}.e-con-inner>.elementor-widget-spacer,.e-con>.elementor-widget-spacer{width:var(--container-widget-width,var(--spacer-size));--align-self:var(--container-widget-align-self,initial);--flex-shrink:0}.e-con-inner>.elementor-widget-spacer>.elementor-widget-container,.e-con-inner>.elementor-widget-spacer>.elementor-widget-container>.elementor-spacer,.e-con>.elementor-widget-spacer>.elementor-widget-container,.e-con>.elementor-widget-spacer>.elementor-widget-container>.elementor-spacer{height:100%}.e-con-inner>.elementor-widget-spacer>.elementor-widget-container>.elementor-spacer>.elementor-spacer-inner,.e-con>.elementor-widget-spacer>.elementor-widget-container>.elementor-spacer>.elementor-spacer-inner{height:var(--container-widget-height,var(--spacer-size))}<\/style>\t\t<div class=\"elementor-spacer\">\n\t\t\t<div class=\"elementor-spacer-inner\"><\/div>\n\t\t<\/div>\n\t\t\t\t<\/div>\n\t\t\t\t<\/div>\n\t\t\t\t<div class=\"elementor-element elementor-element-18d49cf elementor-widget elementor-widget-heading\" data-id=\"18d49cf\" data-element_type=\"widget\" data-widget_type=\"heading.default\">\n\t\t\t\t<div class=\"elementor-widget-container\">\n\t\t\t<style>\/*! elementor - v3.15.0 - 20-08-2023 *\/\n.elementor-heading-title{padding:0;margin:0;line-height:1}.elementor-widget-heading .elementor-heading-title[class*=elementor-size-]>a{color:inherit;font-size:inherit;line-height:inherit}.elementor-widget-heading .elementor-heading-title.elementor-size-small{font-size:15px}.elementor-widget-heading .elementor-heading-title.elementor-size-medium{font-size:19px}.elementor-widget-heading .elementor-heading-title.elementor-size-large{font-size:29px}.elementor-widget-heading .elementor-heading-title.elementor-size-xl{font-size:39px}.elementor-widget-heading .elementor-heading-title.elementor-size-xxl{font-size:59px}<\/style><h2 class=\"elementor-heading-title elementor-size-default\">IHR BAUGESCH\u00c4FT IN NORDERSTEDT<\/h2>\t\t<\/div>\n\t\t\t\t<\/div>\n\t\t\t\t\t<\/div>\n\t\t<\/div>\n\t\t\t\t\t\t\t<\/div>\n\t\t<\/section>\n\t\t\t\t<section class=\"elementor-section elementor-top-section elementor-element elementor-element-231263c elementor-section-boxed elementor-section-height-default elementor-section-height-default\" data-id=\"231263c\" data-element_type=\"section\">\n\t\t\t\t\t\t<div class=\"elementor-container elementor-column-gap-default\">\n\t\t\t\t\t<div class=\"elementor-column elementor-col-100 elementor-top-column elementor-element elementor-element-6295403\" data-id=\"6295403\" data-element_type=\"column\">\n\t\t\t<div class=\"elementor-widget-wrap elementor-element-populated\">\n\t\t\t\t\t\t\t\t<div class=\"elementor-element elementor-element-3b90b65 elementor-widget elementor-widget-text-editor\" data-id=\"3b90b65\" data-element_type=\"widget\" data-widget_type=\"text-editor.default\">\n\t\t\t\t<div class=\"elementor-widget-container\">\n\t\t\t<style>\/*! elementor - v3.15.0 - 20-08-2023 *\/\n.elementor-widget-text-editor.elementor-drop-cap-view-stacked .elementor-drop-cap{background-color:#69727d;color:#fff}.elementor-widget-text-editor.elementor-drop-cap-view-framed .elementor-drop-cap{color:#69727d;border:3px solid;background-color:transparent}.elementor-widget-text-editor:not(.elementor-drop-cap-view-default) .elementor-drop-cap{margin-top:8px}.elementor-widget-text-editor:not(.elementor-drop-cap-view-default) .elementor-drop-cap-letter{width:1em;height:1em}.elementor-widget-text-editor .elementor-drop-cap{float:left;text-align:center;line-height:1;font-size:50px}.elementor-widget-text-editor .elementor-drop-cap-letter{display:inline-block}<\/style>\t\t\t\t<div id=\"text_highlighted\"><div id=\"text_highlighted\"><div id=\"text_highlighted\"><p><b>Baugesch\u00e4ft Hamburg<\/b><\/p><p>\u00a0<\/p><div><div class=\"preview\">Ihr\u00a0Baugesch\u00e4ft\u00a0f\u00fcr\u00a0Hamburg\u00a0stellt sich vor<br \/><br \/>Guten Tag und herzlich willkommen in unserem\u00a0Baugesch\u00e4ft\u00a0f\u00fcr\u00a0Hamburg\u00a0und Umgebung! Wir stehen Ihnen f\u00fcr die verschiedensten Leistungen zur Verf\u00fcgung und bieten Ihnen individuelle L\u00f6sungen f\u00fcr Ihr Projekt. Ob Beseitigung von Schimmel, das Entfernen von W\u00e4nden oder der Einbau einer Treppe, Ihr\u00a0Baugesch\u00e4ft\u00a0f\u00fcr\u00a0Hamburg\u00a0ist f\u00fcr Sie da! Zur Philosophie unseres Unternehmens geh\u00f6ren eine sehr hochwertige Qualit\u00e4t aller ausgef\u00fchrten Arbeiten, maximale Zuverl\u00e4ssigkeit sowie faire, transparente Preise. Wir arbeiten sauber und gr\u00fcndlich, richten uns bei Bedarf gerne nach Ihren Terminw\u00fcnschen und halten bei Bedarf interessante Vorschl\u00e4ge und Inspirationen bereit. Eine kompetente Beratung ist in unserem\u00a0Baugesch\u00e4ft\u00a0f\u00fcr\u00a0Hamburg\u00a0ebenso selbstverst\u00e4ndlich wie die Verwendung von modernen und anspruchsvollen Materialien. Setzen Sie sich einfach mit unserem\u00a0Baugesch\u00e4ft\u00a0f\u00fcr\u00a0Hamburg\u00a0in Verbindung und \u00fcberzeugen Sie sich selbst: Wir freuen uns auf Sie!<br \/><br \/>Unser\u00a0Baugesch\u00e4ft\u00a0Hamburg: Was d\u00fcrfen wir f\u00fcr Sie tun?<br \/>Manchmal geht es einfach nicht ohne professionelle Unterst\u00fctzung. Ob das nun B\u00e4der oder K\u00fcchen betrifft, Sie sich f\u00fcr eine Balkonsanierung interessieren oder Ihnen anstehende Putzarbeiten Kopfzerbrechen bereiten, wir stehen Ihnen mit Rat und Tat zur Seite und sorgen daf\u00fcr, dass Ihr geplantes Projekt p\u00fcnktlich und wunschgem\u00e4\u00df abgeschlossen werden kann. Dank unserer hohen Kompetenz in den verschiedensten Bereichen und unserer Erfahrung meistern wir jede kleinere oder gr\u00f6\u00dfere Herausforderung. Wir sind jederzeit auf dem neusten Stand der Technik und kennen uns nat\u00fcrlich auch mit eventuellen, aktuell geltenden Richtlinien und Vorschriften aus. Unser gesamtes Team ist bestens qualifiziert und sehr gut geschult. Da sitzt nicht nur jeder Handgriff, wir arbeiten auch Hand in Hand! Nat\u00fcrlich haben Sie in unserem\u00a0Baugesch\u00e4ft\u00a0f\u00fcr\u00a0Hamburg\u00a0w\u00e4hrend einer laufenden Ma\u00dfnahme immer einen festen Ansprechpartner, der Ihre Fragen beantwortet, Sonderw\u00fcnsche entgegennimmt oder Ausk\u00fcnfte gibt. Stressen Sie sich also nicht, wenn Sie beispielsweise Estrich- oder Verblendarbeiten planen, und rufen Sie uns noch heute an!<\/div><\/div><\/div><\/div><\/div>\t\t\t\t\t\t<\/div>\n\t\t\t\t<\/div>\n\t\t\t\t\t<\/div>\n\t\t<\/div>\n\t\t\t\t\t\t\t<\/div>\n\t\t<\/section>\n\t\t\t\t\t\t\t<\/div>\n\t\t","protected":false},"excerpt":{"rendered":"<p>IHR BAUGESCH\u00c4FT IN NORDERSTEDT Abbrucharbeiten in Hamburg und Umgebung Sie suchen einen Fachbetrieb f\u00fcr\u00a0Abbrucharbeiten\u00a0in\u00a0Hamburg\u00a0und Umgebung? Wir freuen uns, Sie begr\u00fc\u00dfen zu d\u00fcrfen und bieten Ihnen ein umfassendes Leistungspaket f\u00fcr die\u00a0Abbrucharbeiten\u00a0in\u00a0Hamburg. Die Dienstleistung steht gewerblichen wie privaten Kunden zur Verf\u00fcgung. Wir garantieren Ihnen die professionelle Umsetzung der Abbruchprojekte in\u00a0Hamburg. Was sind\u00a0Abbrucharbeiten? Als Arbeiten im Rahmen des [&hellip;]<\/p>\n","protected":false},"author":1,"featured_media":0,"parent":0,"menu_order":0,"comment_status":"closed","ping_status":"closed","template":"elementor_canvas","meta":{"_seopress_robots_primary_cat":"","footnotes":""},"class_list":["post-389","page","type-page","status-publish","hentry"],"_links":{"self":[{"href":"https:\/\/hamburg-bauunternehmen.de\/index.php\/wp-json\/wp\/v2\/pages\/389","targetHints":{"allow":["GET"]}}],"collection":[{"href":"https:\/\/hamburg-bauunternehmen.de\/index.php\/wp-json\/wp\/v2\/pages"}],"about":[{"href":"https:\/\/hamburg-bauunternehmen.de\/index.php\/wp-json\/wp\/v2\/types\/page"}],"author":[{"embeddable":true,"href":"https:\/\/hamburg-bauunternehmen.de\/index.php\/wp-json\/wp\/v2\/users\/1"}],"replies":[{"embeddable":true,"href":"https:\/\/hamburg-bauunternehmen.de\/index.php\/wp-json\/wp\/v2\/comments?post=389"}],"version-history":[{"count":5,"href":"https:\/\/hamburg-bauunternehmen.de\/index.php\/wp-json\/wp\/v2\/pages\/389\/revisions"}],"predecessor-version":[{"id":394,"href":"https:\/\/hamburg-bauunternehmen.de\/index.php\/wp-json\/wp\/v2\/pages\/389\/revisions\/394"}],"wp:attachment":[{"href":"https:\/\/hamburg-bauunternehmen.de\/index.php\/wp-json\/wp\/v2\/media?parent=389"}],"curies":[{"name":"wp","href":"https:\/\/api.w.org\/{rel}","templated":true}]}}