{"id":407,"date":"2024-03-27T09:05:20","date_gmt":"2024-03-27T09:05:20","guid":{"rendered":"https:\/\/hamburg-bauunternehmen.de\/?page_id=407"},"modified":"2024-03-27T09:05:57","modified_gmt":"2024-03-27T09:05:57","slug":"balkonsanierung-hamburg-2","status":"publish","type":"page","link":"https:\/\/hamburg-bauunternehmen.de\/index.php\/balkonsanierung-hamburg-2\/","title":{"rendered":"\u00a0Balkonsanierung Hamburg"},"content":{"rendered":"\t\t<div data-elementor-type=\"wp-page\" data-elementor-id=\"407\" class=\"elementor elementor-407\">\n\t\t\t\t\t\t\t\t\t<section class=\"elementor-section elementor-top-section elementor-element elementor-element-7e17c85 elementor-section-height-min-height da-child elementor-section-boxed elementor-section-height-default elementor-section-items-middle\" data-id=\"7e17c85\" data-element_type=\"section\" id=\"home\" data-settings=\"{&quot;background_background&quot;:&quot;classic&quot;}\">\n\t\t\t\t\t\t\t<div class=\"elementor-background-overlay\"><\/div>\n\t\t\t\t\t\t\t<div class=\"elementor-container elementor-column-gap-default\">\n\t\t\t\t\t<div class=\"elementor-column elementor-col-100 elementor-top-column elementor-element elementor-element-5d82992\" data-id=\"5d82992\" data-element_type=\"column\">\n\t\t\t<div class=\"elementor-widget-wrap elementor-element-populated\">\n\t\t\t\t\t\t\t\t<div class=\"elementor-element elementor-element-10add7f elementor-widget__width-auto elementor-widget elementor-widget-image\" data-id=\"10add7f\" data-element_type=\"widget\" data-widget_type=\"image.default\">\n\t\t\t\t<div class=\"elementor-widget-container\">\n\t\t\t<style>\/*! elementor - v3.15.0 - 20-08-2023 *\/\n.elementor-widget-image{text-align:center}.elementor-widget-image a{display:inline-block}.elementor-widget-image a img[src$=\".svg\"]{width:48px}.elementor-widget-image img{vertical-align:middle;display:inline-block}<\/style>\t\t\t\t\t\t\t\t\t\t\t\t<img loading=\"lazy\" decoding=\"async\" width=\"800\" height=\"69\" src=\"https:\/\/hamburg-bauunternehmen.de\/wp-content\/uploads\/2022\/07\/logo.png\" class=\"attachment-large size-large wp-image-61\" alt=\"\" srcset=\"https:\/\/hamburg-bauunternehmen.de\/wp-content\/uploads\/2022\/07\/logo.png 833w, https:\/\/hamburg-bauunternehmen.de\/wp-content\/uploads\/2022\/07\/logo-300x26.png 300w, https:\/\/hamburg-bauunternehmen.de\/wp-content\/uploads\/2022\/07\/logo-768x66.png 768w\" sizes=\"auto, (max-width: 800px) 100vw, 800px\" \/>\t\t\t\t\t\t\t\t\t\t\t\t\t\t\t<\/div>\n\t\t\t\t<\/div>\n\t\t\t\t<div class=\"elementor-element elementor-element-1fa7b5a elementor-widget elementor-widget-spacer\" data-id=\"1fa7b5a\" data-element_type=\"widget\" data-widget_type=\"spacer.default\">\n\t\t\t\t<div class=\"elementor-widget-container\">\n\t\t\t<style>\/*! elementor - v3.15.0 - 20-08-2023 *\/\n.elementor-column .elementor-spacer-inner{height:var(--spacer-size)}.e-con{--container-widget-width:100%}.e-con-inner>.elementor-widget-spacer,.e-con>.elementor-widget-spacer{width:var(--container-widget-width,var(--spacer-size));--align-self:var(--container-widget-align-self,initial);--flex-shrink:0}.e-con-inner>.elementor-widget-spacer>.elementor-widget-container,.e-con-inner>.elementor-widget-spacer>.elementor-widget-container>.elementor-spacer,.e-con>.elementor-widget-spacer>.elementor-widget-container,.e-con>.elementor-widget-spacer>.elementor-widget-container>.elementor-spacer{height:100%}.e-con-inner>.elementor-widget-spacer>.elementor-widget-container>.elementor-spacer>.elementor-spacer-inner,.e-con>.elementor-widget-spacer>.elementor-widget-container>.elementor-spacer>.elementor-spacer-inner{height:var(--container-widget-height,var(--spacer-size))}<\/style>\t\t<div class=\"elementor-spacer\">\n\t\t\t<div class=\"elementor-spacer-inner\"><\/div>\n\t\t<\/div>\n\t\t\t\t<\/div>\n\t\t\t\t<\/div>\n\t\t\t\t<div class=\"elementor-element elementor-element-18d49cf elementor-widget elementor-widget-heading\" data-id=\"18d49cf\" data-element_type=\"widget\" data-widget_type=\"heading.default\">\n\t\t\t\t<div class=\"elementor-widget-container\">\n\t\t\t<style>\/*! elementor - v3.15.0 - 20-08-2023 *\/\n.elementor-heading-title{padding:0;margin:0;line-height:1}.elementor-widget-heading .elementor-heading-title[class*=elementor-size-]>a{color:inherit;font-size:inherit;line-height:inherit}.elementor-widget-heading .elementor-heading-title.elementor-size-small{font-size:15px}.elementor-widget-heading .elementor-heading-title.elementor-size-medium{font-size:19px}.elementor-widget-heading .elementor-heading-title.elementor-size-large{font-size:29px}.elementor-widget-heading .elementor-heading-title.elementor-size-xl{font-size:39px}.elementor-widget-heading .elementor-heading-title.elementor-size-xxl{font-size:59px}<\/style><h2 class=\"elementor-heading-title elementor-size-default\">IHR BAUGESCH\u00c4FT IN NORDERSTEDT<\/h2>\t\t<\/div>\n\t\t\t\t<\/div>\n\t\t\t\t\t<\/div>\n\t\t<\/div>\n\t\t\t\t\t\t\t<\/div>\n\t\t<\/section>\n\t\t\t\t<section class=\"elementor-section elementor-top-section elementor-element elementor-element-231263c elementor-section-boxed elementor-section-height-default elementor-section-height-default\" data-id=\"231263c\" data-element_type=\"section\">\n\t\t\t\t\t\t<div class=\"elementor-container elementor-column-gap-default\">\n\t\t\t\t\t<div class=\"elementor-column elementor-col-100 elementor-top-column elementor-element elementor-element-6295403\" data-id=\"6295403\" data-element_type=\"column\">\n\t\t\t<div class=\"elementor-widget-wrap elementor-element-populated\">\n\t\t\t\t\t\t\t\t<div class=\"elementor-element elementor-element-3b90b65 elementor-widget elementor-widget-text-editor\" data-id=\"3b90b65\" data-element_type=\"widget\" data-widget_type=\"text-editor.default\">\n\t\t\t\t<div class=\"elementor-widget-container\">\n\t\t\t<style>\/*! elementor - v3.15.0 - 20-08-2023 *\/\n.elementor-widget-text-editor.elementor-drop-cap-view-stacked .elementor-drop-cap{background-color:#69727d;color:#fff}.elementor-widget-text-editor.elementor-drop-cap-view-framed .elementor-drop-cap{color:#69727d;border:3px solid;background-color:transparent}.elementor-widget-text-editor:not(.elementor-drop-cap-view-default) .elementor-drop-cap{margin-top:8px}.elementor-widget-text-editor:not(.elementor-drop-cap-view-default) .elementor-drop-cap-letter{width:1em;height:1em}.elementor-widget-text-editor .elementor-drop-cap{float:left;text-align:center;line-height:1;font-size:50px}.elementor-widget-text-editor .elementor-drop-cap-letter{display:inline-block}<\/style>\t\t\t\t<div id=\"text_highlighted\"><p><b>Balkonsanierung Hamburg<\/b><\/p><p>\u00a0<\/p><div><div class=\"preview\">Balkonsanierung\u00a0in\u00a0Hamburg\u00a0vom Experten<br \/><br \/>Ein Balkon ist mehr als nur ein Platz im Freien &#8211; er ist eine Erweiterung Ihres Zuhauses, ein R\u00fcckzugsort, an dem Sie die Sch\u00f6nheit der Natur und die Fr\u00fcchte Ihrer Arbeit im heimischen Garten genie\u00dfen k\u00f6nnen. Doch im Laufe der Zeit k\u00f6nnen Witterungseinfl\u00fcsse und Verschlei\u00dfspuren ihren Tribut fordern, und Ihr schmucker Balkon kann seinen einladenden Charme ein St\u00fcckweit einb\u00fc\u00dfen. Mit der richtigen Pflege und einer professionellen\u00a0Balkonsanierung\u00a0in\u00a0Hamburg\u00a0kann Ihr Au\u00dfenbereich wieder erstrahlen wie am ersten Tag. Es lohnt sich, dem Expertenteam rund um Marco Schwebe zu vertrauen.<br \/><br \/>Mehr Freude am Outdoor-Bereich &#8211;\u00a0Balkonsanierung\u00a0in\u00a0Hamburg<br \/><br \/>Willkommen bei Marco Schwebe, Ihrem verl\u00e4sslichen Partner f\u00fcr hochwertige\u00a0Balkonsanierung\u00a0im Raum\u00a0Hamburg. Wir sind ein Team von erfahrenen Handwerkern, die sich der Kunst der Renovierung und Restaurierung verschrieben haben. Unsere Leidenschaft f\u00fcr Qualit\u00e4t und unser Streben nach Exzellenz spiegeln sich in jedem Projekt wider, das wir anpacken.<br \/><br \/>Unser Prozess beginnt mit einer gr\u00fcndlichen Inspektion Ihres Balkons. Wir analysieren den Zustand der Oberfl\u00e4chen, pr\u00fcfen die Struktur auf Stabilit\u00e4t und identifizieren potenzielle Problemstellen &#8211; schon vor der\u00a0Balkonsanierung\u00a0in\u00a0Hamburg. Basierend auf unseren Erkenntnissen erstellen wir dann einen ma\u00dfgeschneiderten Sanierungsplan, der Ihre individuellen Bed\u00fcrfnisse und W\u00fcnsche ber\u00fccksichtigt.<br \/><br \/>Unsere Palette an Sanierungsdienstleistungen umfasst alles, von der Reparatur von Rissen und Unebenheiten bis hin zur Neuverkleidung und Abdichtung. Wir verwenden ausschlie\u00dflich hochwertige Materialien und modernste Techniken, um langanhaltende Ergebnisse von h\u00f6chster Qualit\u00e4t zu gew\u00e4hrleisten. Bei jeder\u00a0Balkonsanierung\u00a0in\u00a0Hamburg\u00a0legen wir besonderen Wert auf \u00e4sthetische Details und Funktionalit\u00e4t, damit Ihr Balkon nicht nur sch\u00f6n aussieht, sondern auch den Strapazen des Alltags standh\u00e4lt.<br \/><br \/>Bei uns geht es jedoch nicht nur um erstklassige Arbeit, sondern auch um ein erstklassiges Kundenerlebnis. Wir verstehen, dass eine\u00a0Balkonsanierung\u00a0in\u00a0Hamburg\u00a0und Umgebung eine Investition in Ihr Zuhause ist, und wir sind bestrebt, diesen Prozess so stressfrei und angenehm wie m\u00f6glich zu gestalten. Unser Team steht Ihnen von Anfang bis Ende zur Seite, um sicherzustellen, dass Ihre Vorstellungen \u00fcbertroffen werden.<br \/><br \/>Jetzt Termin f\u00fcr die\u00a0Balkonsanierung\u00a0in\u00a0Hamburg\u00a0vereinbaren<br \/><br \/>Entdecken Sie die M\u00f6glichkeiten einer\u00a0Balkonsanierung\u00a0in\u00a0Hamburg\u00a0mit Marco Schwebe und seinem Team. Lassen Sie uns gemeinsam Ihren Balkon in eine Oase der Entspannung und Sch\u00f6nheit verwandeln, auf der Sie viele Jahre lang Freude haben werden. Kontaktieren Sie uns noch heute, um mehr zu erfahren. Es lohnt sich!<\/div><\/div><\/div>\t\t\t\t\t\t<\/div>\n\t\t\t\t<\/div>\n\t\t\t\t\t<\/div>\n\t\t<\/div>\n\t\t\t\t\t\t\t<\/div>\n\t\t<\/section>\n\t\t\t\t\t\t\t<\/div>\n\t\t","protected":false},"excerpt":{"rendered":"<p>IHR BAUGESCH\u00c4FT IN NORDERSTEDT Abbrucharbeiten in Hamburg und Umgebung Sie suchen einen Fachbetrieb f\u00fcr\u00a0Abbrucharbeiten\u00a0in\u00a0Hamburg\u00a0und Umgebung? Wir freuen uns, Sie begr\u00fc\u00dfen zu d\u00fcrfen und bieten Ihnen ein umfassendes Leistungspaket f\u00fcr die\u00a0Abbrucharbeiten\u00a0in\u00a0Hamburg. Die Dienstleistung steht gewerblichen wie privaten Kunden zur Verf\u00fcgung. Wir garantieren Ihnen die professionelle Umsetzung der Abbruchprojekte in\u00a0Hamburg. Was sind\u00a0Abbrucharbeiten? Als Arbeiten im Rahmen des [&hellip;]<\/p>\n","protected":false},"author":1,"featured_media":0,"parent":0,"menu_order":0,"comment_status":"closed","ping_status":"closed","template":"elementor_canvas","meta":{"_seopress_robots_primary_cat":"","footnotes":""},"class_list":["post-407","page","type-page","status-publish","hentry"],"_links":{"self":[{"href":"https:\/\/hamburg-bauunternehmen.de\/index.php\/wp-json\/wp\/v2\/pages\/407","targetHints":{"allow":["GET"]}}],"collection":[{"href":"https:\/\/hamburg-bauunternehmen.de\/index.php\/wp-json\/wp\/v2\/pages"}],"about":[{"href":"https:\/\/hamburg-bauunternehmen.de\/index.php\/wp-json\/wp\/v2\/types\/page"}],"author":[{"embeddable":true,"href":"https:\/\/hamburg-bauunternehmen.de\/index.php\/wp-json\/wp\/v2\/users\/1"}],"replies":[{"embeddable":true,"href":"https:\/\/hamburg-bauunternehmen.de\/index.php\/wp-json\/wp\/v2\/comments?post=407"}],"version-history":[{"count":5,"href":"https:\/\/hamburg-bauunternehmen.de\/index.php\/wp-json\/wp\/v2\/pages\/407\/revisions"}],"predecessor-version":[{"id":412,"href":"https:\/\/hamburg-bauunternehmen.de\/index.php\/wp-json\/wp\/v2\/pages\/407\/revisions\/412"}],"wp:attachment":[{"href":"https:\/\/hamburg-bauunternehmen.de\/index.php\/wp-json\/wp\/v2\/media?parent=407"}],"curies":[{"name":"wp","href":"https:\/\/api.w.org\/{rel}","templated":true}]}}