{"id":487,"date":"2024-08-29T07:37:48","date_gmt":"2024-08-29T07:37:48","guid":{"rendered":"https:\/\/hamburg-bauunternehmen.de\/?page_id=487"},"modified":"2024-08-29T07:38:26","modified_gmt":"2024-08-29T07:38:26","slug":"baugeschaeft-in-hamburg","status":"publish","type":"page","link":"https:\/\/hamburg-bauunternehmen.de\/index.php\/baugeschaeft-in-hamburg\/","title":{"rendered":"\u00a0Baugesch\u00e4ft in Hamburg"},"content":{"rendered":"\t\t<div data-elementor-type=\"wp-page\" data-elementor-id=\"487\" class=\"elementor elementor-487\">\n\t\t\t\t\t\t\t\t\t<section class=\"elementor-section elementor-top-section elementor-element elementor-element-7e17c85 elementor-section-height-min-height da-child elementor-section-boxed elementor-section-height-default elementor-section-items-middle\" data-id=\"7e17c85\" data-element_type=\"section\" id=\"home\" data-settings=\"{&quot;background_background&quot;:&quot;classic&quot;}\">\n\t\t\t\t\t\t\t<div class=\"elementor-background-overlay\"><\/div>\n\t\t\t\t\t\t\t<div class=\"elementor-container elementor-column-gap-default\">\n\t\t\t\t\t<div class=\"elementor-column elementor-col-100 elementor-top-column elementor-element elementor-element-5d82992\" data-id=\"5d82992\" data-element_type=\"column\">\n\t\t\t<div class=\"elementor-widget-wrap elementor-element-populated\">\n\t\t\t\t\t\t\t\t<div class=\"elementor-element elementor-element-10add7f elementor-widget__width-auto elementor-widget elementor-widget-image\" data-id=\"10add7f\" data-element_type=\"widget\" data-widget_type=\"image.default\">\n\t\t\t\t<div class=\"elementor-widget-container\">\n\t\t\t<style>\/*! elementor - v3.15.0 - 20-08-2023 *\/\n.elementor-widget-image{text-align:center}.elementor-widget-image a{display:inline-block}.elementor-widget-image a img[src$=\".svg\"]{width:48px}.elementor-widget-image img{vertical-align:middle;display:inline-block}<\/style>\t\t\t\t\t\t\t\t\t\t\t\t<img loading=\"lazy\" decoding=\"async\" width=\"800\" height=\"69\" src=\"https:\/\/hamburg-bauunternehmen.de\/wp-content\/uploads\/2022\/07\/logo.png\" class=\"attachment-large size-large wp-image-61\" alt=\"\" srcset=\"https:\/\/hamburg-bauunternehmen.de\/wp-content\/uploads\/2022\/07\/logo.png 833w, https:\/\/hamburg-bauunternehmen.de\/wp-content\/uploads\/2022\/07\/logo-300x26.png 300w, https:\/\/hamburg-bauunternehmen.de\/wp-content\/uploads\/2022\/07\/logo-768x66.png 768w\" sizes=\"auto, (max-width: 800px) 100vw, 800px\" \/>\t\t\t\t\t\t\t\t\t\t\t\t\t\t\t<\/div>\n\t\t\t\t<\/div>\n\t\t\t\t<div class=\"elementor-element elementor-element-1fa7b5a elementor-widget elementor-widget-spacer\" data-id=\"1fa7b5a\" data-element_type=\"widget\" data-widget_type=\"spacer.default\">\n\t\t\t\t<div class=\"elementor-widget-container\">\n\t\t\t<style>\/*! elementor - v3.15.0 - 20-08-2023 *\/\n.elementor-column .elementor-spacer-inner{height:var(--spacer-size)}.e-con{--container-widget-width:100%}.e-con-inner>.elementor-widget-spacer,.e-con>.elementor-widget-spacer{width:var(--container-widget-width,var(--spacer-size));--align-self:var(--container-widget-align-self,initial);--flex-shrink:0}.e-con-inner>.elementor-widget-spacer>.elementor-widget-container,.e-con-inner>.elementor-widget-spacer>.elementor-widget-container>.elementor-spacer,.e-con>.elementor-widget-spacer>.elementor-widget-container,.e-con>.elementor-widget-spacer>.elementor-widget-container>.elementor-spacer{height:100%}.e-con-inner>.elementor-widget-spacer>.elementor-widget-container>.elementor-spacer>.elementor-spacer-inner,.e-con>.elementor-widget-spacer>.elementor-widget-container>.elementor-spacer>.elementor-spacer-inner{height:var(--container-widget-height,var(--spacer-size))}<\/style>\t\t<div class=\"elementor-spacer\">\n\t\t\t<div class=\"elementor-spacer-inner\"><\/div>\n\t\t<\/div>\n\t\t\t\t<\/div>\n\t\t\t\t<\/div>\n\t\t\t\t<div class=\"elementor-element elementor-element-18d49cf elementor-widget elementor-widget-heading\" data-id=\"18d49cf\" data-element_type=\"widget\" data-widget_type=\"heading.default\">\n\t\t\t\t<div class=\"elementor-widget-container\">\n\t\t\t<style>\/*! elementor - v3.15.0 - 20-08-2023 *\/\n.elementor-heading-title{padding:0;margin:0;line-height:1}.elementor-widget-heading .elementor-heading-title[class*=elementor-size-]>a{color:inherit;font-size:inherit;line-height:inherit}.elementor-widget-heading .elementor-heading-title.elementor-size-small{font-size:15px}.elementor-widget-heading .elementor-heading-title.elementor-size-medium{font-size:19px}.elementor-widget-heading .elementor-heading-title.elementor-size-large{font-size:29px}.elementor-widget-heading .elementor-heading-title.elementor-size-xl{font-size:39px}.elementor-widget-heading .elementor-heading-title.elementor-size-xxl{font-size:59px}<\/style><h2 class=\"elementor-heading-title elementor-size-default\">IHR BAUGESCH\u00c4FT IN NORDERSTEDT<\/h2>\t\t<\/div>\n\t\t\t\t<\/div>\n\t\t\t\t\t<\/div>\n\t\t<\/div>\n\t\t\t\t\t\t\t<\/div>\n\t\t<\/section>\n\t\t\t\t<section class=\"elementor-section elementor-top-section elementor-element elementor-element-231263c elementor-section-boxed elementor-section-height-default elementor-section-height-default\" data-id=\"231263c\" data-element_type=\"section\">\n\t\t\t\t\t\t<div class=\"elementor-container elementor-column-gap-default\">\n\t\t\t\t\t<div class=\"elementor-column elementor-col-100 elementor-top-column elementor-element elementor-element-6295403\" data-id=\"6295403\" data-element_type=\"column\">\n\t\t\t<div class=\"elementor-widget-wrap elementor-element-populated\">\n\t\t\t\t\t\t\t\t<div class=\"elementor-element elementor-element-3b90b65 elementor-widget elementor-widget-text-editor\" data-id=\"3b90b65\" data-element_type=\"widget\" data-widget_type=\"text-editor.default\">\n\t\t\t\t<div class=\"elementor-widget-container\">\n\t\t\t<style>\/*! elementor - v3.15.0 - 20-08-2023 *\/\n.elementor-widget-text-editor.elementor-drop-cap-view-stacked .elementor-drop-cap{background-color:#69727d;color:#fff}.elementor-widget-text-editor.elementor-drop-cap-view-framed .elementor-drop-cap{color:#69727d;border:3px solid;background-color:transparent}.elementor-widget-text-editor:not(.elementor-drop-cap-view-default) .elementor-drop-cap{margin-top:8px}.elementor-widget-text-editor:not(.elementor-drop-cap-view-default) .elementor-drop-cap-letter{width:1em;height:1em}.elementor-widget-text-editor .elementor-drop-cap{float:left;text-align:center;line-height:1;font-size:50px}.elementor-widget-text-editor .elementor-drop-cap-letter{display:inline-block}<\/style>\t\t\t\t<div id=\"text_highlighted\"><p><b>Baugesch\u00e4ft in Hamburg<\/b><\/p><p>\u00a0<\/p><div><div class=\"preview\">Professionelles\u00a0Baugesch\u00e4ft\u00a0in\u00a0Hamburg<br \/>Das\u00a0Baugesch\u00e4ft\u00a0von Marco Schwebe bietet professionelle Leistungen in\u00a0Hamburg\u00a0und Umgebung an. Der Maurer- und Betonbaumeister arbeitet stets p\u00fcnktlich und zuverl\u00e4ssig, da ihm die Zufriedenheit seiner Kunden extrem wichtig ist. Alle Mitarbeiter sind sauber und ordentlich t\u00e4tig, um den besten Eindruck zu hinterlassen. Dazu bem\u00fcht sich das\u00a0Baugesch\u00e4ft\u00a0faire und kundenorientierte L\u00f6sungen f\u00fcr alle Probleme rund um das Bauen in\u00a0Hamburg\u00a0zu finden. Deswegen k\u00f6nnen die Kunden mit einem optimalen Service und einer hochwertigen Qualit\u00e4t bei der Ausf\u00fchrung rechnen, ebenso wie mit einem vorteilhaften Preisleistungsverh\u00e4ltnis. Dar\u00fcber hinaus verwendet das\u00a0Baugesch\u00e4ft\u00a0in\u00a0Hamburg\u00a0nur die besten Produkte aus der Bauchemie, inklusive PCI und Remmers.<br \/><br \/>Versiertes\u00a0Baugesch\u00e4ft\u00a0in\u00a0Hamburg\u00a0mit umfangreichen Leistungen<br \/>Marco Schwebe agiert als Experte in der Region von\u00a0Hamburg\u00a0und hat ein breit gef\u00e4chertes Leistungsportfolio im Angebot. Dazu geh\u00f6ren der Bau und die Sanierung von B\u00e4dern und K\u00fcchen, ebenso wie das Verlegen von Fu\u00dfb\u00f6den und der Einbau von Treppen. Au\u00dferdem f\u00fchrt das\u00a0Baugesch\u00e4ft\u00a0in\u00a0Hamburg\u00a0fachm\u00e4nnisch Wanddurchbr\u00fcche und Wandentfernungen durch. Dazu errichten die Mitarbeiter neue W\u00e4nde, um bei Wunsch gro\u00dfe R\u00e4ume bedarfsgerecht aufzuteilen. Zu den Leistungen geh\u00f6rt ebenfalls die Durchfeuchtung von W\u00e4nden, einschlie\u00dflich der Borlochketten und der Dickbeschichtung. Des Weiteren k\u00fcmmert sich das Unternehmen routiniert um anfallende Estricharbeiten, damit der Fu\u00dfboden einen ebenen Untergrund erh\u00e4lt.<br \/><br \/>Marco Schwebe: Erfahrenes\u00a0Baugesch\u00e4ft\u00a0in\u00a0Hamburg<br \/>Das\u00a0Baugesch\u00e4ft\u00a0von Marco Schwebe f\u00fchrt zuverl\u00e4ssig die Sanierung und Umbauma\u00dfnahmen von Balkonen und Terrassen durch. Dazu errichten die Mitarbeiter notwendige Eingangspodeste, um das Betreten der R\u00e4ume und Au\u00dfenbereiche einfach und sicher zu gestalten. Im Angebot stehen ebenfalls Putzarbeiten sowie Verblendarbeiten, um das Bauprojekt gekonnt abzuschlie\u00dfen. Au\u00dferdem sorgt das\u00a0Baugesch\u00e4ft\u00a0im Rahmen der Betonsanierung f\u00fcr die Reparatur von schadhaften Bereichen in Geb\u00e4uden rund um\u00a0Hamburg. Des Weiteren impr\u00e4gnieren die Mitarbeiter mit Hilfe der Hydrophobierung die oberfl\u00e4chennahen Poren von Baustoffen gegen das schadhafte Eindringen von Feuchtigkeit. Das\u00a0Baugesch\u00e4ft\u00a0sorgt auch f\u00fcr die Beseitigung von Schimmel in\u00a0Hamburg\u00a0und erforscht die Ursachen f\u00fcr dessen Bildung.<\/div><\/div><\/div>\t\t\t\t\t\t<\/div>\n\t\t\t\t<\/div>\n\t\t\t\t\t<\/div>\n\t\t<\/div>\n\t\t\t\t\t\t\t<\/div>\n\t\t<\/section>\n\t\t\t\t\t\t\t<\/div>\n\t\t","protected":false},"excerpt":{"rendered":"<p>IHR BAUGESCH\u00c4FT IN NORDERSTEDT Abbrucharbeiten in Hamburg und Umgebung Sie suchen einen Fachbetrieb f\u00fcr\u00a0Abbrucharbeiten\u00a0in\u00a0Hamburg\u00a0und Umgebung? Wir freuen uns, Sie begr\u00fc\u00dfen zu d\u00fcrfen und bieten Ihnen ein umfassendes Leistungspaket f\u00fcr die\u00a0Abbrucharbeiten\u00a0in\u00a0Hamburg. Die Dienstleistung steht gewerblichen wie privaten Kunden zur Verf\u00fcgung. Wir garantieren Ihnen die professionelle Umsetzung der Abbruchprojekte in\u00a0Hamburg. Was sind\u00a0Abbrucharbeiten? Als Arbeiten im Rahmen des [&hellip;]<\/p>\n","protected":false},"author":1,"featured_media":0,"parent":0,"menu_order":0,"comment_status":"closed","ping_status":"closed","template":"elementor_canvas","meta":{"_seopress_robots_primary_cat":"","footnotes":""},"class_list":["post-487","page","type-page","status-publish","hentry"],"_links":{"self":[{"href":"https:\/\/hamburg-bauunternehmen.de\/index.php\/wp-json\/wp\/v2\/pages\/487","targetHints":{"allow":["GET"]}}],"collection":[{"href":"https:\/\/hamburg-bauunternehmen.de\/index.php\/wp-json\/wp\/v2\/pages"}],"about":[{"href":"https:\/\/hamburg-bauunternehmen.de\/index.php\/wp-json\/wp\/v2\/types\/page"}],"author":[{"embeddable":true,"href":"https:\/\/hamburg-bauunternehmen.de\/index.php\/wp-json\/wp\/v2\/users\/1"}],"replies":[{"embeddable":true,"href":"https:\/\/hamburg-bauunternehmen.de\/index.php\/wp-json\/wp\/v2\/comments?post=487"}],"version-history":[{"count":5,"href":"https:\/\/hamburg-bauunternehmen.de\/index.php\/wp-json\/wp\/v2\/pages\/487\/revisions"}],"predecessor-version":[{"id":492,"href":"https:\/\/hamburg-bauunternehmen.de\/index.php\/wp-json\/wp\/v2\/pages\/487\/revisions\/492"}],"wp:attachment":[{"href":"https:\/\/hamburg-bauunternehmen.de\/index.php\/wp-json\/wp\/v2\/media?parent=487"}],"curies":[{"name":"wp","href":"https:\/\/api.w.org\/{rel}","templated":true}]}}