{"id":564,"date":"2025-02-28T09:29:27","date_gmt":"2025-02-28T09:29:27","guid":{"rendered":"https:\/\/hamburg-bauunternehmen.de\/?page_id=564"},"modified":"2025-02-28T09:30:39","modified_gmt":"2025-02-28T09:30:39","slug":"fliesenfachverlege-unternehmen-in-hamburg","status":"publish","type":"page","link":"https:\/\/hamburg-bauunternehmen.de\/index.php\/fliesenfachverlege-unternehmen-in-hamburg\/","title":{"rendered":"\u00a0\u00a0Fliesenfachverlege Unternehmen in Hamburg"},"content":{"rendered":"\t\t<div data-elementor-type=\"wp-page\" data-elementor-id=\"564\" class=\"elementor elementor-564\">\n\t\t\t\t\t\t\t\t\t<section class=\"elementor-section elementor-top-section elementor-element elementor-element-7e17c85 elementor-section-height-min-height da-child elementor-section-boxed elementor-section-height-default elementor-section-items-middle\" data-id=\"7e17c85\" data-element_type=\"section\" id=\"home\" data-settings=\"{&quot;background_background&quot;:&quot;classic&quot;}\">\n\t\t\t\t\t\t\t<div class=\"elementor-background-overlay\"><\/div>\n\t\t\t\t\t\t\t<div class=\"elementor-container elementor-column-gap-default\">\n\t\t\t\t\t<div class=\"elementor-column elementor-col-100 elementor-top-column elementor-element elementor-element-5d82992\" data-id=\"5d82992\" data-element_type=\"column\">\n\t\t\t<div class=\"elementor-widget-wrap elementor-element-populated\">\n\t\t\t\t\t\t\t\t<div class=\"elementor-element elementor-element-10add7f elementor-widget__width-auto elementor-widget elementor-widget-image\" data-id=\"10add7f\" data-element_type=\"widget\" data-widget_type=\"image.default\">\n\t\t\t\t<div class=\"elementor-widget-container\">\n\t\t\t<style>\/*! elementor - v3.15.0 - 20-08-2023 *\/\n.elementor-widget-image{text-align:center}.elementor-widget-image a{display:inline-block}.elementor-widget-image a img[src$=\".svg\"]{width:48px}.elementor-widget-image img{vertical-align:middle;display:inline-block}<\/style>\t\t\t\t\t\t\t\t\t\t\t\t<img loading=\"lazy\" decoding=\"async\" width=\"800\" height=\"69\" src=\"https:\/\/hamburg-bauunternehmen.de\/wp-content\/uploads\/2022\/07\/logo.png\" class=\"attachment-large size-large wp-image-61\" alt=\"\" srcset=\"https:\/\/hamburg-bauunternehmen.de\/wp-content\/uploads\/2022\/07\/logo.png 833w, https:\/\/hamburg-bauunternehmen.de\/wp-content\/uploads\/2022\/07\/logo-300x26.png 300w, https:\/\/hamburg-bauunternehmen.de\/wp-content\/uploads\/2022\/07\/logo-768x66.png 768w\" sizes=\"auto, (max-width: 800px) 100vw, 800px\" \/>\t\t\t\t\t\t\t\t\t\t\t\t\t\t\t<\/div>\n\t\t\t\t<\/div>\n\t\t\t\t<div class=\"elementor-element elementor-element-1fa7b5a elementor-widget elementor-widget-spacer\" data-id=\"1fa7b5a\" data-element_type=\"widget\" data-widget_type=\"spacer.default\">\n\t\t\t\t<div class=\"elementor-widget-container\">\n\t\t\t<style>\/*! elementor - v3.15.0 - 20-08-2023 *\/\n.elementor-column .elementor-spacer-inner{height:var(--spacer-size)}.e-con{--container-widget-width:100%}.e-con-inner>.elementor-widget-spacer,.e-con>.elementor-widget-spacer{width:var(--container-widget-width,var(--spacer-size));--align-self:var(--container-widget-align-self,initial);--flex-shrink:0}.e-con-inner>.elementor-widget-spacer>.elementor-widget-container,.e-con-inner>.elementor-widget-spacer>.elementor-widget-container>.elementor-spacer,.e-con>.elementor-widget-spacer>.elementor-widget-container,.e-con>.elementor-widget-spacer>.elementor-widget-container>.elementor-spacer{height:100%}.e-con-inner>.elementor-widget-spacer>.elementor-widget-container>.elementor-spacer>.elementor-spacer-inner,.e-con>.elementor-widget-spacer>.elementor-widget-container>.elementor-spacer>.elementor-spacer-inner{height:var(--container-widget-height,var(--spacer-size))}<\/style>\t\t<div class=\"elementor-spacer\">\n\t\t\t<div class=\"elementor-spacer-inner\"><\/div>\n\t\t<\/div>\n\t\t\t\t<\/div>\n\t\t\t\t<\/div>\n\t\t\t\t<div class=\"elementor-element elementor-element-18d49cf elementor-widget elementor-widget-heading\" data-id=\"18d49cf\" data-element_type=\"widget\" data-widget_type=\"heading.default\">\n\t\t\t\t<div class=\"elementor-widget-container\">\n\t\t\t<style>\/*! elementor - v3.15.0 - 20-08-2023 *\/\n.elementor-heading-title{padding:0;margin:0;line-height:1}.elementor-widget-heading .elementor-heading-title[class*=elementor-size-]>a{color:inherit;font-size:inherit;line-height:inherit}.elementor-widget-heading .elementor-heading-title.elementor-size-small{font-size:15px}.elementor-widget-heading .elementor-heading-title.elementor-size-medium{font-size:19px}.elementor-widget-heading .elementor-heading-title.elementor-size-large{font-size:29px}.elementor-widget-heading .elementor-heading-title.elementor-size-xl{font-size:39px}.elementor-widget-heading .elementor-heading-title.elementor-size-xxl{font-size:59px}<\/style><h2 class=\"elementor-heading-title elementor-size-default\">IHR BAUGESCH\u00c4FT IN NORDERSTEDT<\/h2>\t\t<\/div>\n\t\t\t\t<\/div>\n\t\t\t\t\t<\/div>\n\t\t<\/div>\n\t\t\t\t\t\t\t<\/div>\n\t\t<\/section>\n\t\t\t\t<section class=\"elementor-section elementor-top-section elementor-element elementor-element-231263c elementor-section-boxed elementor-section-height-default elementor-section-height-default\" data-id=\"231263c\" data-element_type=\"section\">\n\t\t\t\t\t\t<div class=\"elementor-container elementor-column-gap-default\">\n\t\t\t\t\t<div class=\"elementor-column elementor-col-100 elementor-top-column elementor-element elementor-element-6295403\" data-id=\"6295403\" data-element_type=\"column\">\n\t\t\t<div class=\"elementor-widget-wrap elementor-element-populated\">\n\t\t\t\t\t\t\t\t<div class=\"elementor-element elementor-element-3b90b65 elementor-widget elementor-widget-text-editor\" data-id=\"3b90b65\" data-element_type=\"widget\" data-widget_type=\"text-editor.default\">\n\t\t\t\t<div class=\"elementor-widget-container\">\n\t\t\t<style>\/*! elementor - v3.15.0 - 20-08-2023 *\/\n.elementor-widget-text-editor.elementor-drop-cap-view-stacked .elementor-drop-cap{background-color:#69727d;color:#fff}.elementor-widget-text-editor.elementor-drop-cap-view-framed .elementor-drop-cap{color:#69727d;border:3px solid;background-color:transparent}.elementor-widget-text-editor:not(.elementor-drop-cap-view-default) .elementor-drop-cap{margin-top:8px}.elementor-widget-text-editor:not(.elementor-drop-cap-view-default) .elementor-drop-cap-letter{width:1em;height:1em}.elementor-widget-text-editor .elementor-drop-cap{float:left;text-align:center;line-height:1;font-size:50px}.elementor-widget-text-editor .elementor-drop-cap-letter{display:inline-block}<\/style>\t\t\t\t<p>Fliesenfachverlege Unternehmen in Hamburg: Ihr Partner f\u00fcr professionelle Fliesenverlegung<\/p><p>Wenn es darum geht, R\u00e4umlichkeiten mit hochwertigen Fliesen auszustatten, ist ein kompetentes Fliesenfachverlege Unternehmen in Hamburg unerl\u00e4sslich. Die Entscheidung f\u00fcr Fliesen als Bodenbelag oder Wandverkleidung bringt zahlreiche Vorteile mit sich. Neben der \u00e4sthetischen Vielfalt sind Fliesen robust, pflegeleicht und bieten eine nachhaltige L\u00f6sung f\u00fcr Wohn- und Gesch\u00e4ftsr\u00e4ume. In der Hansestadt gibt es zahlreiche Anbieter, die sich auf die professionelle Verlegung von Fliesen spezialisiert haben. Doch was zeichnet ein erstklassiges Fliesenfachverlege Unternehmen aus?<\/p><p>Ein gutes Fliesenfachverlege Unternehmen in Hamburg verf\u00fcgt \u00fcber erfahrene Handwerker, die sich sowohl mit der Auswahl der richtigen Fliesen als auch mit deren fachgerechter Verlegung bestens auskennen. Die Expertise reicht vom pr\u00e4zisen Zuschnitt der Fliesen bis hin zur perfekten Anordnung und dem Verfugen. Bei der Auswahl des Materials beraten die Profis ihre Kunden individuell, um die geeigneten Fliesen f\u00fcr verschiedene Bed\u00fcrfnisse zu finden, ob f\u00fcr Bad, K\u00fcche, Wohnr\u00e4ume oder Au\u00dfenbereiche.<\/p><p>Ein weiterer wichtiger Aspekt ist die Qualit\u00e4t der verwendeten Materialien. Renommierte Fliesenfachverleger in Hamburg arbeiten eng mit namhaften Herstellern zusammen, um ihren Kunden nur die besten Produkte anzubieten. Dabei spielt auch das Design eine zentrale Rolle: Ob modern, klassisch oder rustikal \u2013 die Vielfalt an Fliesen ist nahezu grenzenlos. Die Experten helfen dabei, den eigenen Stil und das gew\u00fcnschte Ambiente in den R\u00e4umen durch die richtige Fliesenwahl zu unterstreichen.<\/p><p>Die Angebotspalette eines Fliesenfachverlege Unternehmens ist vielf\u00e4ltig. Neben der klassischen Fliesenverlegung geh\u00f6ren auch Leistungen wie die Verlegung von Natursteinen, Mosaiken und Klinkern dazu. Des Weiteren ist eine sorgf\u00e4ltige Planung und Vorbereitung essenziell: Dies umfasst das Vermessen der R\u00e4ume, die Auswahl des richtigen Untergrunds sowie die Pr\u00fcfung der Notwendigkeit von Estricharbeiten oder Ausgleichsma\u00dfnahmen. Die Handwerker stellen sicher, dass alle Voraussetzungen erf\u00fcllt sind, um ein dauerhaft sch\u00f6nes Ergebnis zu erzielen.<\/p><p>Ein weiterer Pluspunkt eines professionellen Fliesenfachverlege Unternehmens in Hamburg ist die Termintreue. Die erfahrenen Fliesenleger wissen, dass Renovierungs- oder Neubauprojekte an straffe Zeitpl\u00e4ne gebunden sind. Daher garantieren sie eine z\u00fcgige und zugleich sorgf\u00e4ltige Ausf\u00fchrung der Arbeiten. Transparent kommunizierte Zeitr\u00e4ume und Pauschalpreise sorgen zus\u00e4tzlich f\u00fcr ein hohes Ma\u00df an Vertrauen seitens der Kunden.<\/p><p>Der Service endet jedoch nicht mit der Verlegung. Viele Fliesenfachverleger in Hamburg bieten auch eine umfassende Nachbetreuung an. Dazu geh\u00f6ren beispielsweise Tipps zur Pflege und Reinigung der Fliesen, um deren Langlebigkeit und Sch\u00f6nheit zu erhalten. Auch Reparaturen oder das Nachverfugen von Fliesen k\u00f6nnen auf Wunsch durchgef\u00fchrt werden.<\/p><p>Die Suche nach einem kompetenten Fliesenfachverlege Unternehmen in Hamburg kann durchaus herausfordernd sein. Kunden sollten auf Referenzen, Kundenbewertungen und eine ausf\u00fchrliche Beratung achten. Ein pers\u00f6nlicher Kontakt und eine bedarfsgerechte Planung sind ebenfalls entscheidend, um ein Ergebnis zu erzielen, das den individuellen Vorstellungen entspricht.<\/p><p>Insgesamt bietet ein Fliesenfachverlege Unternehmen in Hamburg die M\u00f6glichkeit, R\u00e4ume mit Stil und Funktionalit\u00e4t zu gestalten. Die Kombination aus Fachwissen, hochwertigen Materialien und einem ausgepr\u00e4gten Sinn f\u00fcr Design garantiert nicht nur eine ansprechende Optik, sondern auch eine langanhaltende Freude an den neu gestalteten Fl\u00e4chen. Vertrauen Sie auf die Expertise der Fliesenleger in Hamburg und verwandeln Sie Ihre Wohn- oder Gesch\u00e4ftsr\u00e4ume in wahre Wohlf\u00fchloasen.<\/p>\t\t\t\t\t\t<\/div>\n\t\t\t\t<\/div>\n\t\t\t\t\t<\/div>\n\t\t<\/div>\n\t\t\t\t\t\t\t<\/div>\n\t\t<\/section>\n\t\t\t\t\t\t\t<\/div>\n\t\t","protected":false},"excerpt":{"rendered":"<p>IHR BAUGESCH\u00c4FT IN NORDERSTEDT Abbrucharbeiten in Hamburg und Umgebung Sie suchen einen Fachbetrieb f\u00fcr\u00a0Abbrucharbeiten\u00a0in\u00a0Hamburg\u00a0und Umgebung? Wir freuen uns, Sie begr\u00fc\u00dfen zu d\u00fcrfen und bieten Ihnen ein umfassendes Leistungspaket f\u00fcr die\u00a0Abbrucharbeiten\u00a0in\u00a0Hamburg. Die Dienstleistung steht gewerblichen wie privaten Kunden zur Verf\u00fcgung. Wir garantieren Ihnen die professionelle Umsetzung der Abbruchprojekte in\u00a0Hamburg. Was sind\u00a0Abbrucharbeiten? Als Arbeiten im Rahmen des [&hellip;]<\/p>\n","protected":false},"author":1,"featured_media":0,"parent":0,"menu_order":0,"comment_status":"closed","ping_status":"closed","template":"elementor_canvas","meta":{"_seopress_robots_primary_cat":"","footnotes":""},"class_list":["post-564","page","type-page","status-publish","hentry"],"_links":{"self":[{"href":"https:\/\/hamburg-bauunternehmen.de\/index.php\/wp-json\/wp\/v2\/pages\/564","targetHints":{"allow":["GET"]}}],"collection":[{"href":"https:\/\/hamburg-bauunternehmen.de\/index.php\/wp-json\/wp\/v2\/pages"}],"about":[{"href":"https:\/\/hamburg-bauunternehmen.de\/index.php\/wp-json\/wp\/v2\/types\/page"}],"author":[{"embeddable":true,"href":"https:\/\/hamburg-bauunternehmen.de\/index.php\/wp-json\/wp\/v2\/users\/1"}],"replies":[{"embeddable":true,"href":"https:\/\/hamburg-bauunternehmen.de\/index.php\/wp-json\/wp\/v2\/comments?post=564"}],"version-history":[{"count":5,"href":"https:\/\/hamburg-bauunternehmen.de\/index.php\/wp-json\/wp\/v2\/pages\/564\/revisions"}],"predecessor-version":[{"id":570,"href":"https:\/\/hamburg-bauunternehmen.de\/index.php\/wp-json\/wp\/v2\/pages\/564\/revisions\/570"}],"wp:attachment":[{"href":"https:\/\/hamburg-bauunternehmen.de\/index.php\/wp-json\/wp\/v2\/media?parent=564"}],"curies":[{"name":"wp","href":"https:\/\/api.w.org\/{rel}","templated":true}]}}