{"id":594,"date":"2025-03-28T08:51:02","date_gmt":"2025-03-28T08:51:02","guid":{"rendered":"https:\/\/hamburg-bauunternehmen.de\/?page_id=594"},"modified":"2025-03-28T08:51:58","modified_gmt":"2025-03-28T08:51:58","slug":"ihr-top-fliesenleger-in-hamburg","status":"publish","type":"page","link":"https:\/\/hamburg-bauunternehmen.de\/index.php\/ihr-top-fliesenleger-in-hamburg\/","title":{"rendered":"Ihr Top Fliesenleger in Hamburg"},"content":{"rendered":"\t\t<div data-elementor-type=\"wp-page\" data-elementor-id=\"594\" class=\"elementor elementor-594\">\n\t\t\t\t\t\t\t\t\t<section class=\"elementor-section elementor-top-section elementor-element elementor-element-7e17c85 elementor-section-height-min-height da-child elementor-section-boxed elementor-section-height-default elementor-section-items-middle\" data-id=\"7e17c85\" data-element_type=\"section\" id=\"home\" data-settings=\"{&quot;background_background&quot;:&quot;classic&quot;}\">\n\t\t\t\t\t\t\t<div class=\"elementor-background-overlay\"><\/div>\n\t\t\t\t\t\t\t<div class=\"elementor-container elementor-column-gap-default\">\n\t\t\t\t\t<div class=\"elementor-column elementor-col-100 elementor-top-column elementor-element elementor-element-5d82992\" data-id=\"5d82992\" data-element_type=\"column\">\n\t\t\t<div class=\"elementor-widget-wrap elementor-element-populated\">\n\t\t\t\t\t\t\t\t<div class=\"elementor-element elementor-element-10add7f elementor-widget__width-auto elementor-widget elementor-widget-image\" data-id=\"10add7f\" data-element_type=\"widget\" data-widget_type=\"image.default\">\n\t\t\t\t<div class=\"elementor-widget-container\">\n\t\t\t<style>\/*! elementor - v3.15.0 - 20-08-2023 *\/\n.elementor-widget-image{text-align:center}.elementor-widget-image a{display:inline-block}.elementor-widget-image a img[src$=\".svg\"]{width:48px}.elementor-widget-image img{vertical-align:middle;display:inline-block}<\/style>\t\t\t\t\t\t\t\t\t\t\t\t<img loading=\"lazy\" decoding=\"async\" width=\"800\" height=\"69\" src=\"https:\/\/hamburg-bauunternehmen.de\/wp-content\/uploads\/2022\/07\/logo.png\" class=\"attachment-large size-large wp-image-61\" alt=\"\" srcset=\"https:\/\/hamburg-bauunternehmen.de\/wp-content\/uploads\/2022\/07\/logo.png 833w, https:\/\/hamburg-bauunternehmen.de\/wp-content\/uploads\/2022\/07\/logo-300x26.png 300w, https:\/\/hamburg-bauunternehmen.de\/wp-content\/uploads\/2022\/07\/logo-768x66.png 768w\" sizes=\"auto, (max-width: 800px) 100vw, 800px\" \/>\t\t\t\t\t\t\t\t\t\t\t\t\t\t\t<\/div>\n\t\t\t\t<\/div>\n\t\t\t\t<div class=\"elementor-element elementor-element-1fa7b5a elementor-widget elementor-widget-spacer\" data-id=\"1fa7b5a\" data-element_type=\"widget\" data-widget_type=\"spacer.default\">\n\t\t\t\t<div class=\"elementor-widget-container\">\n\t\t\t<style>\/*! elementor - v3.15.0 - 20-08-2023 *\/\n.elementor-column .elementor-spacer-inner{height:var(--spacer-size)}.e-con{--container-widget-width:100%}.e-con-inner>.elementor-widget-spacer,.e-con>.elementor-widget-spacer{width:var(--container-widget-width,var(--spacer-size));--align-self:var(--container-widget-align-self,initial);--flex-shrink:0}.e-con-inner>.elementor-widget-spacer>.elementor-widget-container,.e-con-inner>.elementor-widget-spacer>.elementor-widget-container>.elementor-spacer,.e-con>.elementor-widget-spacer>.elementor-widget-container,.e-con>.elementor-widget-spacer>.elementor-widget-container>.elementor-spacer{height:100%}.e-con-inner>.elementor-widget-spacer>.elementor-widget-container>.elementor-spacer>.elementor-spacer-inner,.e-con>.elementor-widget-spacer>.elementor-widget-container>.elementor-spacer>.elementor-spacer-inner{height:var(--container-widget-height,var(--spacer-size))}<\/style>\t\t<div class=\"elementor-spacer\">\n\t\t\t<div class=\"elementor-spacer-inner\"><\/div>\n\t\t<\/div>\n\t\t\t\t<\/div>\n\t\t\t\t<\/div>\n\t\t\t\t<div class=\"elementor-element elementor-element-18d49cf elementor-widget elementor-widget-heading\" data-id=\"18d49cf\" data-element_type=\"widget\" data-widget_type=\"heading.default\">\n\t\t\t\t<div class=\"elementor-widget-container\">\n\t\t\t<style>\/*! elementor - v3.15.0 - 20-08-2023 *\/\n.elementor-heading-title{padding:0;margin:0;line-height:1}.elementor-widget-heading .elementor-heading-title[class*=elementor-size-]>a{color:inherit;font-size:inherit;line-height:inherit}.elementor-widget-heading .elementor-heading-title.elementor-size-small{font-size:15px}.elementor-widget-heading .elementor-heading-title.elementor-size-medium{font-size:19px}.elementor-widget-heading .elementor-heading-title.elementor-size-large{font-size:29px}.elementor-widget-heading .elementor-heading-title.elementor-size-xl{font-size:39px}.elementor-widget-heading .elementor-heading-title.elementor-size-xxl{font-size:59px}<\/style><h2 class=\"elementor-heading-title elementor-size-default\">IHR BAUGESCH\u00c4FT IN NORDERSTEDT<\/h2>\t\t<\/div>\n\t\t\t\t<\/div>\n\t\t\t\t\t<\/div>\n\t\t<\/div>\n\t\t\t\t\t\t\t<\/div>\n\t\t<\/section>\n\t\t\t\t<section class=\"elementor-section elementor-top-section elementor-element elementor-element-231263c elementor-section-boxed elementor-section-height-default elementor-section-height-default\" data-id=\"231263c\" data-element_type=\"section\">\n\t\t\t\t\t\t<div class=\"elementor-container elementor-column-gap-default\">\n\t\t\t\t\t<div class=\"elementor-column elementor-col-100 elementor-top-column elementor-element elementor-element-6295403\" data-id=\"6295403\" data-element_type=\"column\">\n\t\t\t<div class=\"elementor-widget-wrap elementor-element-populated\">\n\t\t\t\t\t\t\t\t<div class=\"elementor-element elementor-element-3b90b65 elementor-widget elementor-widget-text-editor\" data-id=\"3b90b65\" data-element_type=\"widget\" data-widget_type=\"text-editor.default\">\n\t\t\t\t<div class=\"elementor-widget-container\">\n\t\t\t<style>\/*! elementor - v3.15.0 - 20-08-2023 *\/\n.elementor-widget-text-editor.elementor-drop-cap-view-stacked .elementor-drop-cap{background-color:#69727d;color:#fff}.elementor-widget-text-editor.elementor-drop-cap-view-framed .elementor-drop-cap{color:#69727d;border:3px solid;background-color:transparent}.elementor-widget-text-editor:not(.elementor-drop-cap-view-default) .elementor-drop-cap{margin-top:8px}.elementor-widget-text-editor:not(.elementor-drop-cap-view-default) .elementor-drop-cap-letter{width:1em;height:1em}.elementor-widget-text-editor .elementor-drop-cap{float:left;text-align:center;line-height:1;font-size:50px}.elementor-widget-text-editor .elementor-drop-cap-letter{display:inline-block}<\/style>\t\t\t\t<div id=\"text_highlighted\"><p><strong>Ihr Top Fliesenleger in Hamburg<\/strong> \u2013 Qualit\u00e4t, die \u00fcberzeugt<\/p><p>Suchen Sie nach einem professionellen Fliesenleger in Hamburg, der Ihnen bei der Gestaltung Ihrer R\u00e4ume hilft? Dann sind Sie bei uns genau richtig! Wir sind Ihr erfahrener Partner f\u00fcr alle Arten von Fliesenarbeiten \u2013 von der Neuverlegung \u00fcber Renovierungen bis hin zu Speziall\u00f6sungen.<\/p><p>Unser Team besteht aus qualifizierten Fliesenlegern, die gro\u00dfe Sorgfalt und Pr\u00e4zision bei ihrer Arbeit an den Tag legen. Wir bieten Ihnen eine Vielzahl von Fliesenoptionen, darunter keramische Fliesen, Naturstein, Mosaike und viele weitere Materialien. Ganz gleich, ob f\u00fcr Ihr Badezimmer, die K\u00fcche oder den Wohnbereich \u2013 wir helfen Ihnen, Ihre pers\u00f6nlichen Ideen und W\u00fcnsche optimal umzusetzen.<\/p><p>Kundenzufriedenheit steht bei uns an erster Stelle. Daher legen wir Wert auf eine individuelle Beratung, um die besten L\u00f6sungen f\u00fcr Ihre spezifischen Anforderungen zu finden. Wir unterst\u00fctzen Sie nicht nur bei der Auswahl der passenden Fliesen, sondern beraten Sie auch bei der Planung und Gestaltung. Dabei achten wir darauf, dass alle Arbeiten termingerecht, sauber und zu Ihrer vollsten Zufriedenheit durchgef\u00fchrt werden.<\/p><p>Ein weiterer Vorteil unseres Fliesenlegerdienstes in Hamburg ist die Transparenz unserer Preise. Sie erhalten vor Beginn der Arbeiten ein detailliertes Angebot, damit Sie genau wissen, welche Kosten auf Sie zukommen.<\/p><p>Zudem setzen wir auf hochwertige Materialien und moderne Techniken, um Langlebigkeit und \u00c4sthetik unserer Arbeiten zu gew\u00e4hrleisten. Durch st\u00e4ndige Weiterbildung bleiben wir stets auf dem neuesten Stand der Technik und k\u00f6nnen Ihnen innovative L\u00f6sungen anbieten.<\/p><p>Kontaktieren Sie uns noch heute, um mehr \u00fcber unsere Fliesenlegerdienste in Hamburg zu erfahren. Lassen Sie uns gemeinsam Ihre R\u00e4ume verwandeln \u2013 Qualit\u00e4t, die \u00fcberzeugt und Ihre Erwartungen \u00fcbertrifft!<\/p><\/div>\t\t\t\t\t\t<\/div>\n\t\t\t\t<\/div>\n\t\t\t\t\t<\/div>\n\t\t<\/div>\n\t\t\t\t\t\t\t<\/div>\n\t\t<\/section>\n\t\t\t\t\t\t\t<\/div>\n\t\t","protected":false},"excerpt":{"rendered":"<p>IHR BAUGESCH\u00c4FT IN NORDERSTEDT Abbrucharbeiten in Hamburg und Umgebung Sie suchen einen Fachbetrieb f\u00fcr\u00a0Abbrucharbeiten\u00a0in\u00a0Hamburg\u00a0und Umgebung? Wir freuen uns, Sie begr\u00fc\u00dfen zu d\u00fcrfen und bieten Ihnen ein umfassendes Leistungspaket f\u00fcr die\u00a0Abbrucharbeiten\u00a0in\u00a0Hamburg. Die Dienstleistung steht gewerblichen wie privaten Kunden zur Verf\u00fcgung. Wir garantieren Ihnen die professionelle Umsetzung der Abbruchprojekte in\u00a0Hamburg. Was sind\u00a0Abbrucharbeiten? Als Arbeiten im Rahmen des [&hellip;]<\/p>\n","protected":false},"author":1,"featured_media":0,"parent":0,"menu_order":0,"comment_status":"closed","ping_status":"closed","template":"elementor_canvas","meta":{"_seopress_robots_primary_cat":"","footnotes":""},"class_list":["post-594","page","type-page","status-publish","hentry"],"_links":{"self":[{"href":"https:\/\/hamburg-bauunternehmen.de\/index.php\/wp-json\/wp\/v2\/pages\/594","targetHints":{"allow":["GET"]}}],"collection":[{"href":"https:\/\/hamburg-bauunternehmen.de\/index.php\/wp-json\/wp\/v2\/pages"}],"about":[{"href":"https:\/\/hamburg-bauunternehmen.de\/index.php\/wp-json\/wp\/v2\/types\/page"}],"author":[{"embeddable":true,"href":"https:\/\/hamburg-bauunternehmen.de\/index.php\/wp-json\/wp\/v2\/users\/1"}],"replies":[{"embeddable":true,"href":"https:\/\/hamburg-bauunternehmen.de\/index.php\/wp-json\/wp\/v2\/comments?post=594"}],"version-history":[{"count":5,"href":"https:\/\/hamburg-bauunternehmen.de\/index.php\/wp-json\/wp\/v2\/pages\/594\/revisions"}],"predecessor-version":[{"id":599,"href":"https:\/\/hamburg-bauunternehmen.de\/index.php\/wp-json\/wp\/v2\/pages\/594\/revisions\/599"}],"wp:attachment":[{"href":"https:\/\/hamburg-bauunternehmen.de\/index.php\/wp-json\/wp\/v2\/media?parent=594"}],"curies":[{"name":"wp","href":"https:\/\/api.w.org\/{rel}","templated":true}]}}