{"id":624,"date":"2025-05-28T07:48:32","date_gmt":"2025-05-28T07:48:32","guid":{"rendered":"https:\/\/hamburg-bauunternehmen.de\/?page_id=624"},"modified":"2025-05-28T07:49:41","modified_gmt":"2025-05-28T07:49:41","slug":"fliesenarbeiten-in-hamburg","status":"publish","type":"page","link":"https:\/\/hamburg-bauunternehmen.de\/index.php\/fliesenarbeiten-in-hamburg\/","title":{"rendered":"Fliesenarbeiten in Hamburg"},"content":{"rendered":"\t\t<div data-elementor-type=\"wp-page\" data-elementor-id=\"624\" class=\"elementor elementor-624\">\n\t\t\t\t\t\t\t\t\t<section class=\"elementor-section elementor-top-section elementor-element elementor-element-7e17c85 elementor-section-height-min-height da-child elementor-section-boxed elementor-section-height-default elementor-section-items-middle\" data-id=\"7e17c85\" data-element_type=\"section\" id=\"home\" data-settings=\"{&quot;background_background&quot;:&quot;classic&quot;}\">\n\t\t\t\t\t\t\t<div class=\"elementor-background-overlay\"><\/div>\n\t\t\t\t\t\t\t<div class=\"elementor-container elementor-column-gap-default\">\n\t\t\t\t\t<div class=\"elementor-column elementor-col-100 elementor-top-column elementor-element elementor-element-5d82992\" data-id=\"5d82992\" data-element_type=\"column\">\n\t\t\t<div class=\"elementor-widget-wrap elementor-element-populated\">\n\t\t\t\t\t\t\t\t<div class=\"elementor-element elementor-element-10add7f elementor-widget__width-auto elementor-widget elementor-widget-image\" data-id=\"10add7f\" data-element_type=\"widget\" data-widget_type=\"image.default\">\n\t\t\t\t<div class=\"elementor-widget-container\">\n\t\t\t<style>\/*! elementor - v3.15.0 - 20-08-2023 *\/\n.elementor-widget-image{text-align:center}.elementor-widget-image a{display:inline-block}.elementor-widget-image a img[src$=\".svg\"]{width:48px}.elementor-widget-image img{vertical-align:middle;display:inline-block}<\/style>\t\t\t\t\t\t\t\t\t\t\t\t<img loading=\"lazy\" decoding=\"async\" width=\"800\" height=\"69\" src=\"https:\/\/hamburg-bauunternehmen.de\/wp-content\/uploads\/2022\/07\/logo.png\" class=\"attachment-large size-large wp-image-61\" alt=\"\" srcset=\"https:\/\/hamburg-bauunternehmen.de\/wp-content\/uploads\/2022\/07\/logo.png 833w, https:\/\/hamburg-bauunternehmen.de\/wp-content\/uploads\/2022\/07\/logo-300x26.png 300w, https:\/\/hamburg-bauunternehmen.de\/wp-content\/uploads\/2022\/07\/logo-768x66.png 768w\" sizes=\"auto, (max-width: 800px) 100vw, 800px\" \/>\t\t\t\t\t\t\t\t\t\t\t\t\t\t\t<\/div>\n\t\t\t\t<\/div>\n\t\t\t\t<div class=\"elementor-element elementor-element-1fa7b5a elementor-widget elementor-widget-spacer\" data-id=\"1fa7b5a\" data-element_type=\"widget\" data-widget_type=\"spacer.default\">\n\t\t\t\t<div class=\"elementor-widget-container\">\n\t\t\t<style>\/*! elementor - v3.15.0 - 20-08-2023 *\/\n.elementor-column .elementor-spacer-inner{height:var(--spacer-size)}.e-con{--container-widget-width:100%}.e-con-inner>.elementor-widget-spacer,.e-con>.elementor-widget-spacer{width:var(--container-widget-width,var(--spacer-size));--align-self:var(--container-widget-align-self,initial);--flex-shrink:0}.e-con-inner>.elementor-widget-spacer>.elementor-widget-container,.e-con-inner>.elementor-widget-spacer>.elementor-widget-container>.elementor-spacer,.e-con>.elementor-widget-spacer>.elementor-widget-container,.e-con>.elementor-widget-spacer>.elementor-widget-container>.elementor-spacer{height:100%}.e-con-inner>.elementor-widget-spacer>.elementor-widget-container>.elementor-spacer>.elementor-spacer-inner,.e-con>.elementor-widget-spacer>.elementor-widget-container>.elementor-spacer>.elementor-spacer-inner{height:var(--container-widget-height,var(--spacer-size))}<\/style>\t\t<div class=\"elementor-spacer\">\n\t\t\t<div class=\"elementor-spacer-inner\"><\/div>\n\t\t<\/div>\n\t\t\t\t<\/div>\n\t\t\t\t<\/div>\n\t\t\t\t<div class=\"elementor-element elementor-element-18d49cf elementor-widget elementor-widget-heading\" data-id=\"18d49cf\" data-element_type=\"widget\" data-widget_type=\"heading.default\">\n\t\t\t\t<div class=\"elementor-widget-container\">\n\t\t\t<style>\/*! elementor - v3.15.0 - 20-08-2023 *\/\n.elementor-heading-title{padding:0;margin:0;line-height:1}.elementor-widget-heading .elementor-heading-title[class*=elementor-size-]>a{color:inherit;font-size:inherit;line-height:inherit}.elementor-widget-heading .elementor-heading-title.elementor-size-small{font-size:15px}.elementor-widget-heading .elementor-heading-title.elementor-size-medium{font-size:19px}.elementor-widget-heading .elementor-heading-title.elementor-size-large{font-size:29px}.elementor-widget-heading .elementor-heading-title.elementor-size-xl{font-size:39px}.elementor-widget-heading .elementor-heading-title.elementor-size-xxl{font-size:59px}<\/style><h2 class=\"elementor-heading-title elementor-size-default\">IHR BAUGESCH\u00c4FT IN NORDERSTEDT<\/h2>\t\t<\/div>\n\t\t\t\t<\/div>\n\t\t\t\t\t<\/div>\n\t\t<\/div>\n\t\t\t\t\t\t\t<\/div>\n\t\t<\/section>\n\t\t\t\t<section class=\"elementor-section elementor-top-section elementor-element elementor-element-231263c elementor-section-boxed elementor-section-height-default elementor-section-height-default\" data-id=\"231263c\" data-element_type=\"section\">\n\t\t\t\t\t\t<div class=\"elementor-container elementor-column-gap-default\">\n\t\t\t\t\t<div class=\"elementor-column elementor-col-100 elementor-top-column elementor-element elementor-element-6295403\" data-id=\"6295403\" data-element_type=\"column\">\n\t\t\t<div class=\"elementor-widget-wrap elementor-element-populated\">\n\t\t\t\t\t\t\t\t<div class=\"elementor-element elementor-element-3b90b65 elementor-widget elementor-widget-text-editor\" data-id=\"3b90b65\" data-element_type=\"widget\" data-widget_type=\"text-editor.default\">\n\t\t\t\t<div class=\"elementor-widget-container\">\n\t\t\t<style>\/*! elementor - v3.15.0 - 20-08-2023 *\/\n.elementor-widget-text-editor.elementor-drop-cap-view-stacked .elementor-drop-cap{background-color:#69727d;color:#fff}.elementor-widget-text-editor.elementor-drop-cap-view-framed .elementor-drop-cap{color:#69727d;border:3px solid;background-color:transparent}.elementor-widget-text-editor:not(.elementor-drop-cap-view-default) .elementor-drop-cap{margin-top:8px}.elementor-widget-text-editor:not(.elementor-drop-cap-view-default) .elementor-drop-cap-letter{width:1em;height:1em}.elementor-widget-text-editor .elementor-drop-cap{float:left;text-align:center;line-height:1;font-size:50px}.elementor-widget-text-editor .elementor-drop-cap-letter{display:inline-block}<\/style>\t\t\t\t<div id=\"text_highlighted\"><p>Fliesenarbeiten in Hamburg: Pr\u00e4zise Handwerkskunst f\u00fcr Ihr Zuhause<\/p><p>Fliesenarbeiten sind ein entscheidender Bestandteil bei der Gestaltung und Renovierung von Wohn- und Gesch\u00e4ftsr\u00e4umen. In Hamburg bieten zahlreiche Fachbetriebe hochwertige Fliesenverlegungen an, die sowohl \u00e4sthetische als auch funktionale Anspr\u00fcche erf\u00fcllen. Ob Badezimmer, K\u00fcche oder Wohnbereich \u2013 mit den richtigen Fliesen schaffen Sie nicht nur eine attraktive Optik, sondern sorgen auch f\u00fcr Langlebigkeit und Pflegeleichtigkeit.<\/p><p>Fachbetriebe in Hamburg bieten eine breite Palette an Fliesenoptionen, darunter keramische Fliesen, Naturstein und Feinsteinzeug. Die Auswahl der passenden Fliesen ist entscheidend f\u00fcr das Gesamtbild und die Atmosph\u00e4re Ihres Raumes. Professionelle Fliesenleger beraten Sie gerne bei der Auswahl von Farben, Mustern und Materialien, um das beste Ergebnis zu erzielen.<\/p><p>Neben der Wahl der Fliesen spielt die fachgerechte Verlegung eine zentrale Rolle. Erfahrene Handwerker in Hamburg sorgen daf\u00fcr, dass die Fliesen pr\u00e4zise und dauerhaft verlegt werden. Dabei achten sie auf wichtige Faktoren wie den Untergrund, die Fugenbreiten und die richtige Abdichtung, insbesondere in feuchten Bereichen wie Badezimmern. Eine saubere und pr\u00e4zise Verlegung ist das A und O f\u00fcr ein ansprechendes Endergebnis.<\/p><p>Dar\u00fcber hinaus bieten viele Fliesenleger Dienstleistungen wie die Sanierung von alten Fliesen oder die Durchf\u00fchrung von Reparaturen an. So k\u00f6nnen Sie sicherstellen, dass Ihre Fliesenbereiche immer in einem einwandfreien Zustand sind.<\/p><p>Wenn Sie in Hamburg Fliesenarbeiten planen, ist es wichtig, einen kompetenten und erfahrenen Fliesenleger zu w\u00e4hlen. Achten Sie auf Referenzen, Materialien und die jeweilige Spezialisierung. Investieren Sie in qualitativ hochwertige Fliesenarbeiten und gestalten Sie Ihre R\u00e4ume nach Ihren Vorstellungen \u2013 mit einem professionellen Dienstleister an Ihrer Seite wird der Traum von einem stilvollen Zuhause wahr!<\/p><\/div>\t\t\t\t\t\t<\/div>\n\t\t\t\t<\/div>\n\t\t\t\t\t<\/div>\n\t\t<\/div>\n\t\t\t\t\t\t\t<\/div>\n\t\t<\/section>\n\t\t\t\t\t\t\t<\/div>\n\t\t","protected":false},"excerpt":{"rendered":"<p>IHR BAUGESCH\u00c4FT IN NORDERSTEDT Abbrucharbeiten in Hamburg und Umgebung Sie suchen einen Fachbetrieb f\u00fcr\u00a0Abbrucharbeiten\u00a0in\u00a0Hamburg\u00a0und Umgebung? Wir freuen uns, Sie begr\u00fc\u00dfen zu d\u00fcrfen und bieten Ihnen ein umfassendes Leistungspaket f\u00fcr die\u00a0Abbrucharbeiten\u00a0in\u00a0Hamburg. Die Dienstleistung steht gewerblichen wie privaten Kunden zur Verf\u00fcgung. Wir garantieren Ihnen die professionelle Umsetzung der Abbruchprojekte in\u00a0Hamburg. Was sind\u00a0Abbrucharbeiten? Als Arbeiten im Rahmen des [&hellip;]<\/p>\n","protected":false},"author":1,"featured_media":0,"parent":0,"menu_order":0,"comment_status":"closed","ping_status":"closed","template":"elementor_canvas","meta":{"_seopress_robots_primary_cat":"","footnotes":""},"class_list":["post-624","page","type-page","status-publish","hentry"],"_links":{"self":[{"href":"https:\/\/hamburg-bauunternehmen.de\/index.php\/wp-json\/wp\/v2\/pages\/624","targetHints":{"allow":["GET"]}}],"collection":[{"href":"https:\/\/hamburg-bauunternehmen.de\/index.php\/wp-json\/wp\/v2\/pages"}],"about":[{"href":"https:\/\/hamburg-bauunternehmen.de\/index.php\/wp-json\/wp\/v2\/types\/page"}],"author":[{"embeddable":true,"href":"https:\/\/hamburg-bauunternehmen.de\/index.php\/wp-json\/wp\/v2\/users\/1"}],"replies":[{"embeddable":true,"href":"https:\/\/hamburg-bauunternehmen.de\/index.php\/wp-json\/wp\/v2\/comments?post=624"}],"version-history":[{"count":5,"href":"https:\/\/hamburg-bauunternehmen.de\/index.php\/wp-json\/wp\/v2\/pages\/624\/revisions"}],"predecessor-version":[{"id":629,"href":"https:\/\/hamburg-bauunternehmen.de\/index.php\/wp-json\/wp\/v2\/pages\/624\/revisions\/629"}],"wp:attachment":[{"href":"https:\/\/hamburg-bauunternehmen.de\/index.php\/wp-json\/wp\/v2\/media?parent=624"}],"curies":[{"name":"wp","href":"https:\/\/api.w.org\/{rel}","templated":true}]}}