{"id":639,"date":"2025-06-27T09:39:09","date_gmt":"2025-06-27T09:39:09","guid":{"rendered":"https:\/\/hamburg-bauunternehmen.de\/?page_id=639"},"modified":"2025-06-27T09:40:21","modified_gmt":"2025-06-27T09:40:21","slug":"renovierungsarbeiten-hamburg","status":"publish","type":"page","link":"https:\/\/hamburg-bauunternehmen.de\/index.php\/renovierungsarbeiten-hamburg\/","title":{"rendered":"Renovierungsarbeiten Hamburg"},"content":{"rendered":"\t\t<div data-elementor-type=\"wp-page\" data-elementor-id=\"639\" class=\"elementor elementor-639\">\n\t\t\t\t\t\t\t\t\t<section class=\"elementor-section elementor-top-section elementor-element elementor-element-7e17c85 elementor-section-height-min-height da-child elementor-section-boxed elementor-section-height-default elementor-section-items-middle\" data-id=\"7e17c85\" data-element_type=\"section\" id=\"home\" data-settings=\"{&quot;background_background&quot;:&quot;classic&quot;}\">\n\t\t\t\t\t\t\t<div class=\"elementor-background-overlay\"><\/div>\n\t\t\t\t\t\t\t<div class=\"elementor-container elementor-column-gap-default\">\n\t\t\t\t\t<div class=\"elementor-column elementor-col-100 elementor-top-column elementor-element elementor-element-5d82992\" data-id=\"5d82992\" data-element_type=\"column\">\n\t\t\t<div class=\"elementor-widget-wrap elementor-element-populated\">\n\t\t\t\t\t\t\t\t<div class=\"elementor-element elementor-element-10add7f elementor-widget__width-auto elementor-widget elementor-widget-image\" data-id=\"10add7f\" data-element_type=\"widget\" data-widget_type=\"image.default\">\n\t\t\t\t<div class=\"elementor-widget-container\">\n\t\t\t<style>\/*! elementor - v3.15.0 - 20-08-2023 *\/\n.elementor-widget-image{text-align:center}.elementor-widget-image a{display:inline-block}.elementor-widget-image a img[src$=\".svg\"]{width:48px}.elementor-widget-image img{vertical-align:middle;display:inline-block}<\/style>\t\t\t\t\t\t\t\t\t\t\t\t<img loading=\"lazy\" decoding=\"async\" width=\"800\" height=\"69\" src=\"https:\/\/hamburg-bauunternehmen.de\/wp-content\/uploads\/2022\/07\/logo.png\" class=\"attachment-large size-large wp-image-61\" alt=\"\" srcset=\"https:\/\/hamburg-bauunternehmen.de\/wp-content\/uploads\/2022\/07\/logo.png 833w, https:\/\/hamburg-bauunternehmen.de\/wp-content\/uploads\/2022\/07\/logo-300x26.png 300w, https:\/\/hamburg-bauunternehmen.de\/wp-content\/uploads\/2022\/07\/logo-768x66.png 768w\" sizes=\"auto, (max-width: 800px) 100vw, 800px\" \/>\t\t\t\t\t\t\t\t\t\t\t\t\t\t\t<\/div>\n\t\t\t\t<\/div>\n\t\t\t\t<div class=\"elementor-element elementor-element-1fa7b5a elementor-widget elementor-widget-spacer\" data-id=\"1fa7b5a\" data-element_type=\"widget\" data-widget_type=\"spacer.default\">\n\t\t\t\t<div class=\"elementor-widget-container\">\n\t\t\t<style>\/*! elementor - v3.15.0 - 20-08-2023 *\/\n.elementor-column .elementor-spacer-inner{height:var(--spacer-size)}.e-con{--container-widget-width:100%}.e-con-inner>.elementor-widget-spacer,.e-con>.elementor-widget-spacer{width:var(--container-widget-width,var(--spacer-size));--align-self:var(--container-widget-align-self,initial);--flex-shrink:0}.e-con-inner>.elementor-widget-spacer>.elementor-widget-container,.e-con-inner>.elementor-widget-spacer>.elementor-widget-container>.elementor-spacer,.e-con>.elementor-widget-spacer>.elementor-widget-container,.e-con>.elementor-widget-spacer>.elementor-widget-container>.elementor-spacer{height:100%}.e-con-inner>.elementor-widget-spacer>.elementor-widget-container>.elementor-spacer>.elementor-spacer-inner,.e-con>.elementor-widget-spacer>.elementor-widget-container>.elementor-spacer>.elementor-spacer-inner{height:var(--container-widget-height,var(--spacer-size))}<\/style>\t\t<div class=\"elementor-spacer\">\n\t\t\t<div class=\"elementor-spacer-inner\"><\/div>\n\t\t<\/div>\n\t\t\t\t<\/div>\n\t\t\t\t<\/div>\n\t\t\t\t<div class=\"elementor-element elementor-element-18d49cf elementor-widget elementor-widget-heading\" data-id=\"18d49cf\" data-element_type=\"widget\" data-widget_type=\"heading.default\">\n\t\t\t\t<div class=\"elementor-widget-container\">\n\t\t\t<style>\/*! elementor - v3.15.0 - 20-08-2023 *\/\n.elementor-heading-title{padding:0;margin:0;line-height:1}.elementor-widget-heading .elementor-heading-title[class*=elementor-size-]>a{color:inherit;font-size:inherit;line-height:inherit}.elementor-widget-heading .elementor-heading-title.elementor-size-small{font-size:15px}.elementor-widget-heading .elementor-heading-title.elementor-size-medium{font-size:19px}.elementor-widget-heading .elementor-heading-title.elementor-size-large{font-size:29px}.elementor-widget-heading .elementor-heading-title.elementor-size-xl{font-size:39px}.elementor-widget-heading .elementor-heading-title.elementor-size-xxl{font-size:59px}<\/style><h2 class=\"elementor-heading-title elementor-size-default\">IHR BAUGESCH\u00c4FT IN NORDERSTEDT<\/h2>\t\t<\/div>\n\t\t\t\t<\/div>\n\t\t\t\t\t<\/div>\n\t\t<\/div>\n\t\t\t\t\t\t\t<\/div>\n\t\t<\/section>\n\t\t\t\t<section class=\"elementor-section elementor-top-section elementor-element elementor-element-231263c elementor-section-boxed elementor-section-height-default elementor-section-height-default\" data-id=\"231263c\" data-element_type=\"section\">\n\t\t\t\t\t\t<div class=\"elementor-container elementor-column-gap-default\">\n\t\t\t\t\t<div class=\"elementor-column elementor-col-100 elementor-top-column elementor-element elementor-element-6295403\" data-id=\"6295403\" data-element_type=\"column\">\n\t\t\t<div class=\"elementor-widget-wrap elementor-element-populated\">\n\t\t\t\t\t\t\t\t<div class=\"elementor-element elementor-element-3b90b65 elementor-widget elementor-widget-text-editor\" data-id=\"3b90b65\" data-element_type=\"widget\" data-widget_type=\"text-editor.default\">\n\t\t\t\t<div class=\"elementor-widget-container\">\n\t\t\t<style>\/*! elementor - v3.15.0 - 20-08-2023 *\/\n.elementor-widget-text-editor.elementor-drop-cap-view-stacked .elementor-drop-cap{background-color:#69727d;color:#fff}.elementor-widget-text-editor.elementor-drop-cap-view-framed .elementor-drop-cap{color:#69727d;border:3px solid;background-color:transparent}.elementor-widget-text-editor:not(.elementor-drop-cap-view-default) .elementor-drop-cap{margin-top:8px}.elementor-widget-text-editor:not(.elementor-drop-cap-view-default) .elementor-drop-cap-letter{width:1em;height:1em}.elementor-widget-text-editor .elementor-drop-cap{float:left;text-align:center;line-height:1;font-size:50px}.elementor-widget-text-editor .elementor-drop-cap-letter{display:inline-block}<\/style>\t\t\t\t<div id=\"text_highlighted\"><p>Renovierungsarbeiten Hamburg \u2013 Professionelle Sanierung f\u00fcr Ihr Zuhause<\/p><p>Renovierungsarbeiten in Hamburg sind der Schl\u00fcssel, um Wohnr\u00e4ume zu modernisieren, den Wert Ihrer Immobilie zu steigern und ein angenehmes Wohnambiente zu schaffen. Ob kleine Sch\u00f6nheitsreparaturen oder umfassende Sanierungen \u2013 mit erfahrenen Fachleuten an Ihrer Seite gelingt jedes Renovierungsprojekt zuverl\u00e4ssig und termingerecht.<\/p><p>Unser Team in Hamburg bietet Ihnen umfassende Renovierungsarbeiten, die individuell auf Ihre W\u00fcnsche und Anforderungen abgestimmt sind. Von der Bodenverlegung \u00fcber Malerarbeiten bis hin zur Sanierung von B\u00e4dern und K\u00fcchen \u2013 wir setzen Ihre Vorstellungen mit hoher Qualit\u00e4t und Pr\u00e4zision um.<\/p><p>Besonders wichtig bei Renovierungsarbeiten in Hamburg ist die sorgf\u00e4ltige Planung und professionelle Ausf\u00fchrung. Wir beraten Sie ausf\u00fchrlich, erstellen einen transparenten Kostenvoranschlag und koordinieren alle Arbeitsschritte effizient. So sparen Sie Zeit und vermeiden unerwartete Kosten.<\/p><p>Unsere erfahrenen Handwerker verwenden hochwertige Materialien und moderne Techniken, um langlebige und \u00e4sthetische Ergebnisse zu erzielen. Dabei achten wir auch auf Nachhaltigkeit und Umweltvertr\u00e4glichkeit, um Ihr Zuhause zukunftssicher zu gestalten.<\/p><p>Egal, ob Sie eine Altbausanierung planen oder Ihre Wohnung modernisieren m\u00f6chten \u2013 unsere Renovierungsarbeiten in Hamburg bieten Ihnen einen Rundum-Service aus einer Hand. Wir k\u00fcmmern uns um alle Gewerke und sorgen f\u00fcr eine reibungslose Umsetzung Ihres Projekts.<\/p><p>Vertrauen Sie auf unsere Expertise bei Renovierungsarbeiten in Hamburg und verwandeln Sie Ihre Immobilie in einen Wohlf\u00fchlort. Kontaktieren Sie uns noch heute f\u00fcr eine pers\u00f6nliche Beratung und ein unverbindliches Angebot. Gemeinsam realisieren wir Ihre Renovierungsideen schnell, professionell und zuverl\u00e4ssig!<\/p><\/div>\t\t\t\t\t\t<\/div>\n\t\t\t\t<\/div>\n\t\t\t\t\t<\/div>\n\t\t<\/div>\n\t\t\t\t\t\t\t<\/div>\n\t\t<\/section>\n\t\t\t\t\t\t\t<\/div>\n\t\t","protected":false},"excerpt":{"rendered":"<p>IHR BAUGESCH\u00c4FT IN NORDERSTEDT Abbrucharbeiten in Hamburg und Umgebung Sie suchen einen Fachbetrieb f\u00fcr\u00a0Abbrucharbeiten\u00a0in\u00a0Hamburg\u00a0und Umgebung? Wir freuen uns, Sie begr\u00fc\u00dfen zu d\u00fcrfen und bieten Ihnen ein umfassendes Leistungspaket f\u00fcr die\u00a0Abbrucharbeiten\u00a0in\u00a0Hamburg. Die Dienstleistung steht gewerblichen wie privaten Kunden zur Verf\u00fcgung. Wir garantieren Ihnen die professionelle Umsetzung der Abbruchprojekte in\u00a0Hamburg. Was sind\u00a0Abbrucharbeiten? Als Arbeiten im Rahmen des [&hellip;]<\/p>\n","protected":false},"author":1,"featured_media":0,"parent":0,"menu_order":0,"comment_status":"closed","ping_status":"closed","template":"elementor_canvas","meta":{"_seopress_robots_primary_cat":"","footnotes":""},"class_list":["post-639","page","type-page","status-publish","hentry"],"_links":{"self":[{"href":"https:\/\/hamburg-bauunternehmen.de\/index.php\/wp-json\/wp\/v2\/pages\/639","targetHints":{"allow":["GET"]}}],"collection":[{"href":"https:\/\/hamburg-bauunternehmen.de\/index.php\/wp-json\/wp\/v2\/pages"}],"about":[{"href":"https:\/\/hamburg-bauunternehmen.de\/index.php\/wp-json\/wp\/v2\/types\/page"}],"author":[{"embeddable":true,"href":"https:\/\/hamburg-bauunternehmen.de\/index.php\/wp-json\/wp\/v2\/users\/1"}],"replies":[{"embeddable":true,"href":"https:\/\/hamburg-bauunternehmen.de\/index.php\/wp-json\/wp\/v2\/comments?post=639"}],"version-history":[{"count":5,"href":"https:\/\/hamburg-bauunternehmen.de\/index.php\/wp-json\/wp\/v2\/pages\/639\/revisions"}],"predecessor-version":[{"id":644,"href":"https:\/\/hamburg-bauunternehmen.de\/index.php\/wp-json\/wp\/v2\/pages\/639\/revisions\/644"}],"wp:attachment":[{"href":"https:\/\/hamburg-bauunternehmen.de\/index.php\/wp-json\/wp\/v2\/media?parent=639"}],"curies":[{"name":"wp","href":"https:\/\/api.w.org\/{rel}","templated":true}]}}