{"id":699,"date":"2025-10-23T09:18:16","date_gmt":"2025-10-23T09:18:16","guid":{"rendered":"https:\/\/hamburg-bauunternehmen.de\/?page_id=699"},"modified":"2025-10-23T09:19:25","modified_gmt":"2025-10-23T09:19:25","slug":"gebaeudeanpassungen-hamburg","status":"publish","type":"page","link":"https:\/\/hamburg-bauunternehmen.de\/index.php\/gebaeudeanpassungen-hamburg\/","title":{"rendered":"Geb\u00e4udeanpassungen Hamburg"},"content":{"rendered":"\t\t<div data-elementor-type=\"wp-page\" data-elementor-id=\"699\" class=\"elementor elementor-699\">\n\t\t\t\t\t\t\t\t\t<section class=\"elementor-section elementor-top-section elementor-element elementor-element-7e17c85 elementor-section-height-min-height da-child elementor-section-boxed elementor-section-height-default elementor-section-items-middle\" data-id=\"7e17c85\" data-element_type=\"section\" id=\"home\" data-settings=\"{&quot;background_background&quot;:&quot;classic&quot;}\">\n\t\t\t\t\t\t\t<div class=\"elementor-background-overlay\"><\/div>\n\t\t\t\t\t\t\t<div class=\"elementor-container elementor-column-gap-default\">\n\t\t\t\t\t<div class=\"elementor-column elementor-col-100 elementor-top-column elementor-element elementor-element-5d82992\" data-id=\"5d82992\" data-element_type=\"column\">\n\t\t\t<div class=\"elementor-widget-wrap elementor-element-populated\">\n\t\t\t\t\t\t\t\t<div class=\"elementor-element elementor-element-10add7f elementor-widget__width-auto elementor-widget elementor-widget-image\" data-id=\"10add7f\" data-element_type=\"widget\" data-widget_type=\"image.default\">\n\t\t\t\t<div class=\"elementor-widget-container\">\n\t\t\t<style>\/*! elementor - v3.15.0 - 20-08-2023 *\/\n.elementor-widget-image{text-align:center}.elementor-widget-image a{display:inline-block}.elementor-widget-image a img[src$=\".svg\"]{width:48px}.elementor-widget-image img{vertical-align:middle;display:inline-block}<\/style>\t\t\t\t\t\t\t\t\t\t\t\t<img loading=\"lazy\" decoding=\"async\" width=\"800\" height=\"69\" src=\"https:\/\/hamburg-bauunternehmen.de\/wp-content\/uploads\/2022\/07\/logo.png\" class=\"attachment-large size-large wp-image-61\" alt=\"\" srcset=\"https:\/\/hamburg-bauunternehmen.de\/wp-content\/uploads\/2022\/07\/logo.png 833w, https:\/\/hamburg-bauunternehmen.de\/wp-content\/uploads\/2022\/07\/logo-300x26.png 300w, https:\/\/hamburg-bauunternehmen.de\/wp-content\/uploads\/2022\/07\/logo-768x66.png 768w\" sizes=\"auto, (max-width: 800px) 100vw, 800px\" \/>\t\t\t\t\t\t\t\t\t\t\t\t\t\t\t<\/div>\n\t\t\t\t<\/div>\n\t\t\t\t<div class=\"elementor-element elementor-element-1fa7b5a elementor-widget elementor-widget-spacer\" data-id=\"1fa7b5a\" data-element_type=\"widget\" data-widget_type=\"spacer.default\">\n\t\t\t\t<div class=\"elementor-widget-container\">\n\t\t\t<style>\/*! elementor - v3.15.0 - 20-08-2023 *\/\n.elementor-column .elementor-spacer-inner{height:var(--spacer-size)}.e-con{--container-widget-width:100%}.e-con-inner>.elementor-widget-spacer,.e-con>.elementor-widget-spacer{width:var(--container-widget-width,var(--spacer-size));--align-self:var(--container-widget-align-self,initial);--flex-shrink:0}.e-con-inner>.elementor-widget-spacer>.elementor-widget-container,.e-con-inner>.elementor-widget-spacer>.elementor-widget-container>.elementor-spacer,.e-con>.elementor-widget-spacer>.elementor-widget-container,.e-con>.elementor-widget-spacer>.elementor-widget-container>.elementor-spacer{height:100%}.e-con-inner>.elementor-widget-spacer>.elementor-widget-container>.elementor-spacer>.elementor-spacer-inner,.e-con>.elementor-widget-spacer>.elementor-widget-container>.elementor-spacer>.elementor-spacer-inner{height:var(--container-widget-height,var(--spacer-size))}<\/style>\t\t<div class=\"elementor-spacer\">\n\t\t\t<div class=\"elementor-spacer-inner\"><\/div>\n\t\t<\/div>\n\t\t\t\t<\/div>\n\t\t\t\t<\/div>\n\t\t\t\t<div class=\"elementor-element elementor-element-18d49cf elementor-widget elementor-widget-heading\" data-id=\"18d49cf\" data-element_type=\"widget\" data-widget_type=\"heading.default\">\n\t\t\t\t<div class=\"elementor-widget-container\">\n\t\t\t<style>\/*! elementor - v3.15.0 - 20-08-2023 *\/\n.elementor-heading-title{padding:0;margin:0;line-height:1}.elementor-widget-heading .elementor-heading-title[class*=elementor-size-]>a{color:inherit;font-size:inherit;line-height:inherit}.elementor-widget-heading .elementor-heading-title.elementor-size-small{font-size:15px}.elementor-widget-heading .elementor-heading-title.elementor-size-medium{font-size:19px}.elementor-widget-heading .elementor-heading-title.elementor-size-large{font-size:29px}.elementor-widget-heading .elementor-heading-title.elementor-size-xl{font-size:39px}.elementor-widget-heading .elementor-heading-title.elementor-size-xxl{font-size:59px}<\/style><h2 class=\"elementor-heading-title elementor-size-default\">IHR BAUGESCH\u00c4FT IN NORDERSTEDT<\/h2>\t\t<\/div>\n\t\t\t\t<\/div>\n\t\t\t\t\t<\/div>\n\t\t<\/div>\n\t\t\t\t\t\t\t<\/div>\n\t\t<\/section>\n\t\t\t\t<section class=\"elementor-section elementor-top-section elementor-element elementor-element-231263c elementor-section-boxed elementor-section-height-default elementor-section-height-default\" data-id=\"231263c\" data-element_type=\"section\">\n\t\t\t\t\t\t<div class=\"elementor-container elementor-column-gap-default\">\n\t\t\t\t\t<div class=\"elementor-column elementor-col-100 elementor-top-column elementor-element elementor-element-6295403\" data-id=\"6295403\" data-element_type=\"column\">\n\t\t\t<div class=\"elementor-widget-wrap elementor-element-populated\">\n\t\t\t\t\t\t\t\t<div class=\"elementor-element elementor-element-3b90b65 elementor-widget elementor-widget-text-editor\" data-id=\"3b90b65\" data-element_type=\"widget\" data-widget_type=\"text-editor.default\">\n\t\t\t\t<div class=\"elementor-widget-container\">\n\t\t\t<style>\/*! elementor - v3.15.0 - 20-08-2023 *\/\n.elementor-widget-text-editor.elementor-drop-cap-view-stacked .elementor-drop-cap{background-color:#69727d;color:#fff}.elementor-widget-text-editor.elementor-drop-cap-view-framed .elementor-drop-cap{color:#69727d;border:3px solid;background-color:transparent}.elementor-widget-text-editor:not(.elementor-drop-cap-view-default) .elementor-drop-cap{margin-top:8px}.elementor-widget-text-editor:not(.elementor-drop-cap-view-default) .elementor-drop-cap-letter{width:1em;height:1em}.elementor-widget-text-editor .elementor-drop-cap{float:left;text-align:center;line-height:1;font-size:50px}.elementor-widget-text-editor .elementor-drop-cap-letter{display:inline-block}<\/style>\t\t\t\t<div id=\"text_highlighted\"><p>Geb\u00e4udeanpassungen Hamburg: Ihr Partner f\u00fcr zukunftsorientierte Immobilienl\u00f6sungen<\/p><p>In der dynamischen Metropole Hamburg sind Geb\u00e4udeanpassungen ein zentrales Thema f\u00fcr Eigent\u00fcmer, Unternehmen und Investoren. Ob es um die Modernisierung bestehender Immobilien, die Anpassung an neue Nutzungsanforderungen oder die Steigerung der Energieeffizienz geht \u2013 eine professionelle Planung und Umsetzung ist entscheidend f\u00fcr den Werterhalt und die Zukunftsf\u00e4higkeit Ihrer Immobilie. Wir sind Ihr kompetenter Partner in Hamburg, wenn es darum geht, Geb\u00e4ude intelligent und nachhaltig an aktuelle und zuk\u00fcnftige Bed\u00fcrfnisse anzupassen.<\/p><p>Geb\u00e4udeanpassungen in Hamburg umfassen ein breites Spektrum an Ma\u00dfnahmen, die darauf abzielen, die Funktionalit\u00e4t, \u00c4sthetik und Wirtschaftlichkeit einer Immobilie zu optimieren. Dies kann von kleinen Umbauma\u00dfnahmen bis hin zu umfassenden Sanierungen reichen. Unser Team aus erfahrenen Architekten, Ingenieuren und Handwerkern arbeitet eng zusammen, um ma\u00dfgeschneiderte L\u00f6sungen zu entwickeln, die Ihren individuellen Anforderungen und den spezifischen Gegebenheiten Ihrer Immobilie gerecht werden.<\/p><p>Unsere Leistungen im Bereich Geb\u00e4udeanpassungen in Hamburg:<\/p><p>Nutzungs\u00e4nderungen: Wir begleiten Sie bei der Umwandlung von B\u00fcrofl\u00e4chen in Wohnraum, der Anpassung von Ladenfl\u00e4chen oder der Schaffung neuer Nutzungskonzepte f\u00fcr Ihre Immobilie.<\/p><p>Energetische Sanierung: Durch gezielte Ma\u00dfnahmen wie Fassadend\u00e4mmung, Fensteraustausch oder Heizungsmodernisierung steigern wir die Energieeffizienz Ihres Geb\u00e4udes und senken Ihre Betriebskosten.<\/p><p>Barrierefreiheit: Wir planen und realisieren barrierefreie Zug\u00e4nge, Aufz\u00fcge und Sanit\u00e4ranlagen, um Ihre Immobilie f\u00fcr alle Nutzer zug\u00e4nglich zu machen.<\/p><p>Grundrissoptimierung: Durch intelligente Umgestaltung von Grundrissen schaffen wir mehr Raum, verbessern die Funktionalit\u00e4t und erh\u00f6hen den Wohn- oder Arbeitskomfort.<\/p><p>Modernisierung von B\u00e4dern und K\u00fcchen: Wir gestalten Ihre B\u00e4der und K\u00fcchen neu und passen sie an moderne Standards und Designw\u00fcnsche an.<\/p><p>Denkmalschutzgerechte Sanierung: Bei denkmalgesch\u00fctzten Geb\u00e4uden achten wir auf eine sensible und fachgerechte Sanierung, die den historischen Charakter bewahrt.<\/p><p>Eine professionelle Geb\u00e4udeanpassung in Hamburg ist eine Investition in die Zukunft Ihrer Immobilie. Sie steigert nicht nur den Wert, sondern verbessert auch die Lebens- und Arbeitsqualit\u00e4t. Vertrauen Sie auf unsere Expertise und unser Engagement f\u00fcr h\u00f6chste Qualit\u00e4t. Kontaktieren Sie uns noch heute f\u00fcr ein unverbindliches Beratungsgespr\u00e4ch und lassen Sie uns gemeinsam Ihre Immobilie in Hamburg zukunftssicher gestalten.<\/p><\/div>\t\t\t\t\t\t<\/div>\n\t\t\t\t<\/div>\n\t\t\t\t\t<\/div>\n\t\t<\/div>\n\t\t\t\t\t\t\t<\/div>\n\t\t<\/section>\n\t\t\t\t\t\t\t<\/div>\n\t\t","protected":false},"excerpt":{"rendered":"<p>IHR BAUGESCH\u00c4FT IN NORDERSTEDT Geb\u00e4udeanpassungen Hamburg: Ihr Partner f\u00fcr zukunftsorientierte Immobilienl\u00f6sungen In der dynamischen Metropole Hamburg sind Geb\u00e4udeanpassungen ein zentrales Thema f\u00fcr Eigent\u00fcmer, Unternehmen und Investoren. Ob es um die Modernisierung bestehender Immobilien, die Anpassung an neue Nutzungsanforderungen oder die Steigerung der Energieeffizienz geht \u2013 eine professionelle Planung und Umsetzung ist entscheidend f\u00fcr den Werterhalt [&hellip;]<\/p>\n","protected":false},"author":1,"featured_media":0,"parent":0,"menu_order":0,"comment_status":"closed","ping_status":"closed","template":"elementor_canvas","meta":{"_seopress_robots_primary_cat":"","footnotes":""},"class_list":["post-699","page","type-page","status-publish","hentry"],"_links":{"self":[{"href":"https:\/\/hamburg-bauunternehmen.de\/index.php\/wp-json\/wp\/v2\/pages\/699","targetHints":{"allow":["GET"]}}],"collection":[{"href":"https:\/\/hamburg-bauunternehmen.de\/index.php\/wp-json\/wp\/v2\/pages"}],"about":[{"href":"https:\/\/hamburg-bauunternehmen.de\/index.php\/wp-json\/wp\/v2\/types\/page"}],"author":[{"embeddable":true,"href":"https:\/\/hamburg-bauunternehmen.de\/index.php\/wp-json\/wp\/v2\/users\/1"}],"replies":[{"embeddable":true,"href":"https:\/\/hamburg-bauunternehmen.de\/index.php\/wp-json\/wp\/v2\/comments?post=699"}],"version-history":[{"count":5,"href":"https:\/\/hamburg-bauunternehmen.de\/index.php\/wp-json\/wp\/v2\/pages\/699\/revisions"}],"predecessor-version":[{"id":704,"href":"https:\/\/hamburg-bauunternehmen.de\/index.php\/wp-json\/wp\/v2\/pages\/699\/revisions\/704"}],"wp:attachment":[{"href":"https:\/\/hamburg-bauunternehmen.de\/index.php\/wp-json\/wp\/v2\/media?parent=699"}],"curies":[{"name":"wp","href":"https:\/\/api.w.org\/{rel}","templated":true}]}}