{"id":706,"date":"2025-10-23T09:21:32","date_gmt":"2025-10-23T09:21:32","guid":{"rendered":"https:\/\/hamburg-bauunternehmen.de\/?page_id=706"},"modified":"2025-10-23T09:21:56","modified_gmt":"2025-10-23T09:21:56","slug":"innenausbau-hamburg","status":"publish","type":"page","link":"https:\/\/hamburg-bauunternehmen.de\/index.php\/innenausbau-hamburg\/","title":{"rendered":"Innenausbau Hamburg"},"content":{"rendered":"\t\t<div data-elementor-type=\"wp-page\" data-elementor-id=\"706\" class=\"elementor elementor-706\">\n\t\t\t\t\t\t\t\t\t<section class=\"elementor-section elementor-top-section elementor-element elementor-element-7e17c85 elementor-section-height-min-height da-child elementor-section-boxed elementor-section-height-default elementor-section-items-middle\" data-id=\"7e17c85\" data-element_type=\"section\" id=\"home\" data-settings=\"{&quot;background_background&quot;:&quot;classic&quot;}\">\n\t\t\t\t\t\t\t<div class=\"elementor-background-overlay\"><\/div>\n\t\t\t\t\t\t\t<div class=\"elementor-container elementor-column-gap-default\">\n\t\t\t\t\t<div class=\"elementor-column elementor-col-100 elementor-top-column elementor-element elementor-element-5d82992\" data-id=\"5d82992\" data-element_type=\"column\">\n\t\t\t<div class=\"elementor-widget-wrap elementor-element-populated\">\n\t\t\t\t\t\t\t\t<div class=\"elementor-element elementor-element-10add7f elementor-widget__width-auto elementor-widget elementor-widget-image\" data-id=\"10add7f\" data-element_type=\"widget\" data-widget_type=\"image.default\">\n\t\t\t\t<div class=\"elementor-widget-container\">\n\t\t\t<style>\/*! elementor - v3.15.0 - 20-08-2023 *\/\n.elementor-widget-image{text-align:center}.elementor-widget-image a{display:inline-block}.elementor-widget-image a img[src$=\".svg\"]{width:48px}.elementor-widget-image img{vertical-align:middle;display:inline-block}<\/style>\t\t\t\t\t\t\t\t\t\t\t\t<img loading=\"lazy\" decoding=\"async\" width=\"800\" height=\"69\" src=\"https:\/\/hamburg-bauunternehmen.de\/wp-content\/uploads\/2022\/07\/logo.png\" class=\"attachment-large size-large wp-image-61\" alt=\"\" srcset=\"https:\/\/hamburg-bauunternehmen.de\/wp-content\/uploads\/2022\/07\/logo.png 833w, https:\/\/hamburg-bauunternehmen.de\/wp-content\/uploads\/2022\/07\/logo-300x26.png 300w, https:\/\/hamburg-bauunternehmen.de\/wp-content\/uploads\/2022\/07\/logo-768x66.png 768w\" sizes=\"auto, (max-width: 800px) 100vw, 800px\" \/>\t\t\t\t\t\t\t\t\t\t\t\t\t\t\t<\/div>\n\t\t\t\t<\/div>\n\t\t\t\t<div class=\"elementor-element elementor-element-1fa7b5a elementor-widget elementor-widget-spacer\" data-id=\"1fa7b5a\" data-element_type=\"widget\" data-widget_type=\"spacer.default\">\n\t\t\t\t<div class=\"elementor-widget-container\">\n\t\t\t<style>\/*! elementor - v3.15.0 - 20-08-2023 *\/\n.elementor-column .elementor-spacer-inner{height:var(--spacer-size)}.e-con{--container-widget-width:100%}.e-con-inner>.elementor-widget-spacer,.e-con>.elementor-widget-spacer{width:var(--container-widget-width,var(--spacer-size));--align-self:var(--container-widget-align-self,initial);--flex-shrink:0}.e-con-inner>.elementor-widget-spacer>.elementor-widget-container,.e-con-inner>.elementor-widget-spacer>.elementor-widget-container>.elementor-spacer,.e-con>.elementor-widget-spacer>.elementor-widget-container,.e-con>.elementor-widget-spacer>.elementor-widget-container>.elementor-spacer{height:100%}.e-con-inner>.elementor-widget-spacer>.elementor-widget-container>.elementor-spacer>.elementor-spacer-inner,.e-con>.elementor-widget-spacer>.elementor-widget-container>.elementor-spacer>.elementor-spacer-inner{height:var(--container-widget-height,var(--spacer-size))}<\/style>\t\t<div class=\"elementor-spacer\">\n\t\t\t<div class=\"elementor-spacer-inner\"><\/div>\n\t\t<\/div>\n\t\t\t\t<\/div>\n\t\t\t\t<\/div>\n\t\t\t\t<div class=\"elementor-element elementor-element-18d49cf elementor-widget elementor-widget-heading\" data-id=\"18d49cf\" data-element_type=\"widget\" data-widget_type=\"heading.default\">\n\t\t\t\t<div class=\"elementor-widget-container\">\n\t\t\t<style>\/*! elementor - v3.15.0 - 20-08-2023 *\/\n.elementor-heading-title{padding:0;margin:0;line-height:1}.elementor-widget-heading .elementor-heading-title[class*=elementor-size-]>a{color:inherit;font-size:inherit;line-height:inherit}.elementor-widget-heading .elementor-heading-title.elementor-size-small{font-size:15px}.elementor-widget-heading .elementor-heading-title.elementor-size-medium{font-size:19px}.elementor-widget-heading .elementor-heading-title.elementor-size-large{font-size:29px}.elementor-widget-heading .elementor-heading-title.elementor-size-xl{font-size:39px}.elementor-widget-heading .elementor-heading-title.elementor-size-xxl{font-size:59px}<\/style><h2 class=\"elementor-heading-title elementor-size-default\">IHR BAUGESCH\u00c4FT IN NORDERSTEDT<\/h2>\t\t<\/div>\n\t\t\t\t<\/div>\n\t\t\t\t\t<\/div>\n\t\t<\/div>\n\t\t\t\t\t\t\t<\/div>\n\t\t<\/section>\n\t\t\t\t<section class=\"elementor-section elementor-top-section elementor-element elementor-element-231263c elementor-section-boxed elementor-section-height-default elementor-section-height-default\" data-id=\"231263c\" data-element_type=\"section\">\n\t\t\t\t\t\t<div class=\"elementor-container elementor-column-gap-default\">\n\t\t\t\t\t<div class=\"elementor-column elementor-col-100 elementor-top-column elementor-element elementor-element-6295403\" data-id=\"6295403\" data-element_type=\"column\">\n\t\t\t<div class=\"elementor-widget-wrap elementor-element-populated\">\n\t\t\t\t\t\t\t\t<div class=\"elementor-element elementor-element-3b90b65 elementor-widget elementor-widget-text-editor\" data-id=\"3b90b65\" data-element_type=\"widget\" data-widget_type=\"text-editor.default\">\n\t\t\t\t<div class=\"elementor-widget-container\">\n\t\t\t<style>\/*! elementor - v3.15.0 - 20-08-2023 *\/\n.elementor-widget-text-editor.elementor-drop-cap-view-stacked .elementor-drop-cap{background-color:#69727d;color:#fff}.elementor-widget-text-editor.elementor-drop-cap-view-framed .elementor-drop-cap{color:#69727d;border:3px solid;background-color:transparent}.elementor-widget-text-editor:not(.elementor-drop-cap-view-default) .elementor-drop-cap{margin-top:8px}.elementor-widget-text-editor:not(.elementor-drop-cap-view-default) .elementor-drop-cap-letter{width:1em;height:1em}.elementor-widget-text-editor .elementor-drop-cap{float:left;text-align:center;line-height:1;font-size:50px}.elementor-widget-text-editor .elementor-drop-cap-letter{display:inline-block}<\/style>\t\t\t\t<div id=\"text_highlighted\"><p>Innenausbau Hamburg: Ihr Spezialist f\u00fcr individuelle Raumgestaltung<\/p><p>Der Innenausbau in Hamburg ist ein entscheidender Schritt, um R\u00e4umen Charakter zu verleihen, Funktionalit\u00e4t zu optimieren und eine Atmosph\u00e4re zu schaffen, die Ihren pers\u00f6nlichen Vorstellungen oder den Anforderungen Ihres Unternehmens entspricht. Ob Neubau, Umbau oder Sanierung \u2013 wir sind Ihr kompetenter Partner in Hamburg, wenn es darum geht, Ihre Visionen in die Realit\u00e4t umzusetzen. Mit handwerklichem Geschick, kreativen Ideen und hochwertigen Materialien gestalten wir Innenr\u00e4ume, die begeistern und \u00fcberzeugen.<\/p><p>Ein durchdachter Innenausbau in Hamburg tr\u00e4gt ma\u00dfgeblich zum Wohlbefinden und zur Effizienz in Ihren R\u00e4umlichkeiten bei. Wir verstehen, dass jeder Raum einzigartig ist und individuelle L\u00f6sungen erfordert. Unser Team aus erfahrenen Handwerkern und Designern arbeitet eng mit Ihnen zusammen, um Ihre W\u00fcnsche und Bed\u00fcrfnisse genau zu erfassen. Von der ersten Skizze bis zur finalen Umsetzung begleiten wir Sie professionell und sorgen f\u00fcr eine termingerechte und qualitativ hochwertige Ausf\u00fchrung aller Arbeiten.<\/p><p>Unsere Leistungen im Bereich Innenausbau in Hamburg umfassen:<\/p><p>Trockenbau: Flexible Gestaltung von Raumstrukturen durch den Einbau von W\u00e4nden, Decken und Nischen, um neue Raumkonzepte zu schaffen.<\/p><p>Bodenbel\u00e4ge: Verlegung verschiedener Bodenbel\u00e4ge wie Parkett, Laminat, Vinyl, Teppich oder Fliesen, passend zu Ihrem Stil und den Nutzungsanforderungen.<\/p><p>Maler- und Tapezierarbeiten: Professionelle Gestaltung von W\u00e4nden und Decken mit hochwertigen Farben und Tapeten, f\u00fcr eine individuelle Raumwirkung.<\/p><p>T\u00fcren und Fenster: Einbau und Austausch von T\u00fcren und Fenstern, die nicht nur optisch \u00fcberzeugen, sondern auch funktionalen Anspr\u00fcchen an Schallschutz und W\u00e4rmed\u00e4mmung gerecht werden.<\/p><p>Einbaum\u00f6bel und Schreinerarbeiten: Ma\u00dfgefertigte M\u00f6bel und Einbauten, die den vorhandenen Raum optimal nutzen und Stauraum schaffen.<\/p><p>Akustikoptimierung: Ma\u00dfnahmen zur Verbesserung der Raumakustik in B\u00fcros, Konferenzr\u00e4umen oder Wohnbereichen.<\/p><p>Lichtkonzepte: Entwicklung und Umsetzung von Beleuchtungsl\u00f6sungen, die die Atmosph\u00e4re des Raumes unterstreichen und funktionale Anforderungen erf\u00fcllen.<\/p><p>Eine Investition in einen professionellen Innenausbau in Hamburg steigert nicht nur den Wert Ihrer Immobilie, sondern auch die Lebens- und Arbeitsqualit\u00e4t. Vertrauen Sie auf unsere Expertise und unser Engagement f\u00fcr h\u00f6chste Qualit\u00e4t. Kontaktieren Sie uns noch heute f\u00fcr ein unverbindliches Beratungsgespr\u00e4ch und lassen Sie uns gemeinsam Ihre Innenr\u00e4ume in Hamburg neu gestalten.<\/p><\/div>\t\t\t\t\t\t<\/div>\n\t\t\t\t<\/div>\n\t\t\t\t\t<\/div>\n\t\t<\/div>\n\t\t\t\t\t\t\t<\/div>\n\t\t<\/section>\n\t\t\t\t\t\t\t<\/div>\n\t\t","protected":false},"excerpt":{"rendered":"<p>IHR BAUGESCH\u00c4FT IN NORDERSTEDT Innenausbau Hamburg: Ihr Spezialist f\u00fcr individuelle Raumgestaltung Der Innenausbau in Hamburg ist ein entscheidender Schritt, um R\u00e4umen Charakter zu verleihen, Funktionalit\u00e4t zu optimieren und eine Atmosph\u00e4re zu schaffen, die Ihren pers\u00f6nlichen Vorstellungen oder den Anforderungen Ihres Unternehmens entspricht. Ob Neubau, Umbau oder Sanierung \u2013 wir sind Ihr kompetenter Partner in Hamburg, [&hellip;]<\/p>\n","protected":false},"author":1,"featured_media":0,"parent":0,"menu_order":0,"comment_status":"closed","ping_status":"closed","template":"elementor_canvas","meta":{"_seopress_robots_primary_cat":"","footnotes":""},"class_list":["post-706","page","type-page","status-publish","hentry"],"_links":{"self":[{"href":"https:\/\/hamburg-bauunternehmen.de\/index.php\/wp-json\/wp\/v2\/pages\/706","targetHints":{"allow":["GET"]}}],"collection":[{"href":"https:\/\/hamburg-bauunternehmen.de\/index.php\/wp-json\/wp\/v2\/pages"}],"about":[{"href":"https:\/\/hamburg-bauunternehmen.de\/index.php\/wp-json\/wp\/v2\/types\/page"}],"author":[{"embeddable":true,"href":"https:\/\/hamburg-bauunternehmen.de\/index.php\/wp-json\/wp\/v2\/users\/1"}],"replies":[{"embeddable":true,"href":"https:\/\/hamburg-bauunternehmen.de\/index.php\/wp-json\/wp\/v2\/comments?post=706"}],"version-history":[{"count":5,"href":"https:\/\/hamburg-bauunternehmen.de\/index.php\/wp-json\/wp\/v2\/pages\/706\/revisions"}],"predecessor-version":[{"id":711,"href":"https:\/\/hamburg-bauunternehmen.de\/index.php\/wp-json\/wp\/v2\/pages\/706\/revisions\/711"}],"wp:attachment":[{"href":"https:\/\/hamburg-bauunternehmen.de\/index.php\/wp-json\/wp\/v2\/media?parent=706"}],"curies":[{"name":"wp","href":"https:\/\/api.w.org\/{rel}","templated":true}]}}