{"id":750,"date":"2026-01-29T12:20:33","date_gmt":"2026-01-29T12:20:33","guid":{"rendered":"https:\/\/hamburg-bauunternehmen.de\/?page_id=750"},"modified":"2026-01-29T12:20:56","modified_gmt":"2026-01-29T12:20:56","slug":"ausbauarbeiten-lueneburg","status":"publish","type":"page","link":"https:\/\/hamburg-bauunternehmen.de\/index.php\/ausbauarbeiten-lueneburg\/","title":{"rendered":"Ausbauarbeiten L\u00fcneburg"},"content":{"rendered":"\t\t<div data-elementor-type=\"wp-page\" data-elementor-id=\"750\" class=\"elementor elementor-750\">\n\t\t\t\t\t\t\t\t\t<section class=\"elementor-section elementor-top-section elementor-element elementor-element-7e17c85 elementor-section-height-min-height da-child elementor-section-boxed elementor-section-height-default elementor-section-items-middle\" data-id=\"7e17c85\" data-element_type=\"section\" id=\"home\" data-settings=\"{&quot;background_background&quot;:&quot;classic&quot;}\">\n\t\t\t\t\t\t\t<div class=\"elementor-background-overlay\"><\/div>\n\t\t\t\t\t\t\t<div class=\"elementor-container elementor-column-gap-default\">\n\t\t\t\t\t<div class=\"elementor-column elementor-col-100 elementor-top-column elementor-element elementor-element-5d82992\" data-id=\"5d82992\" data-element_type=\"column\">\n\t\t\t<div class=\"elementor-widget-wrap elementor-element-populated\">\n\t\t\t\t\t\t\t\t<div class=\"elementor-element elementor-element-10add7f elementor-widget__width-auto elementor-widget elementor-widget-image\" data-id=\"10add7f\" data-element_type=\"widget\" data-widget_type=\"image.default\">\n\t\t\t\t<div class=\"elementor-widget-container\">\n\t\t\t<style>\/*! elementor - v3.15.0 - 20-08-2023 *\/\n.elementor-widget-image{text-align:center}.elementor-widget-image a{display:inline-block}.elementor-widget-image a img[src$=\".svg\"]{width:48px}.elementor-widget-image img{vertical-align:middle;display:inline-block}<\/style>\t\t\t\t\t\t\t\t\t\t\t\t<img loading=\"lazy\" decoding=\"async\" width=\"800\" height=\"69\" src=\"https:\/\/hamburg-bauunternehmen.de\/wp-content\/uploads\/2022\/07\/logo.png\" class=\"attachment-large size-large wp-image-61\" alt=\"\" srcset=\"https:\/\/hamburg-bauunternehmen.de\/wp-content\/uploads\/2022\/07\/logo.png 833w, https:\/\/hamburg-bauunternehmen.de\/wp-content\/uploads\/2022\/07\/logo-300x26.png 300w, https:\/\/hamburg-bauunternehmen.de\/wp-content\/uploads\/2022\/07\/logo-768x66.png 768w\" sizes=\"auto, (max-width: 800px) 100vw, 800px\" \/>\t\t\t\t\t\t\t\t\t\t\t\t\t\t\t<\/div>\n\t\t\t\t<\/div>\n\t\t\t\t<div class=\"elementor-element elementor-element-1fa7b5a elementor-widget elementor-widget-spacer\" data-id=\"1fa7b5a\" data-element_type=\"widget\" data-widget_type=\"spacer.default\">\n\t\t\t\t<div class=\"elementor-widget-container\">\n\t\t\t<style>\/*! elementor - v3.15.0 - 20-08-2023 *\/\n.elementor-column .elementor-spacer-inner{height:var(--spacer-size)}.e-con{--container-widget-width:100%}.e-con-inner>.elementor-widget-spacer,.e-con>.elementor-widget-spacer{width:var(--container-widget-width,var(--spacer-size));--align-self:var(--container-widget-align-self,initial);--flex-shrink:0}.e-con-inner>.elementor-widget-spacer>.elementor-widget-container,.e-con-inner>.elementor-widget-spacer>.elementor-widget-container>.elementor-spacer,.e-con>.elementor-widget-spacer>.elementor-widget-container,.e-con>.elementor-widget-spacer>.elementor-widget-container>.elementor-spacer{height:100%}.e-con-inner>.elementor-widget-spacer>.elementor-widget-container>.elementor-spacer>.elementor-spacer-inner,.e-con>.elementor-widget-spacer>.elementor-widget-container>.elementor-spacer>.elementor-spacer-inner{height:var(--container-widget-height,var(--spacer-size))}<\/style>\t\t<div class=\"elementor-spacer\">\n\t\t\t<div class=\"elementor-spacer-inner\"><\/div>\n\t\t<\/div>\n\t\t\t\t<\/div>\n\t\t\t\t<\/div>\n\t\t\t\t<div class=\"elementor-element elementor-element-18d49cf elementor-widget elementor-widget-heading\" data-id=\"18d49cf\" data-element_type=\"widget\" data-widget_type=\"heading.default\">\n\t\t\t\t<div class=\"elementor-widget-container\">\n\t\t\t<style>\/*! elementor - v3.15.0 - 20-08-2023 *\/\n.elementor-heading-title{padding:0;margin:0;line-height:1}.elementor-widget-heading .elementor-heading-title[class*=elementor-size-]>a{color:inherit;font-size:inherit;line-height:inherit}.elementor-widget-heading .elementor-heading-title.elementor-size-small{font-size:15px}.elementor-widget-heading .elementor-heading-title.elementor-size-medium{font-size:19px}.elementor-widget-heading .elementor-heading-title.elementor-size-large{font-size:29px}.elementor-widget-heading .elementor-heading-title.elementor-size-xl{font-size:39px}.elementor-widget-heading .elementor-heading-title.elementor-size-xxl{font-size:59px}<\/style><h2 class=\"elementor-heading-title elementor-size-default\">IHR BAUGESCH\u00c4FT IN NORDERSTEDT<\/h2>\t\t<\/div>\n\t\t\t\t<\/div>\n\t\t\t\t\t<\/div>\n\t\t<\/div>\n\t\t\t\t\t\t\t<\/div>\n\t\t<\/section>\n\t\t\t\t<section class=\"elementor-section elementor-top-section elementor-element elementor-element-231263c elementor-section-boxed elementor-section-height-default elementor-section-height-default\" data-id=\"231263c\" data-element_type=\"section\">\n\t\t\t\t\t\t<div class=\"elementor-container elementor-column-gap-default\">\n\t\t\t\t\t<div class=\"elementor-column elementor-col-100 elementor-top-column elementor-element elementor-element-6295403\" data-id=\"6295403\" data-element_type=\"column\">\n\t\t\t<div class=\"elementor-widget-wrap elementor-element-populated\">\n\t\t\t\t\t\t\t\t<div class=\"elementor-element elementor-element-3b90b65 elementor-widget elementor-widget-text-editor\" data-id=\"3b90b65\" data-element_type=\"widget\" data-widget_type=\"text-editor.default\">\n\t\t\t\t<div class=\"elementor-widget-container\">\n\t\t\t<style>\/*! elementor - v3.15.0 - 20-08-2023 *\/\n.elementor-widget-text-editor.elementor-drop-cap-view-stacked .elementor-drop-cap{background-color:#69727d;color:#fff}.elementor-widget-text-editor.elementor-drop-cap-view-framed .elementor-drop-cap{color:#69727d;border:3px solid;background-color:transparent}.elementor-widget-text-editor:not(.elementor-drop-cap-view-default) .elementor-drop-cap{margin-top:8px}.elementor-widget-text-editor:not(.elementor-drop-cap-view-default) .elementor-drop-cap-letter{width:1em;height:1em}.elementor-widget-text-editor .elementor-drop-cap{float:left;text-align:center;line-height:1;font-size:50px}.elementor-widget-text-editor .elementor-drop-cap-letter{display:inline-block}<\/style>\t\t\t\t<div id=\"text_highlighted\"><p>Ausbauarbeiten in L\u00fcneburg sind ein wichtiger Schritt, um Wohn- und Gewerbefl\u00e4chen optimal zu gestalten und den vorhandenen Raum bestm\u00f6glich zu nutzen. Ob Dachausbau, Innenausbau oder Trockenbau \u2013 professionelle Ausbauarbeiten schaffen komfortable, funktionale und \u00e4sthetisch ansprechende R\u00e4ume. In L\u00fcneburg profitieren Bauherren von erfahrenen Handwerksbetrieben, die Ausbauprojekte individuell planen und fachgerecht umsetzen.<\/p><p>Der Dachausbau ist besonders beliebt, um zus\u00e4tzlichen Wohnraum zu schaffen, ohne eine neue Immobilie kaufen zu m\u00fcssen. Fachkundige Betriebe in L\u00fcneburg \u00fcbernehmen dabei alle Arbeiten \u2013 von der D\u00e4mmung \u00fcber den Einbau von Fenstern bis zur kompletten Innenverkleidung. So entstehen helle, gut isolierte R\u00e4ume, die den Wohnkomfort deutlich erh\u00f6hen.<\/p><p>Auch der Innenausbau spielt eine zentrale Rolle bei der Modernisierung von Geb\u00e4uden in L\u00fcneburg. Dazu geh\u00f6ren Trockenbauw\u00e4nde, Deckenverkleidungen, Bodenbel\u00e4ge und die Installation von T\u00fcren. Ausbauarbeiten erm\u00f6glichen es, Grundrisse flexibel zu gestalten und R\u00e4ume optimal an die individuellen Bed\u00fcrfnisse anzupassen.<\/p><p>Moderne Ausbauunternehmen in L\u00fcneburg setzen auf hochwertige Materialien und innovative Techniken, um Energieeffizienz und Nachhaltigkeit zu gew\u00e4hrleisten. Zudem beraten sie Kunden umfassend zu Gestaltungsm\u00f6glichkeiten und unterst\u00fctzen bei der Auswahl passender L\u00f6sungen.<\/p><p>Neben der handwerklichen Umsetzung \u00fcbernehmen viele Betriebe auch die Koordination mit anderen Gewerken und die Einhaltung aller baurechtlichen Vorgaben. Das sorgt f\u00fcr einen reibungslosen Ablauf und termingerechte Fertigstellung der Ausbauarbeiten.<\/p><p>Insgesamt sind Ausbauarbeiten in L\u00fcneburg eine effektive M\u00f6glichkeit, Immobilien aufzuwerten und den Wohn- oder Arbeitsraum funktional zu erweitern. Mit professionellen Partnern vor Ort profitieren Bauherren von individueller Beratung, hoher Qualit\u00e4t und zuverl\u00e4ssiger Ausf\u00fchrung. Wer Ausbauarbeiten in L\u00fcneburg plant, findet hier kompetente Fachbetriebe f\u00fcr jedes Projekt.<\/p><\/div>\t\t\t\t\t\t<\/div>\n\t\t\t\t<\/div>\n\t\t\t\t\t<\/div>\n\t\t<\/div>\n\t\t\t\t\t\t\t<\/div>\n\t\t<\/section>\n\t\t\t\t\t\t\t<\/div>\n\t\t","protected":false},"excerpt":{"rendered":"<p>IHR BAUGESCH\u00c4FT IN NORDERSTEDT Ausbauarbeiten in L\u00fcneburg sind ein wichtiger Schritt, um Wohn- und Gewerbefl\u00e4chen optimal zu gestalten und den vorhandenen Raum bestm\u00f6glich zu nutzen. Ob Dachausbau, Innenausbau oder Trockenbau \u2013 professionelle Ausbauarbeiten schaffen komfortable, funktionale und \u00e4sthetisch ansprechende R\u00e4ume. In L\u00fcneburg profitieren Bauherren von erfahrenen Handwerksbetrieben, die Ausbauprojekte individuell planen und fachgerecht umsetzen. Der [&hellip;]<\/p>\n","protected":false},"author":1,"featured_media":0,"parent":0,"menu_order":0,"comment_status":"closed","ping_status":"closed","template":"elementor_canvas","meta":{"_seopress_robots_primary_cat":"","footnotes":""},"class_list":["post-750","page","type-page","status-publish","hentry"],"_links":{"self":[{"href":"https:\/\/hamburg-bauunternehmen.de\/index.php\/wp-json\/wp\/v2\/pages\/750","targetHints":{"allow":["GET"]}}],"collection":[{"href":"https:\/\/hamburg-bauunternehmen.de\/index.php\/wp-json\/wp\/v2\/pages"}],"about":[{"href":"https:\/\/hamburg-bauunternehmen.de\/index.php\/wp-json\/wp\/v2\/types\/page"}],"author":[{"embeddable":true,"href":"https:\/\/hamburg-bauunternehmen.de\/index.php\/wp-json\/wp\/v2\/users\/1"}],"replies":[{"embeddable":true,"href":"https:\/\/hamburg-bauunternehmen.de\/index.php\/wp-json\/wp\/v2\/comments?post=750"}],"version-history":[{"count":5,"href":"https:\/\/hamburg-bauunternehmen.de\/index.php\/wp-json\/wp\/v2\/pages\/750\/revisions"}],"predecessor-version":[{"id":755,"href":"https:\/\/hamburg-bauunternehmen.de\/index.php\/wp-json\/wp\/v2\/pages\/750\/revisions\/755"}],"wp:attachment":[{"href":"https:\/\/hamburg-bauunternehmen.de\/index.php\/wp-json\/wp\/v2\/media?parent=750"}],"curies":[{"name":"wp","href":"https:\/\/api.w.org\/{rel}","templated":true}]}}