{"id":780,"date":"2026-03-27T08:45:33","date_gmt":"2026-03-27T08:45:33","guid":{"rendered":"https:\/\/hamburg-bauunternehmen.de\/?page_id=780"},"modified":"2026-03-27T08:45:59","modified_gmt":"2026-03-27T08:45:59","slug":"gebaeudeanpassungen-ellerbek","status":"publish","type":"page","link":"https:\/\/hamburg-bauunternehmen.de\/index.php\/gebaeudeanpassungen-ellerbek\/","title":{"rendered":"Geb\u00e4udeanpassungen Ellerbek"},"content":{"rendered":"\t\t<div data-elementor-type=\"wp-page\" data-elementor-id=\"780\" class=\"elementor elementor-780\">\n\t\t\t\t\t\t\t\t\t<section class=\"elementor-section elementor-top-section elementor-element elementor-element-7e17c85 elementor-section-height-min-height da-child elementor-section-boxed elementor-section-height-default elementor-section-items-middle\" data-id=\"7e17c85\" data-element_type=\"section\" id=\"home\" data-settings=\"{&quot;background_background&quot;:&quot;classic&quot;}\">\n\t\t\t\t\t\t\t<div class=\"elementor-background-overlay\"><\/div>\n\t\t\t\t\t\t\t<div class=\"elementor-container elementor-column-gap-default\">\n\t\t\t\t\t<div class=\"elementor-column elementor-col-100 elementor-top-column elementor-element elementor-element-5d82992\" data-id=\"5d82992\" data-element_type=\"column\">\n\t\t\t<div class=\"elementor-widget-wrap elementor-element-populated\">\n\t\t\t\t\t\t\t\t<div class=\"elementor-element elementor-element-10add7f elementor-widget__width-auto elementor-widget elementor-widget-image\" data-id=\"10add7f\" data-element_type=\"widget\" data-widget_type=\"image.default\">\n\t\t\t\t<div class=\"elementor-widget-container\">\n\t\t\t<style>\/*! elementor - v3.15.0 - 20-08-2023 *\/\n.elementor-widget-image{text-align:center}.elementor-widget-image a{display:inline-block}.elementor-widget-image a img[src$=\".svg\"]{width:48px}.elementor-widget-image img{vertical-align:middle;display:inline-block}<\/style>\t\t\t\t\t\t\t\t\t\t\t\t<img loading=\"lazy\" decoding=\"async\" width=\"800\" height=\"69\" src=\"https:\/\/hamburg-bauunternehmen.de\/wp-content\/uploads\/2022\/07\/logo.png\" class=\"attachment-large size-large wp-image-61\" alt=\"\" srcset=\"https:\/\/hamburg-bauunternehmen.de\/wp-content\/uploads\/2022\/07\/logo.png 833w, https:\/\/hamburg-bauunternehmen.de\/wp-content\/uploads\/2022\/07\/logo-300x26.png 300w, https:\/\/hamburg-bauunternehmen.de\/wp-content\/uploads\/2022\/07\/logo-768x66.png 768w\" sizes=\"auto, (max-width: 800px) 100vw, 800px\" \/>\t\t\t\t\t\t\t\t\t\t\t\t\t\t\t<\/div>\n\t\t\t\t<\/div>\n\t\t\t\t<div class=\"elementor-element elementor-element-1fa7b5a elementor-widget elementor-widget-spacer\" data-id=\"1fa7b5a\" data-element_type=\"widget\" data-widget_type=\"spacer.default\">\n\t\t\t\t<div class=\"elementor-widget-container\">\n\t\t\t<style>\/*! elementor - v3.15.0 - 20-08-2023 *\/\n.elementor-column .elementor-spacer-inner{height:var(--spacer-size)}.e-con{--container-widget-width:100%}.e-con-inner>.elementor-widget-spacer,.e-con>.elementor-widget-spacer{width:var(--container-widget-width,var(--spacer-size));--align-self:var(--container-widget-align-self,initial);--flex-shrink:0}.e-con-inner>.elementor-widget-spacer>.elementor-widget-container,.e-con-inner>.elementor-widget-spacer>.elementor-widget-container>.elementor-spacer,.e-con>.elementor-widget-spacer>.elementor-widget-container,.e-con>.elementor-widget-spacer>.elementor-widget-container>.elementor-spacer{height:100%}.e-con-inner>.elementor-widget-spacer>.elementor-widget-container>.elementor-spacer>.elementor-spacer-inner,.e-con>.elementor-widget-spacer>.elementor-widget-container>.elementor-spacer>.elementor-spacer-inner{height:var(--container-widget-height,var(--spacer-size))}<\/style>\t\t<div class=\"elementor-spacer\">\n\t\t\t<div class=\"elementor-spacer-inner\"><\/div>\n\t\t<\/div>\n\t\t\t\t<\/div>\n\t\t\t\t<\/div>\n\t\t\t\t<div class=\"elementor-element elementor-element-18d49cf elementor-widget elementor-widget-heading\" data-id=\"18d49cf\" data-element_type=\"widget\" data-widget_type=\"heading.default\">\n\t\t\t\t<div class=\"elementor-widget-container\">\n\t\t\t<style>\/*! elementor - v3.15.0 - 20-08-2023 *\/\n.elementor-heading-title{padding:0;margin:0;line-height:1}.elementor-widget-heading .elementor-heading-title[class*=elementor-size-]>a{color:inherit;font-size:inherit;line-height:inherit}.elementor-widget-heading .elementor-heading-title.elementor-size-small{font-size:15px}.elementor-widget-heading .elementor-heading-title.elementor-size-medium{font-size:19px}.elementor-widget-heading .elementor-heading-title.elementor-size-large{font-size:29px}.elementor-widget-heading .elementor-heading-title.elementor-size-xl{font-size:39px}.elementor-widget-heading .elementor-heading-title.elementor-size-xxl{font-size:59px}<\/style><h2 class=\"elementor-heading-title elementor-size-default\">IHR BAUGESCH\u00c4FT IN NORDERSTEDT<\/h2>\t\t<\/div>\n\t\t\t\t<\/div>\n\t\t\t\t\t<\/div>\n\t\t<\/div>\n\t\t\t\t\t\t\t<\/div>\n\t\t<\/section>\n\t\t\t\t<section class=\"elementor-section elementor-top-section elementor-element elementor-element-231263c elementor-section-boxed elementor-section-height-default elementor-section-height-default\" data-id=\"231263c\" data-element_type=\"section\">\n\t\t\t\t\t\t<div class=\"elementor-container elementor-column-gap-default\">\n\t\t\t\t\t<div class=\"elementor-column elementor-col-100 elementor-top-column elementor-element elementor-element-6295403\" data-id=\"6295403\" data-element_type=\"column\">\n\t\t\t<div class=\"elementor-widget-wrap elementor-element-populated\">\n\t\t\t\t\t\t\t\t<div class=\"elementor-element elementor-element-3b90b65 elementor-widget elementor-widget-text-editor\" data-id=\"3b90b65\" data-element_type=\"widget\" data-widget_type=\"text-editor.default\">\n\t\t\t\t<div class=\"elementor-widget-container\">\n\t\t\t<style>\/*! elementor - v3.15.0 - 20-08-2023 *\/\n.elementor-widget-text-editor.elementor-drop-cap-view-stacked .elementor-drop-cap{background-color:#69727d;color:#fff}.elementor-widget-text-editor.elementor-drop-cap-view-framed .elementor-drop-cap{color:#69727d;border:3px solid;background-color:transparent}.elementor-widget-text-editor:not(.elementor-drop-cap-view-default) .elementor-drop-cap{margin-top:8px}.elementor-widget-text-editor:not(.elementor-drop-cap-view-default) .elementor-drop-cap-letter{width:1em;height:1em}.elementor-widget-text-editor .elementor-drop-cap{float:left;text-align:center;line-height:1;font-size:50px}.elementor-widget-text-editor .elementor-drop-cap-letter{display:inline-block}<\/style>\t\t\t\t<div id=\"text_highlighted\"><p>I<\/p><p>Geb\u00e4udeanpassungen in Ellerbek \u2013 Modernisierung f\u00fcr mehr Komfort und Nachhaltigkeit<\/p><p>Geb\u00e4udeanpassungen in Ellerbek gewinnen zunehmend an Bedeutung, um den Wohn- und Arbeitsraum den aktuellen Anforderungen an Komfort, Energieeffizienz und Barrierefreiheit anzupassen. Durch gezielte Modernisierungsma\u00dfnahmen tragen Eigent\u00fcmer und Unternehmen in Ellerbek dazu bei, den Wert ihrer Immobilien zu erhalten und gleichzeitig den Wohnstandard zu verbessern.<\/p><p>Ein wesentlicher Aspekt der Geb\u00e4udeanpassungen ist die energetische Sanierung. Durch den Austausch alter Fenster, die D\u00e4mmung von Fassaden und D\u00e4chern sowie die Modernisierung der Heizungsanlagen k\u00f6nnen Energieverbrauch und Heizkosten deutlich gesenkt werden. Das schont nicht nur die Umwelt, sondern sorgt auch f\u00fcr ein angenehmes Raumklima in den Geb\u00e4uden.<\/p><p>Dar\u00fcber hinaus stehen bei Geb\u00e4udeanpassungen in Ellerbek auch Ma\u00dfnahmen zur Barrierefreiheit im Fokus. Der Einbau von Aufz\u00fcgen, breiteren T\u00fcren oder barrierefreien B\u00e4dern erm\u00f6glicht es Menschen mit eingeschr\u00e4nkter Mobilit\u00e4t, selbstbestimmt und komfortabel zu wohnen oder zu arbeiten. Dies erh\u00f6ht die Lebensqualit\u00e4t und macht Immobilien f\u00fcr eine breitere Zielgruppe attraktiv.<\/p><p>Auch die Modernisierung der Haustechnik spielt eine wichtige Rolle. Smarte Steuerungssysteme f\u00fcr Licht, Heizung und Sicherheit erh\u00f6hen den Wohnkomfort und tragen zur Energieeinsparung bei. Zudem erm\u00f6glichen moderne Geb\u00e4udetechnologien eine bessere \u00dcberwachung und Wartung, was langfristig Kosten reduziert.<\/p><p>Geb\u00e4udeanpassungen in Ellerbek umfassen zudem die optische Aufwertung von Immobilien durch Renovierungen und Umgestaltungen. Frische Fassaden, moderne Innenr\u00e4ume und funktionale Grundrisse steigern die Attraktivit\u00e4t und den Wert der Geb\u00e4ude.<\/p><p>Insgesamt sind Geb\u00e4udeanpassungen in Ellerbek ein wichtiger Beitrag zur nachhaltigen Stadtentwicklung. Sie verbinden Komfort, Energieeffizienz und Barrierefreiheit und schaffen so zukunftsf\u00e4hige Wohn- und Arbeitsr\u00e4ume.<\/p><p>Nutzen Sie die Vorteile von Geb\u00e4udeanpassungen in Ellerbek und investieren Sie in die Zukunft Ihrer Immobilie.<\/p><\/div>\t\t\t\t\t\t<\/div>\n\t\t\t\t<\/div>\n\t\t\t\t\t<\/div>\n\t\t<\/div>\n\t\t\t\t\t\t\t<\/div>\n\t\t<\/section>\n\t\t\t\t\t\t\t<\/div>\n\t\t","protected":false},"excerpt":{"rendered":"<p>IHR BAUGESCH\u00c4FT IN NORDERSTEDT I Geb\u00e4udeanpassungen in Ellerbek \u2013 Modernisierung f\u00fcr mehr Komfort und Nachhaltigkeit Geb\u00e4udeanpassungen in Ellerbek gewinnen zunehmend an Bedeutung, um den Wohn- und Arbeitsraum den aktuellen Anforderungen an Komfort, Energieeffizienz und Barrierefreiheit anzupassen. Durch gezielte Modernisierungsma\u00dfnahmen tragen Eigent\u00fcmer und Unternehmen in Ellerbek dazu bei, den Wert ihrer Immobilien zu erhalten und gleichzeitig [&hellip;]<\/p>\n","protected":false},"author":1,"featured_media":0,"parent":0,"menu_order":0,"comment_status":"closed","ping_status":"closed","template":"elementor_canvas","meta":{"_seopress_robots_primary_cat":"","footnotes":""},"class_list":["post-780","page","type-page","status-publish","hentry"],"_links":{"self":[{"href":"https:\/\/hamburg-bauunternehmen.de\/index.php\/wp-json\/wp\/v2\/pages\/780","targetHints":{"allow":["GET"]}}],"collection":[{"href":"https:\/\/hamburg-bauunternehmen.de\/index.php\/wp-json\/wp\/v2\/pages"}],"about":[{"href":"https:\/\/hamburg-bauunternehmen.de\/index.php\/wp-json\/wp\/v2\/types\/page"}],"author":[{"embeddable":true,"href":"https:\/\/hamburg-bauunternehmen.de\/index.php\/wp-json\/wp\/v2\/users\/1"}],"replies":[{"embeddable":true,"href":"https:\/\/hamburg-bauunternehmen.de\/index.php\/wp-json\/wp\/v2\/comments?post=780"}],"version-history":[{"count":5,"href":"https:\/\/hamburg-bauunternehmen.de\/index.php\/wp-json\/wp\/v2\/pages\/780\/revisions"}],"predecessor-version":[{"id":785,"href":"https:\/\/hamburg-bauunternehmen.de\/index.php\/wp-json\/wp\/v2\/pages\/780\/revisions\/785"}],"wp:attachment":[{"href":"https:\/\/hamburg-bauunternehmen.de\/index.php\/wp-json\/wp\/v2\/media?parent=780"}],"curies":[{"name":"wp","href":"https:\/\/api.w.org\/{rel}","templated":true}]}}